{"id":8488,"date":"2024-07-15T19:42:17","date_gmt":"2024-07-15T17:42:17","guid":{"rendered":"https:\/\/cre.church.mt\/?page_id=8488"},"modified":"2024-07-15T20:20:00","modified_gmt":"2024-07-15T18:20:00","slug":"vidjos","status":"publish","type":"page","link":"https:\/\/cre.church.mt\/mt\/vidjos\/","title":{"rendered":"Vidjos"},"content":{"rendered":"\n<div class=\"wp-block-columns is-layout-flex wp-container-core-columns-is-layout-1 wp-block-columns-is-layout-flex\">\n<div class=\"wp-block-column is-layout-flow wp-block-column-is-layout-flow\">\n<p><\/p>\n\n\n\n<figure class=\"wp-block-embed is-type-video is-provider-vimeo wp-block-embed-vimeo\"><div class=\"wp-block-embed__wrapper\">\n<iframe title=\"Laqgha Arcisqof_Ghalliema Religjon_2024_Logo\" src=\"https:\/\/player.vimeo.com\/video\/975067903?dnt=1&amp;app_id=122963\" width=\"352\" height=\"288\" frameborder=\"0\" allow=\"autoplay; fullscreen; picture-in-picture; clipboard-write\"><\/iframe>\n<\/div><figcaption class=\"wp-element-caption\">Laqg\u0127a mal-Ar\u010bisqof Charles J Scicluna &#8211; 11 ta&#8217; \u0120unju 2024<\/figcaption><\/figure>\n<\/div>\n\n\n\n<div class=\"wp-block-column is-layout-flow wp-block-column-is-layout-flow\">\n<p>Ri\u017corsi u Formazzjoni<\/p>\n<\/div>\n<\/div>\n","protected":false},"excerpt":{"rendered":"<\/p>\n<p>      Laqg\u0127a mal-Ar\u010bisqof Charles J Scicluna &#8211; 11 ta&#8217; \u0120unju 2024      <\/p>\n<p>Ri\u017corsi u Formazzjoni<\/p>\n","protected":false},"author":3,"featured_media":0,"parent":0,"menu_order":0,"comment_status":"closed","ping_status":"closed","template":"","meta":{"footnotes":""},"class_list":["post-8488","page","type-page","status-publish","hentry"],"_links":{"self":[{"href":"https:\/\/cre.church.mt\/mt\/wp-json\/wp\/v2\/pages\/8488"}],"collection":[{"href":"https:\/\/cre.church.mt\/mt\/wp-json\/wp\/v2\/pages"}],"about":[{"href":"https:\/\/cre.church.mt\/mt\/wp-json\/wp\/v2\/types\/page"}],"author":[{"embeddable":true,"href":"https:\/\/cre.church.mt\/mt\/wp-json\/wp\/v2\/users\/3"}],"replies":[{"embeddable":true,"href":"https:\/\/cre.church.mt\/mt\/wp-json\/wp\/v2\/comments?post=8488"}],"version-history":[{"count":2,"href":"https:\/\/cre.church.mt\/mt\/wp-json\/wp\/v2\/pages\/8488\/revisions"}],"predecessor-version":[{"id":8515,"href":"https:\/\/cre.church.mt\/mt\/wp-json\/wp\/v2\/pages\/8488\/revisions\/8515"}],"wp:attachment":[{"href":"https:\/\/cre.church.mt\/mt\/wp-json\/wp\/v2\/media?parent=8488"}],"curies":[{"name":"wp","href":"https:\/\/api.w.org\/{rel}","templated":true}]}}