{"id":7333,"date":"2023-04-16T17:12:36","date_gmt":"2023-04-16T15:12:36","guid":{"rendered":"https:\/\/cre.church.mt\/?page_id=7333"},"modified":"2023-04-16T17:14:45","modified_gmt":"2023-04-16T15:14:45","slug":"il-5-sena-kapitlu-8-il-komunita-taghna","status":"publish","type":"page","link":"https:\/\/cre.church.mt\/mt\/resources\/il-5-sena-naghraf-min-jien-permezz-tal-ohrajn\/il-5-sena-kapitlu-8-il-komunita-taghna\/","title":{"rendered":"Il-5 Sena Kapitlu 8 &#8211; Il-komunit\u00e0 tag\u0127na"},"content":{"rendered":"\n<h3 class=\"wp-block-heading\">Lezzjoni 2<\/h3>\n\n\n\n<div class=\"wp-block-columns is-layout-flex wp-container-core-columns-is-layout-1 wp-block-columns-is-layout-flex\">\n<div class=\"wp-block-column is-layout-flow wp-block-column-is-layout-flow\">\n<div data-wp-interactive=\"core\/file\" class=\"wp-block-file\"><object data-wp-bind--hidden=\"!state.hasPdfPreview\"  class=\"wp-block-file__embed\" data=\"https:\/\/cre.church.mt\/wp-content\/uploads\/Emergent_Curriculum\/Year_5\/Unit_8\/Year-5-8.2-Il-Pjan-tal-lezzjoni.pdf\" type=\"application\/pdf\" style=\"width:100%;height:200px\" aria-label=\"Embed of Pjan tal-lezzjoni.\"><\/object><a id=\"wp-block-file--media-906b8f54-922c-4907-bd01-854a6c9e963d\" href=\"https:\/\/cre.church.mt\/wp-content\/uploads\/Emergent_Curriculum\/Year_5\/Unit_8\/Year-5-8.2-Il-Pjan-tal-lezzjoni.pdf\">Pjan tal-lezzjoni<\/a><a href=\"https:\/\/cre.church.mt\/wp-content\/uploads\/Emergent_Curriculum\/Year_5\/Unit_8\/Year-5-8.2-Il-Pjan-tal-lezzjoni.pdf\" class=\"wp-block-file__button wp-element-button\" download aria-describedby=\"wp-block-file--media-906b8f54-922c-4907-bd01-854a6c9e963d\">Download<\/a><\/div>\n<\/div>\n\n\n\n<div class=\"wp-block-column is-layout-flow wp-block-column-is-layout-flow\">\n<div class=\"wp-block-file\"><a id=\"wp-block-file--media-1d6bdca2-8897-4f85-8b04-1e555551e568\" href=\"https:\/\/cre.church.mt\/wp-content\/uploads\/Emergent_Curriculum\/Year_5\/Unit_8\/Year-5-8.2-PPT.pptx\">PowerPoint<\/a><a href=\"https:\/\/cre.church.mt\/wp-content\/uploads\/Emergent_Curriculum\/Year_5\/Unit_8\/Year-5-8.2-PPT.pptx\" class=\"wp-block-file__button wp-element-button\" download aria-describedby=\"wp-block-file--media-1d6bdca2-8897-4f85-8b04-1e555551e568\">Download<\/a><\/div>\n<\/div>\n<\/div>\n\n\n\n<h3 class=\"wp-block-heading\">Lezzjoni 3<\/h3>\n\n\n\n<div class=\"wp-block-columns is-layout-flex wp-container-core-columns-is-layout-2 wp-block-columns-is-layout-flex\">\n<div class=\"wp-block-column is-layout-flow wp-block-column-is-layout-flow\">\n<div data-wp-interactive=\"core\/file\" class=\"wp-block-file\"><object data-wp-bind--hidden=\"!state.hasPdfPreview\"  class=\"wp-block-file__embed\" data=\"https:\/\/cre.church.mt\/wp-content\/uploads\/Emergent_Curriculum\/Year_5\/Unit_8\/Lesson_3\/Year-5-8.3-Il-Pjan-tal-lezzjoni.pdf\" type=\"application\/pdf\" style=\"width:100%;height:200px\" aria-label=\"Embed of Pjan tal-lezzjoni.\"><\/object><a id=\"wp-block-file--media-603bf2aa-607f-429b-8197-b0e7691c5860\" href=\"https:\/\/cre.church.mt\/wp-content\/uploads\/Emergent_Curriculum\/Year_5\/Unit_8\/Lesson_3\/Year-5-8.3-Il-Pjan-tal-lezzjoni.pdf\">Pjan tal-lezzjoni<\/a><a href=\"https:\/\/cre.church.mt\/wp-content\/uploads\/Emergent_Curriculum\/Year_5\/Unit_8\/Lesson_3\/Year-5-8.3-Il-Pjan-tal-lezzjoni.pdf\" class=\"wp-block-file__button wp-element-button\" download aria-describedby=\"wp-block-file--media-603bf2aa-607f-429b-8197-b0e7691c5860\">Download<\/a><\/div>\n<\/div>\n\n\n\n<div class=\"wp-block-column is-layout-flow wp-block-column-is-layout-flow\"><\/div>\n<\/div>\n\n\n\n<h3 class=\"wp-block-heading\">Lezzjoni 4<\/h3>\n\n\n\n<div class=\"wp-block-columns is-layout-flex wp-container-core-columns-is-layout-3 wp-block-columns-is-layout-flex\">\n<div class=\"wp-block-column is-layout-flow wp-block-column-is-layout-flow\">\n<div class=\"wp-block-file\"><a id=\"wp-block-file--media-843efd6a-844a-486b-bf52-3c2237b629aa\" href=\"https:\/\/cre.church.mt\/wp-content\/uploads\/Emergent_Curriculum\/Year_5\/Unit_8\/Lesson_4\/Year-5-8.4-Stampa-ta_-Pentekoste.pptx\">Stampa ta&#8217; Pentekoste &#8211; PowerPoint<\/a><a href=\"https:\/\/cre.church.mt\/wp-content\/uploads\/Emergent_Curriculum\/Year_5\/Unit_8\/Lesson_4\/Year-5-8.4-Stampa-ta_-Pentekoste.pptx\" class=\"wp-block-file__button wp-element-button\" download aria-describedby=\"wp-block-file--media-843efd6a-844a-486b-bf52-3c2237b629aa\">Download<\/a><\/div>\n<\/div>\n\n\n\n<div class=\"wp-block-column is-layout-flow wp-block-column-is-layout-flow\">\n<figure class=\"wp-block-embed is-type-video is-provider-youtube wp-block-embed-youtube wp-embed-aspect-16-9 wp-has-aspect-ratio\"><div class=\"wp-block-embed__wrapper\">\n<iframe title=\"Welcome Holy Spirit with lyrics\" width=\"800\" height=\"450\" src=\"https:\/\/www.youtube.com\/embed\/WPyqkFWqwTE?feature=oembed\" frameborder=\"0\" allow=\"accelerometer; autoplay; clipboard-write; encrypted-media; gyroscope; picture-in-picture; web-share\" allowfullscreen><\/iframe>\n<\/div><figcaption class=\"wp-element-caption\">Welcome Holy Spirit<\/figcaption><\/figure>\n<\/div>\n<\/div>\n\n\n\n<h3 class=\"wp-block-heading\">Lezzjoni 6<\/h3>\n\n\n\n<div class=\"wp-block-columns is-layout-flex wp-container-core-columns-is-layout-4 wp-block-columns-is-layout-flex\">\n<div class=\"wp-block-column is-layout-flow wp-block-column-is-layout-flow\">\n<div class=\"wp-block-file\"><a id=\"wp-block-file--media-7290a330-4abe-495e-936c-c15e4dc2a810\" href=\"https:\/\/cre.church.mt\/wp-content\/uploads\/Emergent_Curriculum\/Year_5\/Unit_8\/Lesson_6\/Year-5-8.6-Stampi-tal-Madonna.pptx\">Stampi ta&#8217; Marija &#8211; PowerPoint<\/a><a href=\"https:\/\/cre.church.mt\/wp-content\/uploads\/Emergent_Curriculum\/Year_5\/Unit_8\/Lesson_6\/Year-5-8.6-Stampi-tal-Madonna.pptx\" class=\"wp-block-file__button wp-element-button\" download aria-describedby=\"wp-block-file--media-7290a330-4abe-495e-936c-c15e4dc2a810\">Download<\/a><\/div>\n<\/div>\n\n\n\n<div class=\"wp-block-column is-layout-flow wp-block-column-is-layout-flow\"><\/div>\n<\/div>\n\n\n\n<h3 class=\"wp-block-heading\">Lezzjoni 8<\/h3>\n\n\n\n<div class=\"wp-block-columns is-layout-flex wp-container-core-columns-is-layout-5 wp-block-columns-is-layout-flex\">\n<div class=\"wp-block-column is-layout-flow wp-block-column-is-layout-flow\">\n<div data-wp-interactive=\"core\/file\" class=\"wp-block-file\"><object data-wp-bind--hidden=\"!state.hasPdfPreview\"  class=\"wp-block-file__embed\" data=\"https:\/\/cre.church.mt\/wp-content\/uploads\/Emergent_Curriculum\/Year_5\/Unit_8\/Lesson_8\/Year-5-8.8-Zewg-stejjer-fittizji.pdf\" type=\"application\/pdf\" style=\"width:100%;height:200px\" aria-label=\"Embed of \u017bew\u0121 stejjer fittizji.\"><\/object><a id=\"wp-block-file--media-3800606b-cbbe-4cba-be39-970eac91e969\" href=\"https:\/\/cre.church.mt\/wp-content\/uploads\/Emergent_Curriculum\/Year_5\/Unit_8\/Lesson_8\/Year-5-8.8-Zewg-stejjer-fittizji.pdf\">\u017bew\u0121 stejjer fittizji<\/a><a href=\"https:\/\/cre.church.mt\/wp-content\/uploads\/Emergent_Curriculum\/Year_5\/Unit_8\/Lesson_8\/Year-5-8.8-Zewg-stejjer-fittizji.pdf\" class=\"wp-block-file__button wp-element-button\" download aria-describedby=\"wp-block-file--media-3800606b-cbbe-4cba-be39-970eac91e969\">Download<\/a><\/div>\n<\/div>\n\n\n\n<div class=\"wp-block-column is-layout-flow wp-block-column-is-layout-flow\">\n<p><a rel=\"noreferrer noopener\" href=\"http:\/\/vimeo.com\/20592717\" target=\"_blank\">Storja mill-\u0127ajja ta&#8217; San \u0120or\u0121 Preca<\/a><\/p>\n\n\n\n<p><\/p>\n<\/div>\n<\/div>\n","protected":false},"excerpt":{"rendered":"<p>Lezzjoni 2      <a id=\"wp-block-file--media-906b8f54-922c-4907-bd01-854a6c9e963d\" href=\"https:\/\/cre.church.mt\/wp-content\/uploads\/Emergent_Curriculum\/Year_5\/Unit_8\/Year-5-8.2-Il-Pjan-tal-lezzjoni.pdf\">Pjan tal-lezzjoni<\/a><a href=\"https:\/\/cre.church.mt\/wp-content\/uploads\/Emergent_Curriculum\/Year_5\/Unit_8\/Year-5-8.2-Il-Pjan-tal-lezzjoni.pdf\" class=\"wp-block-file__button wp-element-button\" download aria-describedby=\"wp-block-file--media-906b8f54-922c-4907-bd01-854a6c9e963d\">Download<\/a>      <a id=\"wp-block-file--media-1d6bdca2-8897-4f85-8b04-1e555551e568\" href=\"https:\/\/cre.church.mt\/wp-content\/uploads\/Emergent_Curriculum\/Year_5\/Unit_8\/Year-5-8.2-PPT.pptx\">PowerPoint<\/a><a href=\"https:\/\/cre.church.mt\/wp-content\/uploads\/Emergent_Curriculum\/Year_5\/Unit_8\/Year-5-8.2-PPT.pptx\" class=\"wp-block-file__button wp-element-button\" download aria-describedby=\"wp-block-file--media-1d6bdca2-8897-4f85-8b04-1e555551e568\">Download<\/a>      Lezzjoni 3      <a id=\"wp-block-file--media-603bf2aa-607f-429b-8197-b0e7691c5860\" href=\"https:\/\/cre.church.mt\/wp-content\/uploads\/Emergent_Curriculum\/Year_5\/Unit_8\/Lesson_3\/Year-5-8.3-Il-Pjan-tal-lezzjoni.pdf\">Pjan tal-lezzjoni<\/a><a href=\"https:\/\/cre.church.mt\/wp-content\/uploads\/Emergent_Curriculum\/Year_5\/Unit_8\/Lesson_3\/Year-5-8.3-Il-Pjan-tal-lezzjoni.pdf\" class=\"wp-block-file__button wp-element-button\" download aria-describedby=\"wp-block-file--media-603bf2aa-607f-429b-8197-b0e7691c5860\">Download<\/a>          Lezzjoni 4      <a id=\"wp-block-file--media-843efd6a-844a-486b-bf52-3c2237b629aa\" href=\"https:\/\/cre.church.mt\/wp-content\/uploads\/Emergent_Curriculum\/Year_5\/Unit_8\/Lesson_4\/Year-5-8.4-Stampa-ta_-Pentekoste.pptx\">Stampa ta&#8217; Pentekoste &#8211; PowerPoint<\/a><a href=\"https:\/\/cre.church.mt\/wp-content\/uploads\/Emergent_Curriculum\/Year_5\/Unit_8\/Lesson_4\/Year-5-8.4-Stampa-ta_-Pentekoste.pptx\" class=\"wp-block-file__button wp-element-button\" download aria-describedby=\"wp-block-file--media-843efd6a-844a-486b-bf52-3c2237b629aa\">Download<\/a>        Welcome Holy Spirit      Lezzjoni 6      <a id=\"wp-block-file--media-7290a330-4abe-495e-936c-c15e4dc2a810\" href=\"https:\/\/cre.church.mt\/wp-content\/uploads\/Emergent_Curriculum\/Year_5\/Unit_8\/Lesson_6\/Year-5-8.6-Stampi-tal-Madonna.pptx\">Stampi ta&#8217; Marija &#8211; PowerPoint<\/a><a href=\"https:\/\/cre.church.mt\/wp-content\/uploads\/Emergent_Curriculum\/Year_5\/Unit_8\/Lesson_6\/Year-5-8.6-Stampi-tal-Madonna.pptx\" class=\"wp-block-file__button wp-element-button\" download aria-describedby=\"wp-block-file--media-7290a330-4abe-495e-936c-c15e4dc2a810\">Download<\/a>          Lezzjoni 8      <a id=\"wp-block-file--media-3800606b-cbbe-4cba-be39-970eac91e969\" href=\"https:\/\/cre.church.mt\/wp-content\/uploads\/Emergent_Curriculum\/Year_5\/Unit_8\/Lesson_8\/Year-5-8.8-Zewg-stejjer-fittizji.pdf\">\u017bew\u0121 stejjer fittizji<\/a><a href=\"https:\/\/cre.church.mt\/wp-content\/uploads\/Emergent_Curriculum\/Year_5\/Unit_8\/Lesson_8\/Year-5-8.8-Zewg-stejjer-fittizji.pdf\" class=\"wp-block-file__button wp-element-button\" download aria-describedby=\"wp-block-file--media-3800606b-cbbe-4cba-be39-970eac91e969\">Download<\/a>      <\/p>\n<p><a rel=\"noreferrer noopener\" href=\"http:\/\/vimeo.com\/20592717\" target=\"_blank\">Storja mill-\u0127ajja ta&#8217; San \u0120or\u0121 Preca<\/a><\/p><\/p>\n","protected":false},"author":3,"featured_media":0,"parent":7292,"menu_order":8,"comment_status":"closed","ping_status":"closed","template":"","meta":{"footnotes":""},"class_list":["post-7333","page","type-page","status-publish","hentry"],"_links":{"self":[{"href":"https:\/\/cre.church.mt\/mt\/wp-json\/wp\/v2\/pages\/7333"}],"collection":[{"href":"https:\/\/cre.church.mt\/mt\/wp-json\/wp\/v2\/pages"}],"about":[{"href":"https:\/\/cre.church.mt\/mt\/wp-json\/wp\/v2\/types\/page"}],"author":[{"embeddable":true,"href":"https:\/\/cre.church.mt\/mt\/wp-json\/wp\/v2\/users\/3"}],"replies":[{"embeddable":true,"href":"https:\/\/cre.church.mt\/mt\/wp-json\/wp\/v2\/comments?post=7333"}],"version-history":[{"count":2,"href":"https:\/\/cre.church.mt\/mt\/wp-json\/wp\/v2\/pages\/7333\/revisions"}],"predecessor-version":[{"id":7336,"href":"https:\/\/cre.church.mt\/mt\/wp-json\/wp\/v2\/pages\/7333\/revisions\/7336"}],"up":[{"embeddable":true,"href":"https:\/\/cre.church.mt\/mt\/wp-json\/wp\/v2\/pages\/7292"}],"wp:attachment":[{"href":"https:\/\/cre.church.mt\/mt\/wp-json\/wp\/v2\/media?parent=7333"}],"curies":[{"name":"wp","href":"https:\/\/api.w.org\/{rel}","templated":true}]}}