{"id":5986,"date":"2022-10-01T19:35:44","date_gmt":"2022-10-01T17:35:44","guid":{"rendered":"https:\/\/cre.church.mt\/?page_id=5986"},"modified":"2022-10-01T19:38:32","modified_gmt":"2022-10-01T17:38:32","slug":"year-4-unit-9-my-big-family","status":"publish","type":"page","link":"https:\/\/cre.church.mt\/mt\/resources\/ir-4-sena-biex-naslu-flimkien\/year-4-unit-9-my-big-family\/","title":{"rendered":"Ir-4 Sena Kapitlu 9 &#8211; Il-familja kbira tieg\u0127i"},"content":{"rendered":"\n<h3 class=\"wp-block-heading\">Lezzjoni 1<\/h3>\n\n\n\n<div class=\"wp-block-columns is-layout-flex wp-container-core-columns-is-layout-1 wp-block-columns-is-layout-flex\">\n<div class=\"wp-block-column is-layout-flow wp-block-column-is-layout-flow\">\n<div data-wp-interactive=\"core\/file\" class=\"wp-block-file\"><object data-wp-bind--hidden=\"!state.hasPdfPreview\"  class=\"wp-block-file__embed\" data=\"https:\/\/cre.church.mt\/wp-content\/uploads\/Emergent_Curriculum\/Year_4\/Unit_9\/Year-4-9.1-Il-Pjan-tal-Lezzjoni.pdf\" type=\"application\/pdf\" style=\"width:100%;height:200px\" aria-label=\"Embed of Embed of Il-pjan tal-lezzjoni..\"><\/object><a href=\"https:\/\/cre.church.mt\/wp-content\/uploads\/Emergent_Curriculum\/Year_4\/Unit_9\/Year-4-9.1-Il-Pjan-tal-Lezzjoni.pdf\">Il-pjan tal-lezzjoni<\/a><a href=\"https:\/\/cre.church.mt\/wp-content\/uploads\/Emergent_Curriculum\/Year_4\/Unit_9\/Year-4-9.1-Il-Pjan-tal-Lezzjoni.pdf\" class=\"wp-block-file__button\" download>Download<\/a><\/div>\n<\/div>\n\n\n\n<div class=\"wp-block-column is-layout-flow wp-block-column-is-layout-flow\">\n<div class=\"wp-block-file\"><a href=\"https:\/\/cre.church.mt\/wp-content\/uploads\/Emergent_Curriculum\/Year_4\/Unit_9\/Year-4-9.1-PPt-Stampi-ta_-familji.pptx\">Ritratti ta&#8217; familja &#8211; PowerPoint<\/a><a href=\"https:\/\/cre.church.mt\/wp-content\/uploads\/Emergent_Curriculum\/Year_4\/Unit_9\/Year-4-9.1-PPt-Stampi-ta_-familji.pptx\" class=\"wp-block-file__button\" download>Download<\/a><\/div>\n<\/div>\n<\/div>\n\n\n\n<h3 class=\"wp-block-heading\">Lezzjoni 2<\/h3>\n\n\n\n<div class=\"wp-block-columns is-layout-flex wp-container-core-columns-is-layout-2 wp-block-columns-is-layout-flex\">\n<div class=\"wp-block-column is-layout-flow wp-block-column-is-layout-flow\">\n<div data-wp-interactive=\"core\/file\" class=\"wp-block-file\"><object data-wp-bind--hidden=\"!state.hasPdfPreview\"  class=\"wp-block-file__embed\" data=\"https:\/\/cre.church.mt\/wp-content\/uploads\/Emergent_Curriculum\/Year_4\/Unit_9\/Lesson_2\/Year-4-9.2-Il-Pjan-tal-Lezzjoni.pdf\" type=\"application\/pdf\" style=\"width:100%;height:200px\" aria-label=\"Embed of Embed of Il-pjan tal-lezzjoni..\"><\/object><a href=\"https:\/\/cre.church.mt\/wp-content\/uploads\/Emergent_Curriculum\/Year_4\/Unit_9\/Lesson_2\/Year-4-9.2-Il-Pjan-tal-Lezzjoni.pdf\">Il-pjan tal-lezzjoni<\/a><a href=\"https:\/\/cre.church.mt\/wp-content\/uploads\/Emergent_Curriculum\/Year_4\/Unit_9\/Lesson_2\/Year-4-9.2-Il-Pjan-tal-Lezzjoni.pdf\" class=\"wp-block-file__button\" download>Download<\/a><\/div>\n\n\n\n<figure class=\"wp-block-embed is-type-video is-provider-youtube wp-block-embed-youtube wp-embed-aspect-4-3 wp-has-aspect-ratio\"><div class=\"wp-block-embed__wrapper\">\n<iframe title=\"children songs - Helping Hands\" width=\"800\" height=\"600\" src=\"https:\/\/www.youtube.com\/embed\/PNqpmyoF3-E?feature=oembed\" frameborder=\"0\" allow=\"accelerometer; autoplay; clipboard-write; encrypted-media; gyroscope; picture-in-picture\" allowfullscreen><\/iframe>\n<\/div><figcaption>Helping hands<\/figcaption><\/figure>\n<\/div>\n\n\n\n<div class=\"wp-block-column is-layout-flow wp-block-column-is-layout-flow\">\n<div data-wp-interactive=\"core\/file\" class=\"wp-block-file\"><object data-wp-bind--hidden=\"!state.hasPdfPreview\"  class=\"wp-block-file__embed\" data=\"https:\/\/cre.church.mt\/wp-content\/uploads\/Emergent_Curriculum\/Year_4\/Unit_9\/Lesson_2\/Year-4-9.2-Template-ta_-par-idejn.pdf\" type=\"application\/pdf\" style=\"width:100%;height:200px\" aria-label=\"Embed of Embed of Par idejn - Template..\"><\/object><a href=\"https:\/\/cre.church.mt\/wp-content\/uploads\/Emergent_Curriculum\/Year_4\/Unit_9\/Lesson_2\/Year-4-9.2-Template-ta_-par-idejn.pdf\">Par idejn &#8211; Template<\/a><a href=\"https:\/\/cre.church.mt\/wp-content\/uploads\/Emergent_Curriculum\/Year_4\/Unit_9\/Lesson_2\/Year-4-9.2-Template-ta_-par-idejn.pdf\" class=\"wp-block-file__button\" download>Download<\/a><\/div>\n<\/div>\n<\/div>\n\n\n\n<h3 class=\"wp-block-heading\">Lezzjoni 4<\/h3>\n\n\n\n<div class=\"wp-block-columns is-layout-flex wp-container-core-columns-is-layout-3 wp-block-columns-is-layout-flex\">\n<div class=\"wp-block-column is-layout-flow wp-block-column-is-layout-flow\">\n<p><a rel=\"noreferrer noopener\" href=\"http:\/\/prezi.com\/qixfxdufvqtp\/organizzazzjonijiet-maltin-li-jadmu-ma-nies-fil-bzonn\/\" target=\"_blank\">Organi\u017c\u017cazzjonijiet Maltin li jg\u0127inu lin-nies fil-b\u017conn<\/a><\/p>\n<\/div>\n\n\n\n<div class=\"wp-block-column is-layout-flow wp-block-column-is-layout-flow\"><\/div>\n<\/div>\n\n\n\n<h3 class=\"wp-block-heading\">Lezzjoni 5<\/h3>\n\n\n\n<div class=\"wp-block-columns is-layout-flex wp-container-core-columns-is-layout-4 wp-block-columns-is-layout-flex\">\n<div class=\"wp-block-column is-layout-flow wp-block-column-is-layout-flow\">\n<div data-wp-interactive=\"core\/file\" class=\"wp-block-file\"><object data-wp-bind--hidden=\"!state.hasPdfPreview\"  class=\"wp-block-file__embed\" data=\"https:\/\/cre.church.mt\/wp-content\/uploads\/Emergent_Curriculum\/Year_4\/Unit_9\/Lesson_5\/Year-4-9.5-Il-Pjan-tal-Lezzjoni.pdf\" type=\"application\/pdf\" style=\"width:100%;height:200px\" aria-label=\"Embed of Embed of Il-pjan tal-lezzjoni..\"><\/object><a href=\"https:\/\/cre.church.mt\/wp-content\/uploads\/Emergent_Curriculum\/Year_4\/Unit_9\/Lesson_5\/Year-4-9.5-Il-Pjan-tal-Lezzjoni.pdf\">Il-pjan tal-lezzjoni<\/a><a href=\"https:\/\/cre.church.mt\/wp-content\/uploads\/Emergent_Curriculum\/Year_4\/Unit_9\/Lesson_5\/Year-4-9.5-Il-Pjan-tal-Lezzjoni.pdf\" class=\"wp-block-file__button\" download>Download<\/a><\/div>\n<\/div>\n\n\n\n<div class=\"wp-block-column is-layout-flow wp-block-column-is-layout-flow\"><\/div>\n<\/div>\n\n\n\n<h3 class=\"wp-block-heading\">Lezzjoni 6<\/h3>\n\n\n\n<div class=\"wp-block-columns is-layout-flex wp-container-core-columns-is-layout-5 wp-block-columns-is-layout-flex\">\n<div class=\"wp-block-column is-layout-flow wp-block-column-is-layout-flow\">\n<div data-wp-interactive=\"core\/file\" class=\"wp-block-file\"><object data-wp-bind--hidden=\"!state.hasPdfPreview\"  class=\"wp-block-file__embed\" data=\"https:\/\/cre.church.mt\/wp-content\/uploads\/Emergent_Curriculum\/Year_4\/Unit_9\/Lesson_6\/Year-4-9.6-Il-Pjan-tal-Lezzjoni.pdf\" type=\"application\/pdf\" style=\"width:100%;height:200px\" aria-label=\"Embed of Embed of Il-pjan tal-lezzjoni..\"><\/object><a href=\"https:\/\/cre.church.mt\/wp-content\/uploads\/Emergent_Curriculum\/Year_4\/Unit_9\/Lesson_6\/Year-4-9.6-Il-Pjan-tal-Lezzjoni.pdf\">Il-pjan tal-lezzjoni<\/a><a href=\"https:\/\/cre.church.mt\/wp-content\/uploads\/Emergent_Curriculum\/Year_4\/Unit_9\/Lesson_6\/Year-4-9.6-Il-Pjan-tal-Lezzjoni.pdf\" class=\"wp-block-file__button\" download>Download<\/a><\/div>\n<\/div>\n\n\n\n<div class=\"wp-block-column is-layout-flow wp-block-column-is-layout-flow\"><\/div>\n<\/div>\n\n\n\n<h3 class=\"wp-block-heading\">Lezzjoni 7<\/h3>\n\n\n\n<div class=\"wp-block-columns is-layout-flex wp-container-core-columns-is-layout-6 wp-block-columns-is-layout-flex\">\n<div class=\"wp-block-column is-layout-flow wp-block-column-is-layout-flow\">\n<div data-wp-interactive=\"core\/file\" class=\"wp-block-file\"><object data-wp-bind--hidden=\"!state.hasPdfPreview\"  class=\"wp-block-file__embed\" data=\"https:\/\/cre.church.mt\/wp-content\/uploads\/Emergent_Curriculum\/Year_4\/Unit_9\/Lesson_7\/Year-4-9.7-Il-Pjan-tal-Lezzjoni.pdf\" type=\"application\/pdf\" style=\"width:100%;height:200px\" aria-label=\"Embed of Embed of Il-pjan tal-lezzjoni..\"><\/object><a href=\"https:\/\/cre.church.mt\/wp-content\/uploads\/Emergent_Curriculum\/Year_4\/Unit_9\/Lesson_7\/Year-4-9.7-Il-Pjan-tal-Lezzjoni.pdf\">Il-pjan tal-lezzjoni<\/a><a href=\"https:\/\/cre.church.mt\/wp-content\/uploads\/Emergent_Curriculum\/Year_4\/Unit_9\/Lesson_7\/Year-4-9.7-Il-Pjan-tal-Lezzjoni.pdf\" class=\"wp-block-file__button\" download>Download<\/a><\/div>\n<\/div>\n\n\n\n<div class=\"wp-block-column is-layout-flow wp-block-column-is-layout-flow\"><\/div>\n<\/div>\n","protected":false},"excerpt":{"rendered":"<p>Lezzjoni 1      <a href=\"https:\/\/cre.church.mt\/wp-content\/uploads\/Emergent_Curriculum\/Year_4\/Unit_9\/Year-4-9.1-Il-Pjan-tal-Lezzjoni.pdf\">Il-pjan tal-lezzjoni<\/a><a href=\"https:\/\/cre.church.mt\/wp-content\/uploads\/Emergent_Curriculum\/Year_4\/Unit_9\/Year-4-9.1-Il-Pjan-tal-Lezzjoni.pdf\" class=\"wp-block-file__button\" download>Download<\/a>      <a href=\"https:\/\/cre.church.mt\/wp-content\/uploads\/Emergent_Curriculum\/Year_4\/Unit_9\/Year-4-9.1-PPt-Stampi-ta_-familji.pptx\">Ritratti ta&#8217; familja &#8211; PowerPoint<\/a><a href=\"https:\/\/cre.church.mt\/wp-content\/uploads\/Emergent_Curriculum\/Year_4\/Unit_9\/Year-4-9.1-PPt-Stampi-ta_-familji.pptx\" class=\"wp-block-file__button\" download>Download<\/a>      Lezzjoni 2      <a href=\"https:\/\/cre.church.mt\/wp-content\/uploads\/Emergent_Curriculum\/Year_4\/Unit_9\/Lesson_2\/Year-4-9.2-Il-Pjan-tal-Lezzjoni.pdf\">Il-pjan tal-lezzjoni<\/a><a href=\"https:\/\/cre.church.mt\/wp-content\/uploads\/Emergent_Curriculum\/Year_4\/Unit_9\/Lesson_2\/Year-4-9.2-Il-Pjan-tal-Lezzjoni.pdf\" class=\"wp-block-file__button\" download>Download<\/a>      Helping hands      <a href=\"https:\/\/cre.church.mt\/wp-content\/uploads\/Emergent_Curriculum\/Year_4\/Unit_9\/Lesson_2\/Year-4-9.2-Template-ta_-par-idejn.pdf\">Par idejn &#8211; Template<\/a><a href=\"https:\/\/cre.church.mt\/wp-content\/uploads\/Emergent_Curriculum\/Year_4\/Unit_9\/Lesson_2\/Year-4-9.2-Template-ta_-par-idejn.pdf\" class=\"wp-block-file__button\" download>Download<\/a>      Lezzjoni 4      <\/p>\n<p><a rel=\"noreferrer noopener\" href=\"http:\/\/prezi.com\/qixfxdufvqtp\/organizzazzjonijiet-maltin-li-jadmu-ma-nies-fil-bzonn\/\" target=\"_blank\">Organi\u017c\u017cazzjonijiet Maltin li jg\u0127inu lin-nies fil-b\u017conn<\/a><\/p>\n<p>          Lezzjoni 5      <a href=\"https:\/\/cre.church.mt\/wp-content\/uploads\/Emergent_Curriculum\/Year_4\/Unit_9\/Lesson_5\/Year-4-9.5-Il-Pjan-tal-Lezzjoni.pdf\">Il-pjan tal-lezzjoni<\/a><a href=\"https:\/\/cre.church.mt\/wp-content\/uploads\/Emergent_Curriculum\/Year_4\/Unit_9\/Lesson_5\/Year-4-9.5-Il-Pjan-tal-Lezzjoni.pdf\" class=\"wp-block-file__button\" download>Download<\/a>          Lezzjoni 6      <a href=\"https:\/\/cre.church.mt\/wp-content\/uploads\/Emergent_Curriculum\/Year_4\/Unit_9\/Lesson_6\/Year-4-9.6-Il-Pjan-tal-Lezzjoni.pdf\">Il-pjan tal-lezzjoni<\/a><a href=\"https:\/\/cre.church.mt\/wp-content\/uploads\/Emergent_Curriculum\/Year_4\/Unit_9\/Lesson_6\/Year-4-9.6-Il-Pjan-tal-Lezzjoni.pdf\" class=\"wp-block-file__button\" download>Download<\/a>          Lezzjoni 7      <a href=\"https:\/\/cre.church.mt\/wp-content\/uploads\/Emergent_Curriculum\/Year_4\/Unit_9\/Lesson_7\/Year-4-9.7-Il-Pjan-tal-Lezzjoni.pdf\">Il-pjan tal-lezzjoni<\/a><a href=\"https:\/\/cre.church.mt\/wp-content\/uploads\/Emergent_Curriculum\/Year_4\/Unit_9\/Lesson_7\/Year-4-9.7-Il-Pjan-tal-Lezzjoni.pdf\" class=\"wp-block-file__button\" download>Download<\/a><\/p>\n","protected":false},"author":3,"featured_media":0,"parent":5953,"menu_order":9,"comment_status":"closed","ping_status":"closed","template":"","meta":{"footnotes":""},"class_list":["post-5986","page","type-page","status-publish","hentry"],"_links":{"self":[{"href":"https:\/\/cre.church.mt\/mt\/wp-json\/wp\/v2\/pages\/5986"}],"collection":[{"href":"https:\/\/cre.church.mt\/mt\/wp-json\/wp\/v2\/pages"}],"about":[{"href":"https:\/\/cre.church.mt\/mt\/wp-json\/wp\/v2\/types\/page"}],"author":[{"embeddable":true,"href":"https:\/\/cre.church.mt\/mt\/wp-json\/wp\/v2\/users\/3"}],"replies":[{"embeddable":true,"href":"https:\/\/cre.church.mt\/mt\/wp-json\/wp\/v2\/comments?post=5986"}],"version-history":[{"count":2,"href":"https:\/\/cre.church.mt\/mt\/wp-json\/wp\/v2\/pages\/5986\/revisions"}],"predecessor-version":[{"id":5989,"href":"https:\/\/cre.church.mt\/mt\/wp-json\/wp\/v2\/pages\/5986\/revisions\/5989"}],"up":[{"embeddable":true,"href":"https:\/\/cre.church.mt\/mt\/wp-json\/wp\/v2\/pages\/5953"}],"wp:attachment":[{"href":"https:\/\/cre.church.mt\/mt\/wp-json\/wp\/v2\/media?parent=5986"}],"curies":[{"name":"wp","href":"https:\/\/api.w.org\/{rel}","templated":true}]}}