{"id":5980,"date":"2022-10-01T19:32:36","date_gmt":"2022-10-01T17:32:36","guid":{"rendered":"https:\/\/cre.church.mt\/?page_id=5980"},"modified":"2022-10-01T19:32:47","modified_gmt":"2022-10-01T17:32:47","slug":"ir-4-sena-kapitlu-7-bil-kuragg-inharsu-l-quddiem","status":"publish","type":"page","link":"https:\/\/cre.church.mt\/mt\/resources\/ir-4-sena-biex-naslu-flimkien\/ir-4-sena-kapitlu-7-bil-kuragg-inharsu-l-quddiem\/","title":{"rendered":"Ir-4 Sena Kapitlu 7 &#8211; Bil-kura\u0121\u0121 in\u0127arsu &#8216;l quddiem"},"content":{"rendered":"\n<h3 class=\"wp-block-heading\">Lezzjoni 1<\/h3>\n\n\n\n<div class=\"wp-block-columns is-layout-flex wp-container-core-columns-is-layout-1 wp-block-columns-is-layout-flex\">\n<div class=\"wp-block-column is-layout-flow wp-block-column-is-layout-flow\">\n<div data-wp-interactive=\"core\/file\" class=\"wp-block-file\"><object data-wp-bind--hidden=\"!state.hasPdfPreview\"  class=\"wp-block-file__embed\" data=\"https:\/\/cre.church.mt\/wp-content\/uploads\/Emergent_Curriculum\/Year_4\/Unit_7\/Year-4-7.1-Il-Pjan-tal-Lezzjoni.pdf\" type=\"application\/pdf\" style=\"width:100%;height:200px\" aria-label=\"Embed of Embed of Il-pjan tal-lezzjoni..\"><\/object><a href=\"https:\/\/cre.church.mt\/wp-content\/uploads\/Emergent_Curriculum\/Year_4\/Unit_7\/Year-4-7.1-Il-Pjan-tal-Lezzjoni.pdf\">Il-pjan tal-lezzjoni<\/a><a href=\"https:\/\/cre.church.mt\/wp-content\/uploads\/Emergent_Curriculum\/Year_4\/Unit_7\/Year-4-7.1-Il-Pjan-tal-Lezzjoni.pdf\" class=\"wp-block-file__button\" download>Download<\/a><\/div>\n<\/div>\n\n\n\n<div class=\"wp-block-column is-layout-flow wp-block-column-is-layout-flow\"><\/div>\n<\/div>\n\n\n\n<h3 class=\"wp-block-heading\">Lezzjoni 2<\/h3>\n\n\n\n<div class=\"wp-block-columns is-layout-flex wp-container-core-columns-is-layout-2 wp-block-columns-is-layout-flex\">\n<div class=\"wp-block-column is-layout-flow wp-block-column-is-layout-flow\">\n<div data-wp-interactive=\"core\/file\" class=\"wp-block-file\"><object data-wp-bind--hidden=\"!state.hasPdfPreview\"  class=\"wp-block-file__embed\" data=\"https:\/\/cre.church.mt\/wp-content\/uploads\/Emergent_Curriculum\/Year_4\/Unit_7\/Lesson_1\/Year-4-7.2-Il-Pjan-tal-lezzjoni.pdf\" type=\"application\/pdf\" style=\"width:100%;height:200px\" aria-label=\"Embed of Embed of Il-pjan tal-lezzjoni..\"><\/object><a href=\"https:\/\/cre.church.mt\/wp-content\/uploads\/Emergent_Curriculum\/Year_4\/Unit_7\/Lesson_1\/Year-4-7.2-Il-Pjan-tal-lezzjoni.pdf\">Il-pjan tal-lezzjoni<\/a><a href=\"https:\/\/cre.church.mt\/wp-content\/uploads\/Emergent_Curriculum\/Year_4\/Unit_7\/Lesson_1\/Year-4-7.2-Il-Pjan-tal-lezzjoni.pdf\" class=\"wp-block-file__button\" download>Download<\/a><\/div>\n\n\n\n<figure class=\"wp-block-embed is-type-video is-provider-youtube wp-block-embed-youtube wp-embed-aspect-16-9 wp-has-aspect-ratio\"><div class=\"wp-block-embed__wrapper\">\n<iframe title=\"Tell Me the Story: John the Baptist\" width=\"800\" height=\"450\" src=\"https:\/\/www.youtube.com\/embed\/_OO84K9RuF0?feature=oembed\" frameborder=\"0\" allow=\"accelerometer; autoplay; clipboard-write; encrypted-media; gyroscope; picture-in-picture\" allowfullscreen><\/iframe>\n<\/div><figcaption>\u0120wanni l-Battista<\/figcaption><\/figure>\n<\/div>\n\n\n\n<div class=\"wp-block-column is-layout-flow wp-block-column-is-layout-flow\">\n<figure class=\"wp-block-embed is-type-video is-provider-youtube wp-block-embed-youtube wp-embed-aspect-4-3 wp-has-aspect-ratio\"><div class=\"wp-block-embed__wrapper\">\n<iframe title=\"Better Than I Was Before\" width=\"800\" height=\"600\" src=\"https:\/\/www.youtube.com\/embed\/5fuPorePQP4?feature=oembed\" frameborder=\"0\" allow=\"accelerometer; autoplay; clipboard-write; encrypted-media; gyroscope; picture-in-picture\" allowfullscreen><\/iframe>\n<\/div><figcaption>Better than I was before<\/figcaption><\/figure>\n<\/div>\n<\/div>\n\n\n\n<h3 class=\"wp-block-heading\">Lezzjoni 4<\/h3>\n\n\n\n<div class=\"wp-block-columns is-layout-flex wp-container-core-columns-is-layout-3 wp-block-columns-is-layout-flex\">\n<div class=\"wp-block-column is-layout-flow wp-block-column-is-layout-flow\">\n<div data-wp-interactive=\"core\/file\" class=\"wp-block-file\"><object data-wp-bind--hidden=\"!state.hasPdfPreview\"  class=\"wp-block-file__embed\" data=\"https:\/\/cre.church.mt\/wp-content\/uploads\/Emergent_Curriculum\/Year_4\/Unit_7\/Lesson_4\/Year-4-7.4-Il-Pjan-tal-lezzjoni.pdf\" type=\"application\/pdf\" style=\"width:100%;height:200px\" aria-label=\"Embed of Embed of Il-pjan tal-lezzjoni..\"><\/object><a href=\"https:\/\/cre.church.mt\/wp-content\/uploads\/Emergent_Curriculum\/Year_4\/Unit_7\/Lesson_4\/Year-4-7.4-Il-Pjan-tal-lezzjoni.pdf\">Il-pjan tal-lezzjoni<\/a><a href=\"https:\/\/cre.church.mt\/wp-content\/uploads\/Emergent_Curriculum\/Year_4\/Unit_7\/Lesson_4\/Year-4-7.4-Il-Pjan-tal-lezzjoni.pdf\" class=\"wp-block-file__button\" download>Download<\/a><\/div>\n<\/div>\n\n\n\n<div class=\"wp-block-column is-layout-flow wp-block-column-is-layout-flow\"><\/div>\n<\/div>\n\n\n\n<h3 class=\"wp-block-heading\">Lezzjoni 5<\/h3>\n\n\n\n<div class=\"wp-block-columns is-layout-flex wp-container-core-columns-is-layout-4 wp-block-columns-is-layout-flex\">\n<div class=\"wp-block-column is-layout-flow wp-block-column-is-layout-flow\">\n<div data-wp-interactive=\"core\/file\" class=\"wp-block-file\"><object data-wp-bind--hidden=\"!state.hasPdfPreview\"  class=\"wp-block-file__embed\" data=\"https:\/\/cre.church.mt\/wp-content\/uploads\/Emergent_Curriculum\/Year_4\/Unit_7\/Lesson_5\/Year-4-7.5-Il-Pjan-tal-lezzjoni.pdf\" type=\"application\/pdf\" style=\"width:100%;height:200px\" aria-label=\"Embed of Embed of Il-pjan tal-lezzjoni..\"><\/object><a href=\"https:\/\/cre.church.mt\/wp-content\/uploads\/Emergent_Curriculum\/Year_4\/Unit_7\/Lesson_5\/Year-4-7.5-Il-Pjan-tal-lezzjoni.pdf\">Il-pjan tal-lezzjoni<\/a><a href=\"https:\/\/cre.church.mt\/wp-content\/uploads\/Emergent_Curriculum\/Year_4\/Unit_7\/Lesson_5\/Year-4-7.5-Il-Pjan-tal-lezzjoni.pdf\" class=\"wp-block-file__button\" download>Download<\/a><\/div>\n<\/div>\n\n\n\n<div class=\"wp-block-column is-layout-flow wp-block-column-is-layout-flow\">\n<figure class=\"wp-block-embed is-type-video is-provider-youtube wp-block-embed-youtube wp-embed-aspect-4-3 wp-has-aspect-ratio\"><div class=\"wp-block-embed__wrapper\">\n<iframe title=\"THE LAST SUPPER - Jesus: a Kingdom Without Frontiers ep. 20 - EN\" width=\"800\" height=\"600\" src=\"https:\/\/www.youtube.com\/embed\/2OXrBm0pfPY?feature=oembed\" frameborder=\"0\" allow=\"accelerometer; autoplay; clipboard-write; encrypted-media; gyroscope; picture-in-picture\" allowfullscreen><\/iframe>\n<\/div><figcaption>L-a\u0127\u0127ar \u010bena<\/figcaption><\/figure>\n\n\n\n<p><\/p>\n<\/div>\n<\/div>\n\n\n\n<h3 class=\"wp-block-heading\">Lezzjoni 7<\/h3>\n\n\n\n<div class=\"wp-block-columns is-layout-flex wp-container-core-columns-is-layout-5 wp-block-columns-is-layout-flex\">\n<div class=\"wp-block-column is-layout-flow wp-block-column-is-layout-flow\">\n<div class=\"wp-block-file\"><a href=\"https:\/\/cre.church.mt\/wp-content\/uploads\/Emergent_Curriculum\/Year_4\/Unit_7\/Lesson_7\/Year-4-7.7-L-istazzjonijiet-tal-Via-Sagra.ppt\">It-triq tas-salib &#8211; Via Crucis &#8211; PowerPoint<\/a><a href=\"https:\/\/cre.church.mt\/wp-content\/uploads\/Emergent_Curriculum\/Year_4\/Unit_7\/Lesson_7\/Year-4-7.7-L-istazzjonijiet-tal-Via-Sagra.ppt\" class=\"wp-block-file__button\" download>Download<\/a><\/div>\n<\/div>\n\n\n\n<div class=\"wp-block-column is-layout-flow wp-block-column-is-layout-flow\"><\/div>\n<\/div>\n\n\n\n<h3 class=\"wp-block-heading\">Lezzjoni 8<\/h3>\n\n\n\n<div class=\"wp-block-columns is-layout-flex wp-container-core-columns-is-layout-6 wp-block-columns-is-layout-flex\">\n<div class=\"wp-block-column is-layout-flow wp-block-column-is-layout-flow\">\n<div data-wp-interactive=\"core\/file\" class=\"wp-block-file\"><object data-wp-bind--hidden=\"!state.hasPdfPreview\"  class=\"wp-block-file__embed\" data=\"https:\/\/cre.church.mt\/wp-content\/uploads\/Emergent_Curriculum\/Year_4\/Unit_7\/Lesson_8\/Year-4-7.8-IL-Pjan-tal-Lezzjoni.pdf\" type=\"application\/pdf\" style=\"width:100%;height:200px\" aria-label=\"Embed of Embed of Il-pjan tal-lezzjoni..\"><\/object><a href=\"https:\/\/cre.church.mt\/wp-content\/uploads\/Emergent_Curriculum\/Year_4\/Unit_7\/Lesson_8\/Year-4-7.8-IL-Pjan-tal-Lezzjoni.pdf\">Il-pjan tal-lezzjoni<\/a><a href=\"https:\/\/cre.church.mt\/wp-content\/uploads\/Emergent_Curriculum\/Year_4\/Unit_7\/Lesson_8\/Year-4-7.8-IL-Pjan-tal-Lezzjoni.pdf\" class=\"wp-block-file__button\" download>Download<\/a><\/div>\n<\/div>\n\n\n\n<div class=\"wp-block-column is-layout-flow wp-block-column-is-layout-flow\"><\/div>\n<\/div>\n","protected":false},"excerpt":{"rendered":"<p>Lezzjoni 1      <a href=\"https:\/\/cre.church.mt\/wp-content\/uploads\/Emergent_Curriculum\/Year_4\/Unit_7\/Year-4-7.1-Il-Pjan-tal-Lezzjoni.pdf\">Il-pjan tal-lezzjoni<\/a><a href=\"https:\/\/cre.church.mt\/wp-content\/uploads\/Emergent_Curriculum\/Year_4\/Unit_7\/Year-4-7.1-Il-Pjan-tal-Lezzjoni.pdf\" class=\"wp-block-file__button\" download>Download<\/a>          Lezzjoni 2      <a href=\"https:\/\/cre.church.mt\/wp-content\/uploads\/Emergent_Curriculum\/Year_4\/Unit_7\/Lesson_1\/Year-4-7.2-Il-Pjan-tal-lezzjoni.pdf\">Il-pjan tal-lezzjoni<\/a><a href=\"https:\/\/cre.church.mt\/wp-content\/uploads\/Emergent_Curriculum\/Year_4\/Unit_7\/Lesson_1\/Year-4-7.2-Il-Pjan-tal-lezzjoni.pdf\" class=\"wp-block-file__button\" download>Download<\/a>      \u0120wanni l-Battista        Better than I was before      Lezzjoni 4      <a href=\"https:\/\/cre.church.mt\/wp-content\/uploads\/Emergent_Curriculum\/Year_4\/Unit_7\/Lesson_4\/Year-4-7.4-Il-Pjan-tal-lezzjoni.pdf\">Il-pjan tal-lezzjoni<\/a><a href=\"https:\/\/cre.church.mt\/wp-content\/uploads\/Emergent_Curriculum\/Year_4\/Unit_7\/Lesson_4\/Year-4-7.4-Il-Pjan-tal-lezzjoni.pdf\" class=\"wp-block-file__button\" download>Download<\/a>          Lezzjoni 5      <a href=\"https:\/\/cre.church.mt\/wp-content\/uploads\/Emergent_Curriculum\/Year_4\/Unit_7\/Lesson_5\/Year-4-7.5-Il-Pjan-tal-lezzjoni.pdf\">Il-pjan tal-lezzjoni<\/a><a href=\"https:\/\/cre.church.mt\/wp-content\/uploads\/Emergent_Curriculum\/Year_4\/Unit_7\/Lesson_5\/Year-4-7.5-Il-Pjan-tal-lezzjoni.pdf\" class=\"wp-block-file__button\" download>Download<\/a>        L-a\u0127\u0127ar \u010bena    <\/p>\n<p>      Lezzjoni 7      <a href=\"https:\/\/cre.church.mt\/wp-content\/uploads\/Emergent_Curriculum\/Year_4\/Unit_7\/Lesson_7\/Year-4-7.7-L-istazzjonijiet-tal-Via-Sagra.ppt\">It-triq tas-salib &#8211; Via Crucis &#8211; PowerPoint<\/a><a href=\"https:\/\/cre.church.mt\/wp-content\/uploads\/Emergent_Curriculum\/Year_4\/Unit_7\/Lesson_7\/Year-4-7.7-L-istazzjonijiet-tal-Via-Sagra.ppt\" class=\"wp-block-file__button\" download>Download<\/a>          Lezzjoni 8      <a href=\"https:\/\/cre.church.mt\/wp-content\/uploads\/Emergent_Curriculum\/Year_4\/Unit_7\/Lesson_8\/Year-4-7.8-IL-Pjan-tal-Lezzjoni.pdf\">Il-pjan tal-lezzjoni<\/a><a href=\"https:\/\/cre.church.mt\/wp-content\/uploads\/Emergent_Curriculum\/Year_4\/Unit_7\/Lesson_8\/Year-4-7.8-IL-Pjan-tal-Lezzjoni.pdf\" class=\"wp-block-file__button\" download>Download<\/a><\/p>\n","protected":false},"author":3,"featured_media":0,"parent":5953,"menu_order":7,"comment_status":"closed","ping_status":"closed","template":"","meta":{"footnotes":""},"class_list":["post-5980","page","type-page","status-publish","hentry"],"_links":{"self":[{"href":"https:\/\/cre.church.mt\/mt\/wp-json\/wp\/v2\/pages\/5980"}],"collection":[{"href":"https:\/\/cre.church.mt\/mt\/wp-json\/wp\/v2\/pages"}],"about":[{"href":"https:\/\/cre.church.mt\/mt\/wp-json\/wp\/v2\/types\/page"}],"author":[{"embeddable":true,"href":"https:\/\/cre.church.mt\/mt\/wp-json\/wp\/v2\/users\/3"}],"replies":[{"embeddable":true,"href":"https:\/\/cre.church.mt\/mt\/wp-json\/wp\/v2\/comments?post=5980"}],"version-history":[{"count":1,"href":"https:\/\/cre.church.mt\/mt\/wp-json\/wp\/v2\/pages\/5980\/revisions"}],"predecessor-version":[{"id":5981,"href":"https:\/\/cre.church.mt\/mt\/wp-json\/wp\/v2\/pages\/5980\/revisions\/5981"}],"up":[{"embeddable":true,"href":"https:\/\/cre.church.mt\/mt\/wp-json\/wp\/v2\/pages\/5953"}],"wp:attachment":[{"href":"https:\/\/cre.church.mt\/mt\/wp-json\/wp\/v2\/media?parent=5980"}],"curies":[{"name":"wp","href":"https:\/\/api.w.org\/{rel}","templated":true}]}}