{"id":5974,"date":"2022-10-01T19:25:58","date_gmt":"2022-10-01T17:25:58","guid":{"rendered":"https:\/\/cre.church.mt\/?page_id=5974"},"modified":"2022-10-01T19:26:00","modified_gmt":"2022-10-01T17:26:00","slug":"ir-4-sena-kapitlu-5-nghix-ma-kulhadd","status":"publish","type":"page","link":"https:\/\/cre.church.mt\/mt\/resources\/ir-4-sena-biex-naslu-flimkien\/ir-4-sena-kapitlu-5-nghix-ma-kulhadd\/","title":{"rendered":"Ir-4 Sena Kapitlu 5 &#8211; Ng\u0127ix ma&#8217; kul\u0127add"},"content":{"rendered":"\n<h3 class=\"wp-block-heading\">Lezzjoni 1<\/h3>\n\n\n\n<div class=\"wp-block-columns is-layout-flex wp-container-core-columns-is-layout-1 wp-block-columns-is-layout-flex\">\n<div class=\"wp-block-column is-layout-flow wp-block-column-is-layout-flow\">\n<div data-wp-interactive=\"core\/file\" class=\"wp-block-file\"><object data-wp-bind--hidden=\"!state.hasPdfPreview\"  class=\"wp-block-file__embed\" data=\"https:\/\/cre.church.mt\/wp-content\/uploads\/Emergent_Curriculum\/Year_4\/Unit_5\/Lesson_1\/Year-4-5.1-Il-Pjan-tal-Lezzjoni.pdf\" type=\"application\/pdf\" style=\"width:100%;height:200px\" aria-label=\"Embed of Embed of Il-pjan tal-lezzjoni..\"><\/object><a href=\"https:\/\/cre.church.mt\/wp-content\/uploads\/Emergent_Curriculum\/Year_4\/Unit_5\/Lesson_1\/Year-4-5.1-Il-Pjan-tal-Lezzjoni.pdf\">Il-pjan tal-lezzjoni<\/a><a href=\"https:\/\/cre.church.mt\/wp-content\/uploads\/Emergent_Curriculum\/Year_4\/Unit_5\/Lesson_1\/Year-4-5.1-Il-Pjan-tal-Lezzjoni.pdf\" class=\"wp-block-file__button\" download>Download<\/a><\/div>\n<\/div>\n\n\n\n<div class=\"wp-block-column is-layout-flow wp-block-column-is-layout-flow\">\n<div class=\"wp-block-file\"><a href=\"https:\/\/cre.church.mt\/wp-content\/uploads\/Emergent_Curriculum\/Year_4\/Unit_5\/Lesson_1\/Year-4-5.1-PPt-X_karattru-ghandek.pptx\">X&#8217;karattru g\u0127andek? &#8211; PowerPoint<\/a><a href=\"https:\/\/cre.church.mt\/wp-content\/uploads\/Emergent_Curriculum\/Year_4\/Unit_5\/Lesson_1\/Year-4-5.1-PPt-X_karattru-ghandek.pptx\" class=\"wp-block-file__button\" download>Download<\/a><\/div>\n<\/div>\n<\/div>\n\n\n\n<h3 class=\"wp-block-heading\">Lezzjoni 2<\/h3>\n\n\n\n<div class=\"wp-block-columns is-layout-flex wp-container-core-columns-is-layout-2 wp-block-columns-is-layout-flex\">\n<div class=\"wp-block-column is-layout-flow wp-block-column-is-layout-flow\">\n<div data-wp-interactive=\"core\/file\" class=\"wp-block-file\"><object data-wp-bind--hidden=\"!state.hasPdfPreview\"  class=\"wp-block-file__embed\" data=\"https:\/\/cre.church.mt\/wp-content\/uploads\/Emergent_Curriculum\/Year_4\/Unit_5\/Lesson_2\/Year-4-5.2-Ben-Ryan-u-Kylie.pdf\" type=\"application\/pdf\" style=\"width:100%;height:200px\" aria-label=\"Embed of Embed of Ben, Ryan u Kylie..\"><\/object><a href=\"https:\/\/cre.church.mt\/wp-content\/uploads\/Emergent_Curriculum\/Year_4\/Unit_5\/Lesson_2\/Year-4-5.2-Ben-Ryan-u-Kylie.pdf\">Ben, Ryan u Kylie<\/a><a href=\"https:\/\/cre.church.mt\/wp-content\/uploads\/Emergent_Curriculum\/Year_4\/Unit_5\/Lesson_2\/Year-4-5.2-Ben-Ryan-u-Kylie.pdf\" class=\"wp-block-file__button\" download>Download<\/a><\/div>\n<\/div>\n\n\n\n<div class=\"wp-block-column is-layout-flow wp-block-column-is-layout-flow\">\n<figure class=\"wp-block-embed is-type-video is-provider-youtube wp-block-embed-youtube wp-embed-aspect-16-9 wp-has-aspect-ratio\"><div class=\"wp-block-embed__wrapper\">\n<iframe title=\"Jesus Loves Everyone\" width=\"800\" height=\"450\" src=\"https:\/\/www.youtube.com\/embed\/IMmPOxANDbg?feature=oembed\" frameborder=\"0\" allow=\"accelerometer; autoplay; clipboard-write; encrypted-media; gyroscope; picture-in-picture\" allowfullscreen><\/iframe>\n<\/div><figcaption>Jesus loves everyone<\/figcaption><\/figure>\n<\/div>\n<\/div>\n\n\n\n<h3 class=\"wp-block-heading\">Lezzjoni 5<\/h3>\n\n\n\n<div class=\"wp-block-columns is-layout-flex wp-container-core-columns-is-layout-3 wp-block-columns-is-layout-flex\">\n<div class=\"wp-block-column is-layout-flow wp-block-column-is-layout-flow\">\n<div data-wp-interactive=\"core\/file\" class=\"wp-block-file\"><object data-wp-bind--hidden=\"!state.hasPdfPreview\"  class=\"wp-block-file__embed\" data=\"https:\/\/cre.church.mt\/wp-content\/uploads\/Emergent_Curriculum\/Year_4\/Unit_5\/Lesson_5\/Year-4-5.5-Il-Pjan-tal-Lezzjoni.pdf\" type=\"application\/pdf\" style=\"width:100%;height:200px\" aria-label=\"Embed of Embed of  Il-pjan tal-lezzjoni..\"><\/object><a href=\"https:\/\/cre.church.mt\/wp-content\/uploads\/Emergent_Curriculum\/Year_4\/Unit_5\/Lesson_5\/Year-4-5.5-Il-Pjan-tal-Lezzjoni.pdf\"> Il-pjan tal-lezzjoni<\/a><a href=\"https:\/\/cre.church.mt\/wp-content\/uploads\/Emergent_Curriculum\/Year_4\/Unit_5\/Lesson_5\/Year-4-5.5-Il-Pjan-tal-Lezzjoni.pdf\" class=\"wp-block-file__button\" download>Download<\/a><\/div>\n<\/div>\n\n\n\n<div class=\"wp-block-column is-layout-flow wp-block-column-is-layout-flow\">\n<figure class=\"wp-block-embed is-type-video is-provider-youtube wp-block-embed-youtube wp-embed-aspect-16-9 wp-has-aspect-ratio\"><div class=\"wp-block-embed__wrapper\">\n<iframe title=\"Love One Another Lullaby\" width=\"800\" height=\"450\" src=\"https:\/\/www.youtube.com\/embed\/p9diFwUly4M?feature=oembed\" frameborder=\"0\" allow=\"accelerometer; autoplay; clipboard-write; encrypted-media; gyroscope; picture-in-picture\" allowfullscreen><\/iframe>\n<\/div><figcaption>Love one another<\/figcaption><\/figure>\n<\/div>\n<\/div>\n\n\n\n<h3 class=\"wp-block-heading\">Lezzjoni 6<\/h3>\n\n\n\n<div class=\"wp-block-columns is-layout-flex wp-container-core-columns-is-layout-4 wp-block-columns-is-layout-flex\">\n<div class=\"wp-block-column is-layout-flow wp-block-column-is-layout-flow\">\n<figure class=\"wp-block-embed is-type-video is-provider-youtube wp-block-embed-youtube wp-embed-aspect-16-9 wp-has-aspect-ratio\"><div class=\"wp-block-embed__wrapper\">\n<iframe title=\"Love One Another Lullaby\" width=\"800\" height=\"450\" src=\"https:\/\/www.youtube.com\/embed\/p9diFwUly4M?feature=oembed\" frameborder=\"0\" allow=\"accelerometer; autoplay; clipboard-write; encrypted-media; gyroscope; picture-in-picture\" allowfullscreen><\/iframe>\n<\/div><figcaption>Love one another<\/figcaption><\/figure>\n<\/div>\n\n\n\n<div class=\"wp-block-column is-layout-flow wp-block-column-is-layout-flow\"><\/div>\n<\/div>\n\n\n\n<h3 class=\"wp-block-heading\">Lezzjoni 7<\/h3>\n\n\n\n<div class=\"wp-block-columns is-layout-flex wp-container-core-columns-is-layout-5 wp-block-columns-is-layout-flex\">\n<div class=\"wp-block-column is-layout-flow wp-block-column-is-layout-flow\">\n<div data-wp-interactive=\"core\/file\" class=\"wp-block-file\"><object data-wp-bind--hidden=\"!state.hasPdfPreview\"  class=\"wp-block-file__embed\" data=\"https:\/\/cre.church.mt\/wp-content\/uploads\/Emergent_Curriculum\/Year_4\/Unit_5\/Lesson_7\/Year-4-5.7-Il-Pjan-tal-Lezzjoni.pdf\" type=\"application\/pdf\" style=\"width:100%;height:200px\" aria-label=\"Embed of Embed of Il-pjan tal-lezzjoni..\"><\/object><a href=\"https:\/\/cre.church.mt\/wp-content\/uploads\/Emergent_Curriculum\/Year_4\/Unit_5\/Lesson_7\/Year-4-5.7-Il-Pjan-tal-Lezzjoni.pdf\">Il-pjan tal-lezzjoni<\/a><a href=\"https:\/\/cre.church.mt\/wp-content\/uploads\/Emergent_Curriculum\/Year_4\/Unit_5\/Lesson_7\/Year-4-5.7-Il-Pjan-tal-Lezzjoni.pdf\" class=\"wp-block-file__button\" download>Download<\/a><\/div>\n\n\n\n<figure class=\"wp-block-embed is-type-video is-provider-youtube wp-block-embed-youtube wp-embed-aspect-16-9 wp-has-aspect-ratio\"><div class=\"wp-block-embed__wrapper\">\n<iframe title=\"Jesus and the Tax Collector I New Testament Bible Stories| Holy Tales Bible Stories\" width=\"800\" height=\"450\" src=\"https:\/\/www.youtube.com\/embed\/0nqllVTt1bA?feature=oembed\" frameborder=\"0\" allow=\"accelerometer; autoplay; clipboard-write; encrypted-media; gyroscope; picture-in-picture\" allowfullscreen><\/iframe>\n<\/div><figcaption>\u0120es\u00f9 u l-pubblikan<\/figcaption><\/figure>\n<\/div>\n\n\n\n<div class=\"wp-block-column is-layout-flow wp-block-column-is-layout-flow\">\n<div data-wp-interactive=\"core\/file\" class=\"wp-block-file\"><object data-wp-bind--hidden=\"!state.hasPdfPreview\"  class=\"wp-block-file__embed\" data=\"https:\/\/cre.church.mt\/wp-content\/uploads\/Emergent_Curriculum\/Year_4\/Unit_5\/Lesson_7\/Year-4-5.7-Gesu-jhobb-lil-dawk-li-jizbaljaw.pdf\" type=\"application\/pdf\" style=\"width:100%;height:200px\" aria-label=\"Embed of Embed of \u0120es\u00f9 j\u0127obb lil dawk li ji\u017cbaljaw - Slide show..\"><\/object><a href=\"https:\/\/cre.church.mt\/wp-content\/uploads\/Emergent_Curriculum\/Year_4\/Unit_5\/Lesson_7\/Year-4-5.7-Gesu-jhobb-lil-dawk-li-jizbaljaw.pdf\">\u0120es\u00f9 j\u0127obb lil dawk li ji\u017cbaljaw &#8211; Slide show<\/a><a href=\"https:\/\/cre.church.mt\/wp-content\/uploads\/Emergent_Curriculum\/Year_4\/Unit_5\/Lesson_7\/Year-4-5.7-Gesu-jhobb-lil-dawk-li-jizbaljaw.pdf\" class=\"wp-block-file__button\" download>Download<\/a><\/div>\n\n\n\n<figure class=\"wp-block-embed is-type-video is-provider-youtube wp-block-embed-youtube wp-embed-aspect-4-3 wp-has-aspect-ratio\"><div class=\"wp-block-embed__wrapper\">\n<iframe title=\"Jesus calls Levi - English\" width=\"800\" height=\"600\" src=\"https:\/\/www.youtube.com\/embed\/P_0fCjTCEq4?feature=oembed\" frameborder=\"0\" allow=\"accelerometer; autoplay; clipboard-write; encrypted-media; gyroscope; picture-in-picture\" allowfullscreen><\/iframe>\n<\/div><figcaption>\u0120es\u00f9 jsejja\u0127 lil Levi<\/figcaption><\/figure>\n<\/div>\n<\/div>\n\n\n\n<h3 class=\"wp-block-heading\">Lezzjoni 8<\/h3>\n\n\n\n<div class=\"wp-block-columns is-layout-flex wp-container-core-columns-is-layout-6 wp-block-columns-is-layout-flex\">\n<div class=\"wp-block-column is-layout-flow wp-block-column-is-layout-flow\">\n<div data-wp-interactive=\"core\/file\" class=\"wp-block-file\"><object data-wp-bind--hidden=\"!state.hasPdfPreview\"  class=\"wp-block-file__embed\" data=\"https:\/\/cre.church.mt\/wp-content\/uploads\/Emergent_Curriculum\/Year_4\/Unit_5\/Lesson_8\/Year-4-5.8-Gesu-jfejjaq-lil-kulhadd.pdf\" type=\"application\/pdf\" style=\"width:100%;height:200px\" aria-label=\"Embed of Embed of \u0120es\u00f9 jfejjaq lil kul\u0127add - Slide show..\"><\/object><a href=\"https:\/\/cre.church.mt\/wp-content\/uploads\/Emergent_Curriculum\/Year_4\/Unit_5\/Lesson_8\/Year-4-5.8-Gesu-jfejjaq-lil-kulhadd.pdf\">\u0120es\u00f9 jfejjaq lil kul\u0127add &#8211; Slide show<\/a><a href=\"https:\/\/cre.church.mt\/wp-content\/uploads\/Emergent_Curriculum\/Year_4\/Unit_5\/Lesson_8\/Year-4-5.8-Gesu-jfejjaq-lil-kulhadd.pdf\" class=\"wp-block-file__button\" download>Download<\/a><\/div>\n\n\n\n<p><\/p>\n<\/div>\n\n\n\n<div class=\"wp-block-column is-layout-flow wp-block-column-is-layout-flow\">\n<figure class=\"wp-block-embed is-type-video is-provider-youtube wp-block-embed-youtube wp-embed-aspect-16-9 wp-has-aspect-ratio\"><div class=\"wp-block-embed__wrapper\">\n<iframe title=\"Jairus&#039; Daughter\" width=\"800\" height=\"450\" src=\"https:\/\/www.youtube.com\/embed\/O1KAC6Jrofg?feature=oembed\" frameborder=\"0\" allow=\"accelerometer; autoplay; clipboard-write; encrypted-media; gyroscope; picture-in-picture\" allowfullscreen><\/iframe>\n<\/div><figcaption>It-tifla ta&#8217; \u0120ajru<\/figcaption><\/figure>\n<\/div>\n<\/div>\n","protected":false},"excerpt":{"rendered":"<p>Lezzjoni 1      <a href=\"https:\/\/cre.church.mt\/wp-content\/uploads\/Emergent_Curriculum\/Year_4\/Unit_5\/Lesson_1\/Year-4-5.1-Il-Pjan-tal-Lezzjoni.pdf\">Il-pjan tal-lezzjoni<\/a><a href=\"https:\/\/cre.church.mt\/wp-content\/uploads\/Emergent_Curriculum\/Year_4\/Unit_5\/Lesson_1\/Year-4-5.1-Il-Pjan-tal-Lezzjoni.pdf\" class=\"wp-block-file__button\" download>Download<\/a>      <a href=\"https:\/\/cre.church.mt\/wp-content\/uploads\/Emergent_Curriculum\/Year_4\/Unit_5\/Lesson_1\/Year-4-5.1-PPt-X_karattru-ghandek.pptx\">X&#8217;karattru g\u0127andek? &#8211; PowerPoint<\/a><a href=\"https:\/\/cre.church.mt\/wp-content\/uploads\/Emergent_Curriculum\/Year_4\/Unit_5\/Lesson_1\/Year-4-5.1-PPt-X_karattru-ghandek.pptx\" class=\"wp-block-file__button\" download>Download<\/a>      Lezzjoni 2      <a href=\"https:\/\/cre.church.mt\/wp-content\/uploads\/Emergent_Curriculum\/Year_4\/Unit_5\/Lesson_2\/Year-4-5.2-Ben-Ryan-u-Kylie.pdf\">Ben, Ryan u Kylie<\/a><a href=\"https:\/\/cre.church.mt\/wp-content\/uploads\/Emergent_Curriculum\/Year_4\/Unit_5\/Lesson_2\/Year-4-5.2-Ben-Ryan-u-Kylie.pdf\" class=\"wp-block-file__button\" download>Download<\/a>        Jesus loves everyone      Lezzjoni 5      <a href=\"https:\/\/cre.church.mt\/wp-content\/uploads\/Emergent_Curriculum\/Year_4\/Unit_5\/Lesson_5\/Year-4-5.5-Il-Pjan-tal-Lezzjoni.pdf\"> Il-pjan tal-lezzjoni<\/a><a href=\"https:\/\/cre.church.mt\/wp-content\/uploads\/Emergent_Curriculum\/Year_4\/Unit_5\/Lesson_5\/Year-4-5.5-Il-Pjan-tal-Lezzjoni.pdf\" class=\"wp-block-file__button\" download>Download<\/a>        Love one another      Lezzjoni 6        Love one another          Lezzjoni 7      <a href=\"https:\/\/cre.church.mt\/wp-content\/uploads\/Emergent_Curriculum\/Year_4\/Unit_5\/Lesson_7\/Year-4-5.7-Il-Pjan-tal-Lezzjoni.pdf\">Il-pjan tal-lezzjoni<\/a><a href=\"https:\/\/cre.church.mt\/wp-content\/uploads\/Emergent_Curriculum\/Year_4\/Unit_5\/Lesson_7\/Year-4-5.7-Il-Pjan-tal-Lezzjoni.pdf\" class=\"wp-block-file__button\" download>Download<\/a>      \u0120es\u00f9 u l-pubblikan      <a href=\"https:\/\/cre.church.mt\/wp-content\/uploads\/Emergent_Curriculum\/Year_4\/Unit_5\/Lesson_7\/Year-4-5.7-Gesu-jhobb-lil-dawk-li-jizbaljaw.pdf\">\u0120es\u00f9 j\u0127obb lil dawk li ji\u017cbaljaw &#8211; Slide show<\/a><a href=\"https:\/\/cre.church.mt\/wp-content\/uploads\/Emergent_Curriculum\/Year_4\/Unit_5\/Lesson_7\/Year-4-5.7-Gesu-jhobb-lil-dawk-li-jizbaljaw.pdf\" class=\"wp-block-file__button\" download>Download<\/a>      \u0120es\u00f9 jsejja\u0127 lil Levi      Lezzjoni 8      <a href=\"https:\/\/cre.church.mt\/wp-content\/uploads\/Emergent_Curriculum\/Year_4\/Unit_5\/Lesson_8\/Year-4-5.8-Gesu-jfejjaq-lil-kulhadd.pdf\">\u0120es\u00f9 jfejjaq lil kul\u0127add &#8211; Slide show<\/a><a href=\"https:\/\/cre.church.mt\/wp-content\/uploads\/Emergent_Curriculum\/Year_4\/Unit_5\/Lesson_8\/Year-4-5.8-Gesu-jfejjaq-lil-kulhadd.pdf\" class=\"wp-block-file__button\" download>Download<\/a>    <\/p>\n<p>        It-tifla ta&#8217; \u0120ajru<\/p>\n","protected":false},"author":3,"featured_media":0,"parent":5953,"menu_order":5,"comment_status":"closed","ping_status":"closed","template":"","meta":{"footnotes":""},"class_list":["post-5974","page","type-page","status-publish","hentry"],"_links":{"self":[{"href":"https:\/\/cre.church.mt\/mt\/wp-json\/wp\/v2\/pages\/5974"}],"collection":[{"href":"https:\/\/cre.church.mt\/mt\/wp-json\/wp\/v2\/pages"}],"about":[{"href":"https:\/\/cre.church.mt\/mt\/wp-json\/wp\/v2\/types\/page"}],"author":[{"embeddable":true,"href":"https:\/\/cre.church.mt\/mt\/wp-json\/wp\/v2\/users\/3"}],"replies":[{"embeddable":true,"href":"https:\/\/cre.church.mt\/mt\/wp-json\/wp\/v2\/comments?post=5974"}],"version-history":[{"count":1,"href":"https:\/\/cre.church.mt\/mt\/wp-json\/wp\/v2\/pages\/5974\/revisions"}],"predecessor-version":[{"id":5975,"href":"https:\/\/cre.church.mt\/mt\/wp-json\/wp\/v2\/pages\/5974\/revisions\/5975"}],"up":[{"embeddable":true,"href":"https:\/\/cre.church.mt\/mt\/wp-json\/wp\/v2\/pages\/5953"}],"wp:attachment":[{"href":"https:\/\/cre.church.mt\/mt\/wp-json\/wp\/v2\/media?parent=5974"}],"curies":[{"name":"wp","href":"https:\/\/api.w.org\/{rel}","templated":true}]}}