{"id":5966,"date":"2022-10-01T19:14:53","date_gmt":"2022-10-01T17:14:53","guid":{"rendered":"https:\/\/cre.church.mt\/?page_id=5966"},"modified":"2022-10-01T19:16:27","modified_gmt":"2022-10-01T17:16:27","slug":"ir-4-sena-kapitlu-3-ahna-maghquda-flimkien","status":"publish","type":"page","link":"https:\/\/cre.church.mt\/mt\/resources\/ir-4-sena-biex-naslu-flimkien\/ir-4-sena-kapitlu-3-ahna-maghquda-flimkien\/","title":{"rendered":"Ir-4 Sena Kapitlu 3 &#8211; A\u0127na mag\u0127quda flimkien"},"content":{"rendered":"\n<h3 class=\"wp-block-heading\">Lezzjoni 3<\/h3>\n\n\n\n<div class=\"wp-block-columns is-layout-flex wp-container-core-columns-is-layout-1 wp-block-columns-is-layout-flex\">\n<div class=\"wp-block-column is-layout-flow wp-block-column-is-layout-flow\">\n<div data-wp-interactive=\"core\/file\" class=\"wp-block-file\"><object data-wp-bind--hidden=\"!state.hasPdfPreview\"  class=\"wp-block-file__embed\" data=\"https:\/\/cre.church.mt\/wp-content\/uploads\/Emergent_Curriculum\/Year_4\/Unit_3\/Lesson_3\/Year-4-3.3-Kraft-ikkulurit-ghat-talb.pdf\" type=\"application\/pdf\" style=\"width:100%;height:200px\" aria-label=\"Embed of Embed of Kraft biex nitolbu..\"><\/object><a href=\"https:\/\/cre.church.mt\/wp-content\/uploads\/Emergent_Curriculum\/Year_4\/Unit_3\/Lesson_3\/Year-4-3.3-Kraft-ikkulurit-ghat-talb.pdf\">Kraft biex nitolbu<\/a><a href=\"https:\/\/cre.church.mt\/wp-content\/uploads\/Emergent_Curriculum\/Year_4\/Unit_3\/Lesson_3\/Year-4-3.3-Kraft-ikkulurit-ghat-talb.pdf\" class=\"wp-block-file__button\" download>Download<\/a><\/div>\n<\/div>\n\n\n\n<div class=\"wp-block-column is-layout-flow wp-block-column-is-layout-flow\"><\/div>\n<\/div>\n\n\n\n<h3 class=\"wp-block-heading\">Lezzjoni 5<\/h3>\n\n\n\n<div class=\"wp-block-columns is-layout-flex wp-container-core-columns-is-layout-2 wp-block-columns-is-layout-flex\">\n<div class=\"wp-block-column is-layout-flow wp-block-column-is-layout-flow\">\n<div data-wp-interactive=\"core\/file\" class=\"wp-block-file\"><object data-wp-bind--hidden=\"!state.hasPdfPreview\"  class=\"wp-block-file__embed\" data=\"https:\/\/cre.church.mt\/wp-content\/uploads\/Emergent_Curriculum\/Year_4\/Unit_3\/Lesson_5\/Year-4-3.5-Il-Pjan-tal-Lezzjoni.pdf\" type=\"application\/pdf\" style=\"width:100%;height:200px\" aria-label=\"Embed of Embed of Il-pjan tal-lezzjoni..\"><\/object><a href=\"https:\/\/cre.church.mt\/wp-content\/uploads\/Emergent_Curriculum\/Year_4\/Unit_3\/Lesson_5\/Year-4-3.5-Il-Pjan-tal-Lezzjoni.pdf\">Il-pjan tal-lezzjoni<\/a><a href=\"https:\/\/cre.church.mt\/wp-content\/uploads\/Emergent_Curriculum\/Year_4\/Unit_3\/Lesson_5\/Year-4-3.5-Il-Pjan-tal-Lezzjoni.pdf\" class=\"wp-block-file__button\" download>Download<\/a><\/div>\n<\/div>\n\n\n\n<div class=\"wp-block-column is-layout-flow wp-block-column-is-layout-flow\">\n<figure class=\"wp-block-embed is-type-video is-provider-youtube wp-block-embed-youtube wp-embed-aspect-16-9 wp-has-aspect-ratio\"><div class=\"wp-block-embed__wrapper\">\n<iframe title=\"Parable of the Pharisee and the Tax Collector\" width=\"800\" height=\"450\" src=\"https:\/\/www.youtube.com\/embed\/Ufe6zouTq8g?feature=oembed\" frameborder=\"0\" allow=\"accelerometer; autoplay; clipboard-write; encrypted-media; gyroscope; picture-in-picture\" allowfullscreen><\/iframe>\n<\/div><figcaption>Il-parabbola tal-Fari\u017cew u l-Pubblikan<\/figcaption><\/figure>\n<\/div>\n<\/div>\n\n\n\n<h3 class=\"wp-block-heading\">Lezzjoni 7<\/h3>\n\n\n\n<div class=\"wp-block-columns is-layout-flex wp-container-core-columns-is-layout-3 wp-block-columns-is-layout-flex\">\n<div class=\"wp-block-column is-layout-flow wp-block-column-is-layout-flow\">\n<div data-wp-interactive=\"core\/file\" class=\"wp-block-file\"><object data-wp-bind--hidden=\"!state.hasPdfPreview\"  class=\"wp-block-file__embed\" data=\"https:\/\/cre.church.mt\/wp-content\/uploads\/Emergent_Curriculum\/Year_4\/Unit_3\/Lesson_7\/Year-4-3.7-Is-Serv-t_Alla-Ewgenio-Borg-ppt.pdf\" type=\"application\/pdf\" style=\"width:100%;height:260px\" aria-label=\"Embed of Embed of Il-qaddej ta&#039; Alla Ewgenju Borg - PowerPoint..\"><\/object><a href=\"https:\/\/cre.church.mt\/wp-content\/uploads\/Emergent_Curriculum\/Year_4\/Unit_3\/Lesson_7\/Year-4-3.7-Is-Serv-t_Alla-Ewgenio-Borg-ppt.pdf\">Il-qaddej ta&#8217; Alla Ewgenju Borg &#8211; PowerPoint<\/a><a href=\"https:\/\/cre.church.mt\/wp-content\/uploads\/Emergent_Curriculum\/Year_4\/Unit_3\/Lesson_7\/Year-4-3.7-Is-Serv-t_Alla-Ewgenio-Borg-ppt.pdf\" class=\"wp-block-file__button\" download>Download<\/a><\/div>\n<\/div>\n\n\n\n<div class=\"wp-block-column is-layout-flow wp-block-column-is-layout-flow\">\n<figure class=\"wp-block-embed is-type-video is-provider-youtube wp-block-embed-youtube wp-embed-aspect-4-3 wp-has-aspect-ratio\"><div class=\"wp-block-embed__wrapper\">\n<iframe title=\"EVERY MOVE I MAKE\" width=\"800\" height=\"600\" src=\"https:\/\/www.youtube.com\/embed\/_nEtq28x5EQ?feature=oembed\" frameborder=\"0\" allow=\"accelerometer; autoplay; clipboard-write; encrypted-media; gyroscope; picture-in-picture\" allowfullscreen><\/iframe>\n<\/div><figcaption>Every move I make<\/figcaption><\/figure>\n<\/div>\n<\/div>\n\n\n\n<h3 class=\"wp-block-heading\">Lezzjoni 8<\/h3>\n\n\n\n<div class=\"wp-block-columns is-layout-flex wp-container-core-columns-is-layout-4 wp-block-columns-is-layout-flex\">\n<div class=\"wp-block-column is-layout-flow wp-block-column-is-layout-flow\">\n<figure class=\"wp-block-embed is-type-video is-provider-youtube wp-block-embed-youtube wp-embed-aspect-4-3 wp-has-aspect-ratio\"><div class=\"wp-block-embed__wrapper\">\n<iframe title=\"EVERY MOVE I MAKE\" width=\"800\" height=\"600\" src=\"https:\/\/www.youtube.com\/embed\/_nEtq28x5EQ?feature=oembed\" frameborder=\"0\" allow=\"accelerometer; autoplay; clipboard-write; encrypted-media; gyroscope; picture-in-picture\" allowfullscreen><\/iframe>\n<\/div><figcaption>Every move I make<\/figcaption><\/figure>\n<\/div>\n\n\n\n<div class=\"wp-block-column is-layout-flow wp-block-column-is-layout-flow\">\n<figure class=\"wp-block-embed is-type-video is-provider-youtube wp-block-embed-youtube wp-embed-aspect-16-9 wp-has-aspect-ratio\"><div class=\"wp-block-embed__wrapper\">\n<iframe title=\"Happiness is helping others\" width=\"800\" height=\"450\" src=\"https:\/\/www.youtube.com\/embed\/zcruIov45bI?feature=oembed\" frameborder=\"0\" allow=\"accelerometer; autoplay; clipboard-write; encrypted-media; gyroscope; picture-in-picture\" allowfullscreen><\/iframe>\n<\/div><figcaption>Il-fer\u0127 hu li tg\u0127in lill-o\u0127rajn<\/figcaption><\/figure>\n\n\n\n<p><\/p>\n<\/div>\n<\/div>\n","protected":false},"excerpt":{"rendered":"<p>Lezzjoni 3      <a href=\"https:\/\/cre.church.mt\/wp-content\/uploads\/Emergent_Curriculum\/Year_4\/Unit_3\/Lesson_3\/Year-4-3.3-Kraft-ikkulurit-ghat-talb.pdf\">Kraft biex nitolbu<\/a><a href=\"https:\/\/cre.church.mt\/wp-content\/uploads\/Emergent_Curriculum\/Year_4\/Unit_3\/Lesson_3\/Year-4-3.3-Kraft-ikkulurit-ghat-talb.pdf\" class=\"wp-block-file__button\" download>Download<\/a>          Lezzjoni 5      <a href=\"https:\/\/cre.church.mt\/wp-content\/uploads\/Emergent_Curriculum\/Year_4\/Unit_3\/Lesson_5\/Year-4-3.5-Il-Pjan-tal-Lezzjoni.pdf\">Il-pjan tal-lezzjoni<\/a><a href=\"https:\/\/cre.church.mt\/wp-content\/uploads\/Emergent_Curriculum\/Year_4\/Unit_3\/Lesson_5\/Year-4-3.5-Il-Pjan-tal-Lezzjoni.pdf\" class=\"wp-block-file__button\" download>Download<\/a>        Il-parabbola tal-Fari\u017cew u l-Pubblikan      Lezzjoni 7      <a href=\"https:\/\/cre.church.mt\/wp-content\/uploads\/Emergent_Curriculum\/Year_4\/Unit_3\/Lesson_7\/Year-4-3.7-Is-Serv-t_Alla-Ewgenio-Borg-ppt.pdf\">Il-qaddej ta&#8217; Alla Ewgenju Borg &#8211; PowerPoint<\/a><a href=\"https:\/\/cre.church.mt\/wp-content\/uploads\/Emergent_Curriculum\/Year_4\/Unit_3\/Lesson_7\/Year-4-3.7-Is-Serv-t_Alla-Ewgenio-Borg-ppt.pdf\" class=\"wp-block-file__button\" download>Download<\/a>        Every move I make      Lezzjoni 8        Every move I make        Il-fer\u0127 hu li tg\u0127in lill-o\u0127rajn    <\/p>\n","protected":false},"author":3,"featured_media":0,"parent":5953,"menu_order":3,"comment_status":"closed","ping_status":"closed","template":"","meta":{"footnotes":""},"class_list":["post-5966","page","type-page","status-publish","hentry"],"_links":{"self":[{"href":"https:\/\/cre.church.mt\/mt\/wp-json\/wp\/v2\/pages\/5966"}],"collection":[{"href":"https:\/\/cre.church.mt\/mt\/wp-json\/wp\/v2\/pages"}],"about":[{"href":"https:\/\/cre.church.mt\/mt\/wp-json\/wp\/v2\/types\/page"}],"author":[{"embeddable":true,"href":"https:\/\/cre.church.mt\/mt\/wp-json\/wp\/v2\/users\/3"}],"replies":[{"embeddable":true,"href":"https:\/\/cre.church.mt\/mt\/wp-json\/wp\/v2\/comments?post=5966"}],"version-history":[{"count":2,"href":"https:\/\/cre.church.mt\/mt\/wp-json\/wp\/v2\/pages\/5966\/revisions"}],"predecessor-version":[{"id":5969,"href":"https:\/\/cre.church.mt\/mt\/wp-json\/wp\/v2\/pages\/5966\/revisions\/5969"}],"up":[{"embeddable":true,"href":"https:\/\/cre.church.mt\/mt\/wp-json\/wp\/v2\/pages\/5953"}],"wp:attachment":[{"href":"https:\/\/cre.church.mt\/mt\/wp-json\/wp\/v2\/media?parent=5966"}],"curies":[{"name":"wp","href":"https:\/\/api.w.org\/{rel}","templated":true}]}}