{"id":5963,"date":"2022-10-01T19:12:32","date_gmt":"2022-10-01T17:12:32","guid":{"rendered":"https:\/\/cre.church.mt\/?page_id=5963"},"modified":"2022-10-01T19:12:53","modified_gmt":"2022-10-01T17:12:53","slug":"ir-4-sena-kapitlu-2-ejja-nsiru-ahjar","status":"publish","type":"page","link":"https:\/\/cre.church.mt\/mt\/resources\/ir-4-sena-biex-naslu-flimkien\/ir-4-sena-kapitlu-2-ejja-nsiru-ahjar\/","title":{"rendered":"Ir-4 Sena Kapitlu 2 &#8211; Ejja nsiru a\u0127jar"},"content":{"rendered":"\n<h3 class=\"wp-block-heading\">Lezzjoni 1<\/h3>\n\n\n\n<div class=\"wp-block-columns is-layout-flex wp-container-core-columns-is-layout-1 wp-block-columns-is-layout-flex\">\n<div class=\"wp-block-column is-layout-flow wp-block-column-is-layout-flow\">\n<div data-wp-interactive=\"core\/file\" class=\"wp-block-file\"><object data-wp-bind--hidden=\"!state.hasPdfPreview\"  class=\"wp-block-file__embed\" data=\"https:\/\/cre.church.mt\/wp-content\/uploads\/Emergent_Curriculum\/Year_4\/Unit_2\/Lesson_1\/Year-4-2.1-Il-Pjan-tal-lezzjoni.pdf\" type=\"application\/pdf\" style=\"width:100%;height:200px\" aria-label=\"Embed of Embed of Il-pjan tal-lezzjoni..\"><\/object><a href=\"https:\/\/cre.church.mt\/wp-content\/uploads\/Emergent_Curriculum\/Year_4\/Unit_2\/Lesson_1\/Year-4-2.1-Il-Pjan-tal-lezzjoni.pdf\">Il-pjan tal-lezzjoni<\/a><a href=\"https:\/\/cre.church.mt\/wp-content\/uploads\/Emergent_Curriculum\/Year_4\/Unit_2\/Lesson_1\/Year-4-2.1-Il-Pjan-tal-lezzjoni.pdf\" class=\"wp-block-file__button\" download>Download<\/a><\/div>\n<\/div>\n\n\n\n<div class=\"wp-block-column is-layout-flow wp-block-column-is-layout-flow\">\n<div class=\"wp-block-file\"><a href=\"https:\/\/cre.church.mt\/wp-content\/uploads\/Emergent_Curriculum\/Year_4\/Unit_2\/Lesson_1\/Year-4-2.1-Ilkoll-familja-wahda-ppt.pptx\">A\u0127na familja wa\u0127da &#8211; PowerPoint<\/a><a href=\"https:\/\/cre.church.mt\/wp-content\/uploads\/Emergent_Curriculum\/Year_4\/Unit_2\/Lesson_1\/Year-4-2.1-Ilkoll-familja-wahda-ppt.pptx\" class=\"wp-block-file__button\" download>Download<\/a><\/div>\n<\/div>\n<\/div>\n\n\n\n<h3 class=\"wp-block-heading\">Lezzjoni 2<\/h3>\n\n\n\n<div class=\"wp-block-columns is-layout-flex wp-container-core-columns-is-layout-2 wp-block-columns-is-layout-flex\">\n<div class=\"wp-block-column is-layout-flow wp-block-column-is-layout-flow\">\n<div data-wp-interactive=\"core\/file\" class=\"wp-block-file\"><object data-wp-bind--hidden=\"!state.hasPdfPreview\"  class=\"wp-block-file__embed\" data=\"https:\/\/cre.church.mt\/wp-content\/uploads\/Emergent_Curriculum\/Year_4\/Unit_2\/Lesson_2\/Year-4-2.2-Il-Pjan-tal-lezzjoni.pdf\" type=\"application\/pdf\" style=\"width:100%;height:200px\" aria-label=\"Embed of Embed of Il-pjan tal-lezzjoni..\"><\/object><a href=\"https:\/\/cre.church.mt\/wp-content\/uploads\/Emergent_Curriculum\/Year_4\/Unit_2\/Lesson_2\/Year-4-2.2-Il-Pjan-tal-lezzjoni.pdf\">Il-pjan tal-lezzjoni<\/a><a href=\"https:\/\/cre.church.mt\/wp-content\/uploads\/Emergent_Curriculum\/Year_4\/Unit_2\/Lesson_2\/Year-4-2.2-Il-Pjan-tal-lezzjoni.pdf\" class=\"wp-block-file__button\" download>Download<\/a><\/div>\n\n\n\n<div data-wp-interactive=\"core\/file\" class=\"wp-block-file\"><object data-wp-bind--hidden=\"!state.hasPdfPreview\"  class=\"wp-block-file__embed\" data=\"https:\/\/cre.church.mt\/wp-content\/uploads\/Emergent_Curriculum\/Year_4\/Unit_2\/Lesson_2\/Year-4-2.2-Roleplay.pdf\" type=\"application\/pdf\" style=\"width:100%;height:200px\" aria-label=\"Embed of Embed of Roleplay..\"><\/object><a href=\"https:\/\/cre.church.mt\/wp-content\/uploads\/Emergent_Curriculum\/Year_4\/Unit_2\/Lesson_2\/Year-4-2.2-Roleplay.pdf\">Roleplay<\/a><a href=\"https:\/\/cre.church.mt\/wp-content\/uploads\/Emergent_Curriculum\/Year_4\/Unit_2\/Lesson_2\/Year-4-2.2-Roleplay.pdf\" class=\"wp-block-file__button\" download>Download<\/a><\/div>\n<\/div>\n\n\n\n<div class=\"wp-block-column is-layout-flow wp-block-column-is-layout-flow\">\n<figure class=\"wp-block-embed is-type-video is-provider-youtube wp-block-embed-youtube wp-embed-aspect-4-3 wp-has-aspect-ratio\"><div class=\"wp-block-embed__wrapper\">\n<iframe title=\"The Boy Jesus in the Temple\" width=\"800\" height=\"600\" src=\"https:\/\/www.youtube.com\/embed\/il9Z39tDhGE?feature=oembed\" frameborder=\"0\" allow=\"accelerometer; autoplay; clipboard-write; encrypted-media; gyroscope; picture-in-picture\" allowfullscreen><\/iframe>\n<\/div><figcaption>\u0120es\u00f9 fit-tempju meta kellu 12-il sena<\/figcaption><\/figure>\n<\/div>\n<\/div>\n\n\n\n<h3 class=\"wp-block-heading\">Lezzjoni 3<\/h3>\n\n\n\n<div class=\"wp-block-columns is-layout-flex wp-container-core-columns-is-layout-3 wp-block-columns-is-layout-flex\">\n<div class=\"wp-block-column is-layout-flow wp-block-column-is-layout-flow\">\n<div data-wp-interactive=\"core\/file\" class=\"wp-block-file\"><object data-wp-bind--hidden=\"!state.hasPdfPreview\"  class=\"wp-block-file__embed\" data=\"https:\/\/cre.church.mt\/wp-content\/uploads\/Emergent_Curriculum\/Year_4\/Unit_2\/Lesson_3\/Year-4-2.3-Il-Pjan-tal-Lezzjoni.pdf\" type=\"application\/pdf\" style=\"width:100%;height:200px\" aria-label=\"Embed of Embed of Il-pjan tal-lezzjoni..\"><\/object><a href=\"https:\/\/cre.church.mt\/wp-content\/uploads\/Emergent_Curriculum\/Year_4\/Unit_2\/Lesson_3\/Year-4-2.3-Il-Pjan-tal-Lezzjoni.pdf\">Il-pjan tal-lezzjoni<\/a><a href=\"https:\/\/cre.church.mt\/wp-content\/uploads\/Emergent_Curriculum\/Year_4\/Unit_2\/Lesson_3\/Year-4-2.3-Il-Pjan-tal-Lezzjoni.pdf\" class=\"wp-block-file__button\" download>Download<\/a><\/div>\n\n\n\n<figure class=\"wp-block-embed is-type-video is-provider-youtube wp-block-embed-youtube wp-embed-aspect-16-9 wp-has-aspect-ratio\"><div class=\"wp-block-embed__wrapper\">\n<iframe title=\"&quot;People in Our Community&quot; - Teaches Jobs &amp; Occupations\" width=\"800\" height=\"450\" src=\"https:\/\/www.youtube.com\/embed\/mw6RBvUmayA?feature=oembed\" frameborder=\"0\" allow=\"accelerometer; autoplay; clipboard-write; encrypted-media; gyroscope; picture-in-picture\" allowfullscreen><\/iframe>\n<\/div><figcaption>Nies fil-komunit\u00e0 tag\u0127na<\/figcaption><\/figure>\n<\/div>\n\n\n\n<div class=\"wp-block-column is-layout-flow wp-block-column-is-layout-flow\">\n<div class=\"wp-block-file\"><a href=\"https:\/\/cre.church.mt\/wp-content\/uploads\/Emergent_Curriculum\/Year_4\/Unit_2\/Lesson_3\/Year-4-2.3-Mid-Djarju-ta_-Robert.pptx\">Mid-djarju ta&#8217; Robert &#8211; Slide show<\/a><a href=\"https:\/\/cre.church.mt\/wp-content\/uploads\/Emergent_Curriculum\/Year_4\/Unit_2\/Lesson_3\/Year-4-2.3-Mid-Djarju-ta_-Robert.pptx\" class=\"wp-block-file__button\" download>Download<\/a><\/div>\n<\/div>\n<\/div>\n\n\n\n<h3 class=\"wp-block-heading\">Lezzjoni 4<\/h3>\n\n\n\n<div class=\"wp-block-columns is-layout-flex wp-container-core-columns-is-layout-4 wp-block-columns-is-layout-flex\">\n<div class=\"wp-block-column is-layout-flow wp-block-column-is-layout-flow\">\n<div data-wp-interactive=\"core\/file\" class=\"wp-block-file\"><object data-wp-bind--hidden=\"!state.hasPdfPreview\"  class=\"wp-block-file__embed\" data=\"https:\/\/cre.church.mt\/wp-content\/uploads\/Emergent_Curriculum\/Year_4\/Unit_2\/Lesson_4\/Year-4-2.4-Il-Pjan-tal-Lezzjoni.pdf\" type=\"application\/pdf\" style=\"width:100%;height:210px\" aria-label=\"Embed of Embed of Il-pjan tal-lezzjoni..\"><\/object><a href=\"https:\/\/cre.church.mt\/wp-content\/uploads\/Emergent_Curriculum\/Year_4\/Unit_2\/Lesson_4\/Year-4-2.4-Il-Pjan-tal-Lezzjoni.pdf\">Il-pjan tal-lezzjoni<\/a><a href=\"https:\/\/cre.church.mt\/wp-content\/uploads\/Emergent_Curriculum\/Year_4\/Unit_2\/Lesson_4\/Year-4-2.4-Il-Pjan-tal-Lezzjoni.pdf\" class=\"wp-block-file__button\" download>Download<\/a><\/div>\n\n\n\n<figure class=\"wp-block-embed is-type-video is-provider-youtube wp-block-embed-youtube wp-embed-aspect-4-3 wp-has-aspect-ratio\"><div class=\"wp-block-embed__wrapper\">\n<iframe title=\"Respect Song (Classroom Mix Version)\" width=\"800\" height=\"600\" src=\"https:\/\/www.youtube.com\/embed\/ZgidfFs-j4M?feature=oembed\" frameborder=\"0\" allow=\"accelerometer; autoplay; clipboard-write; encrypted-media; gyroscope; picture-in-picture\" allowfullscreen><\/iframe>\n<\/div><figcaption>Rispett<\/figcaption><\/figure>\n<\/div>\n\n\n\n<div class=\"wp-block-column is-layout-flow wp-block-column-is-layout-flow\">\n<div class=\"wp-block-file\"><a href=\"https:\/\/cre.church.mt\/wp-content\/uploads\/Emergent_Curriculum\/Year_4\/Unit_2\/Lesson_4\/Year-4-2.4-Ittra-ta_-Ringrazzjament.pptx\">Ittra ta&#8217; ringrazzjament &#8211; PowerPoint<\/a><a href=\"https:\/\/cre.church.mt\/wp-content\/uploads\/Emergent_Curriculum\/Year_4\/Unit_2\/Lesson_4\/Year-4-2.4-Ittra-ta_-Ringrazzjament.pptx\" class=\"wp-block-file__button\" download>Download<\/a><\/div>\n<\/div>\n<\/div>\n\n\n\n<h3 class=\"wp-block-heading\">Lezzjoni 5<\/h3>\n\n\n\n<div class=\"wp-block-columns is-layout-flex wp-container-core-columns-is-layout-5 wp-block-columns-is-layout-flex\">\n<div class=\"wp-block-column is-layout-flow wp-block-column-is-layout-flow\">\n<div data-wp-interactive=\"core\/file\" class=\"wp-block-file\"><object data-wp-bind--hidden=\"!state.hasPdfPreview\"  class=\"wp-block-file__embed\" data=\"https:\/\/cre.church.mt\/wp-content\/uploads\/Emergent_Curriculum\/Year_4\/Unit_2\/Lesson_5\/Year-4-2.5-Il-Pjan-tal-Lezzjoni.pdf\" type=\"application\/pdf\" style=\"width:100%;height:200px\" aria-label=\"Embed of Embed of Il-pjan tal-lezzjoni..\"><\/object><a href=\"https:\/\/cre.church.mt\/wp-content\/uploads\/Emergent_Curriculum\/Year_4\/Unit_2\/Lesson_5\/Year-4-2.5-Il-Pjan-tal-Lezzjoni.pdf\">Il-pjan tal-lezzjoni<\/a><a href=\"https:\/\/cre.church.mt\/wp-content\/uploads\/Emergent_Curriculum\/Year_4\/Unit_2\/Lesson_5\/Year-4-2.5-Il-Pjan-tal-Lezzjoni.pdf\" class=\"wp-block-file__button\" download>Download<\/a><\/div>\n\n\n\n<div data-wp-interactive=\"core\/file\" class=\"wp-block-file\"><object data-wp-bind--hidden=\"!state.hasPdfPreview\"  class=\"wp-block-file__embed\" data=\"https:\/\/cre.church.mt\/wp-content\/uploads\/Emergent_Curriculum\/Year_4\/Unit_2\/Lesson_5\/Year-4-2.5-Intervista-ma_-Gesu.pdf\" type=\"application\/pdf\" style=\"width:100%;height:200px\" aria-label=\"Embed of Embed of Intervista ma&#039; \u0120es\u00f9..\"><\/object><a href=\"https:\/\/cre.church.mt\/wp-content\/uploads\/Emergent_Curriculum\/Year_4\/Unit_2\/Lesson_5\/Year-4-2.5-Intervista-ma_-Gesu.pdf\">Intervista ma&#8217; \u0120es\u00f9<\/a><a href=\"https:\/\/cre.church.mt\/wp-content\/uploads\/Emergent_Curriculum\/Year_4\/Unit_2\/Lesson_5\/Year-4-2.5-Intervista-ma_-Gesu.pdf\" class=\"wp-block-file__button\" download>Download<\/a><\/div>\n<\/div>\n\n\n\n<div class=\"wp-block-column is-layout-flow wp-block-column-is-layout-flow\">\n<div class=\"wp-block-file\"><a href=\"https:\/\/cre.church.mt\/wp-content\/uploads\/Emergent_Curriculum\/Year_4\/Unit_2\/Lesson_5\/Year-4-2.5-ppt-L-Ewwel-Snin-Ta_-Gesu.pptx\">L-ewwel snin ta&#8217; \u0120es\u00f9 &#8211; PowerPoint<\/a><a href=\"https:\/\/cre.church.mt\/wp-content\/uploads\/Emergent_Curriculum\/Year_4\/Unit_2\/Lesson_5\/Year-4-2.5-ppt-L-Ewwel-Snin-Ta_-Gesu.pptx\" class=\"wp-block-file__button\" download>Download<\/a><\/div>\n<\/div>\n<\/div>\n\n\n\n<h3 class=\"wp-block-heading\">Lezzjoni 6<\/h3>\n\n\n\n<div class=\"wp-block-columns is-layout-flex wp-container-core-columns-is-layout-6 wp-block-columns-is-layout-flex\">\n<div class=\"wp-block-column is-layout-flow wp-block-column-is-layout-flow\">\n<div data-wp-interactive=\"core\/file\" class=\"wp-block-file\"><object data-wp-bind--hidden=\"!state.hasPdfPreview\"  class=\"wp-block-file__embed\" data=\"https:\/\/cre.church.mt\/wp-content\/uploads\/Emergent_Curriculum\/Year_4\/Unit_2\/Lesson_6\/Year-4-2.6-Il-Pjan-tal-Lezzjoni.pdf\" type=\"application\/pdf\" style=\"width:100%;height:200px\" aria-label=\"Embed of Embed of Il-pjan tal-lezzjoni..\"><\/object><a href=\"https:\/\/cre.church.mt\/wp-content\/uploads\/Emergent_Curriculum\/Year_4\/Unit_2\/Lesson_6\/Year-4-2.6-Il-Pjan-tal-Lezzjoni.pdf\">Il-pjan tal-lezzjoni<\/a><a href=\"https:\/\/cre.church.mt\/wp-content\/uploads\/Emergent_Curriculum\/Year_4\/Unit_2\/Lesson_6\/Year-4-2.6-Il-Pjan-tal-Lezzjoni.pdf\" class=\"wp-block-file__button\" download>Download<\/a><\/div>\n<\/div>\n\n\n\n<div class=\"wp-block-column is-layout-flow wp-block-column-is-layout-flow\">\n<div class=\"wp-block-file\"><a href=\"https:\/\/cre.church.mt\/wp-content\/uploads\/Emergent_Curriculum\/Year_4\/Unit_2\/Lesson_6\/Year-4-2.6-Il-hajja-ta_-Gesu-u-Tieghi-ppt1.pptx\">Il-\u0127ajja ta&#8217; \u0120es\u00f9 u l-<br>\u0127ajja tieg\u0127i &#8211; PowerPoint<\/a><a href=\"https:\/\/cre.church.mt\/wp-content\/uploads\/Emergent_Curriculum\/Year_4\/Unit_2\/Lesson_6\/Year-4-2.6-Il-hajja-ta_-Gesu-u-Tieghi-ppt1.pptx\" class=\"wp-block-file__button\" download>Download<\/a><\/div>\n<\/div>\n<\/div>\n\n\n\n<h3 class=\"wp-block-heading\">Lesson 7<\/h3>\n\n\n\n<div class=\"wp-block-columns is-layout-flex wp-container-core-columns-is-layout-7 wp-block-columns-is-layout-flex\">\n<div class=\"wp-block-column is-layout-flow wp-block-column-is-layout-flow\">\n<div data-wp-interactive=\"core\/file\" class=\"wp-block-file\"><object data-wp-bind--hidden=\"!state.hasPdfPreview\"  class=\"wp-block-file__embed\" data=\"https:\/\/cre.church.mt\/wp-content\/uploads\/Emergent_Curriculum\/Year_4\/Unit_2\/Lesson_7\/Year-4-2.7-Il-Pjan-tal-Lezzjoni.pdf\" type=\"application\/pdf\" style=\"width:100%;height:200px\" aria-label=\"Embed of Embed of Il-pjan tal-lezzjoni..\"><\/object><a href=\"https:\/\/cre.church.mt\/wp-content\/uploads\/Emergent_Curriculum\/Year_4\/Unit_2\/Lesson_7\/Year-4-2.7-Il-Pjan-tal-Lezzjoni.pdf\">Il-pjan tal-lezzjoni<\/a><a href=\"https:\/\/cre.church.mt\/wp-content\/uploads\/Emergent_Curriculum\/Year_4\/Unit_2\/Lesson_7\/Year-4-2.7-Il-Pjan-tal-Lezzjoni.pdf\" class=\"wp-block-file__button\" download>Download<\/a><\/div>\n<\/div>\n\n\n\n<div class=\"wp-block-column is-layout-flow wp-block-column-is-layout-flow\">\n<div data-wp-interactive=\"core\/file\" class=\"wp-block-file\"><object data-wp-bind--hidden=\"!state.hasPdfPreview\"  class=\"wp-block-file__embed\" data=\"https:\/\/cre.church.mt\/wp-content\/uploads\/Emergent_Curriculum\/Year_4\/Unit_2\/Lesson_7\/Year-4-2.7-Guzeppi-Ta_-Kopertino-ppt.pdf\" type=\"application\/pdf\" style=\"width:100%;height:200px\" aria-label=\"Embed of Embed of San \u0120u\u017cepp ta&#039; Kupertinu..\"><\/object><a href=\"https:\/\/cre.church.mt\/wp-content\/uploads\/Emergent_Curriculum\/Year_4\/Unit_2\/Lesson_7\/Year-4-2.7-Guzeppi-Ta_-Kopertino-ppt.pdf\">San \u0120u\u017cepp ta&#8217; Kupertinu<\/a><a href=\"https:\/\/cre.church.mt\/wp-content\/uploads\/Emergent_Curriculum\/Year_4\/Unit_2\/Lesson_7\/Year-4-2.7-Guzeppi-Ta_-Kopertino-ppt.pdf\" class=\"wp-block-file__button\" download>Download<\/a><\/div>\n<\/div>\n<\/div>\n\n\n\n<h3 class=\"wp-block-heading\">Lesson 8<\/h3>\n\n\n\n<div class=\"wp-block-columns is-layout-flex wp-container-core-columns-is-layout-8 wp-block-columns-is-layout-flex\">\n<div class=\"wp-block-column is-layout-flow wp-block-column-is-layout-flow\">\n<div data-wp-interactive=\"core\/file\" class=\"wp-block-file\"><object data-wp-bind--hidden=\"!state.hasPdfPreview\"  class=\"wp-block-file__embed\" data=\"https:\/\/cre.church.mt\/wp-content\/uploads\/Emergent_Curriculum\/Year_4\/Unit_2\/Lesson_8\/Year-4-2.8-Il-Pjan-tal-Lezzjoni.pdf\" type=\"application\/pdf\" style=\"width:100%;height:200px\" aria-label=\"Embed of Embed of Il-pjan tal-lezzjoni..\"><\/object><a href=\"https:\/\/cre.church.mt\/wp-content\/uploads\/Emergent_Curriculum\/Year_4\/Unit_2\/Lesson_8\/Year-4-2.8-Il-Pjan-tal-Lezzjoni.pdf\">Il-pjan tal-lezzjoni<\/a><a href=\"https:\/\/cre.church.mt\/wp-content\/uploads\/Emergent_Curriculum\/Year_4\/Unit_2\/Lesson_8\/Year-4-2.8-Il-Pjan-tal-Lezzjoni.pdf\" class=\"wp-block-file__button\" download>Download<\/a><\/div>\n<\/div>\n\n\n\n<div class=\"wp-block-column is-layout-flow wp-block-column-is-layout-flow\">\n<figure class=\"wp-block-embed is-type-video is-provider-youtube wp-block-embed-youtube wp-embed-aspect-4-3 wp-has-aspect-ratio\"><div class=\"wp-block-embed__wrapper\">\n<iframe title=\"I Am a C-H-R-I-S-T-I-A-N Song Lyrics\" width=\"800\" height=\"600\" src=\"https:\/\/www.youtube.com\/embed\/YH_mhPX7C5k?feature=oembed\" frameborder=\"0\" allow=\"accelerometer; autoplay; clipboard-write; encrypted-media; gyroscope; picture-in-picture\" allowfullscreen><\/iframe>\n<\/div><figcaption>I am C-H-R-I-S-T-I-A-N<\/figcaption><\/figure>\n<\/div>\n<\/div>\n","protected":false},"excerpt":{"rendered":"<p>Lezzjoni 1      <a href=\"https:\/\/cre.church.mt\/wp-content\/uploads\/Emergent_Curriculum\/Year_4\/Unit_2\/Lesson_1\/Year-4-2.1-Il-Pjan-tal-lezzjoni.pdf\">Il-pjan tal-lezzjoni<\/a><a href=\"https:\/\/cre.church.mt\/wp-content\/uploads\/Emergent_Curriculum\/Year_4\/Unit_2\/Lesson_1\/Year-4-2.1-Il-Pjan-tal-lezzjoni.pdf\" class=\"wp-block-file__button\" download>Download<\/a>      <a href=\"https:\/\/cre.church.mt\/wp-content\/uploads\/Emergent_Curriculum\/Year_4\/Unit_2\/Lesson_1\/Year-4-2.1-Ilkoll-familja-wahda-ppt.pptx\">A\u0127na familja wa\u0127da &#8211; PowerPoint<\/a><a href=\"https:\/\/cre.church.mt\/wp-content\/uploads\/Emergent_Curriculum\/Year_4\/Unit_2\/Lesson_1\/Year-4-2.1-Ilkoll-familja-wahda-ppt.pptx\" class=\"wp-block-file__button\" download>Download<\/a>      Lezzjoni 2      <a href=\"https:\/\/cre.church.mt\/wp-content\/uploads\/Emergent_Curriculum\/Year_4\/Unit_2\/Lesson_2\/Year-4-2.2-Il-Pjan-tal-lezzjoni.pdf\">Il-pjan tal-lezzjoni<\/a><a href=\"https:\/\/cre.church.mt\/wp-content\/uploads\/Emergent_Curriculum\/Year_4\/Unit_2\/Lesson_2\/Year-4-2.2-Il-Pjan-tal-lezzjoni.pdf\" class=\"wp-block-file__button\" download>Download<\/a>    <a href=\"https:\/\/cre.church.mt\/wp-content\/uploads\/Emergent_Curriculum\/Year_4\/Unit_2\/Lesson_2\/Year-4-2.2-Roleplay.pdf\">Roleplay<\/a><a href=\"https:\/\/cre.church.mt\/wp-content\/uploads\/Emergent_Curriculum\/Year_4\/Unit_2\/Lesson_2\/Year-4-2.2-Roleplay.pdf\" class=\"wp-block-file__button\" download>Download<\/a>        \u0120es\u00f9 fit-tempju meta kellu 12-il sena      Lezzjoni 3      <a href=\"https:\/\/cre.church.mt\/wp-content\/uploads\/Emergent_Curriculum\/Year_4\/Unit_2\/Lesson_3\/Year-4-2.3-Il-Pjan-tal-Lezzjoni.pdf\">Il-pjan tal-lezzjoni<\/a><a href=\"https:\/\/cre.church.mt\/wp-content\/uploads\/Emergent_Curriculum\/Year_4\/Unit_2\/Lesson_3\/Year-4-2.3-Il-Pjan-tal-Lezzjoni.pdf\" class=\"wp-block-file__button\" download>Download<\/a>      Nies fil-komunit\u00e0 tag\u0127na      <a href=\"https:\/\/cre.church.mt\/wp-content\/uploads\/Emergent_Curriculum\/Year_4\/Unit_2\/Lesson_3\/Year-4-2.3-Mid-Djarju-ta_-Robert.pptx\">Mid-djarju ta&#8217; Robert &#8211; Slide show<\/a><a href=\"https:\/\/cre.church.mt\/wp-content\/uploads\/Emergent_Curriculum\/Year_4\/Unit_2\/Lesson_3\/Year-4-2.3-Mid-Djarju-ta_-Robert.pptx\" class=\"wp-block-file__button\" download>Download<\/a>      Lezzjoni 4      <a href=\"https:\/\/cre.church.mt\/wp-content\/uploads\/Emergent_Curriculum\/Year_4\/Unit_2\/Lesson_4\/Year-4-2.4-Il-Pjan-tal-Lezzjoni.pdf\">Il-pjan tal-lezzjoni<\/a><a href=\"https:\/\/cre.church.mt\/wp-content\/uploads\/Emergent_Curriculum\/Year_4\/Unit_2\/Lesson_4\/Year-4-2.4-Il-Pjan-tal-Lezzjoni.pdf\" class=\"wp-block-file__button\" download>Download<\/a>      Rispett      <a href=\"https:\/\/cre.church.mt\/wp-content\/uploads\/Emergent_Curriculum\/Year_4\/Unit_2\/Lesson_4\/Year-4-2.4-Ittra-ta_-Ringrazzjament.pptx\">Ittra ta&#8217; ringrazzjament &#8211; PowerPoint<\/a><a href=\"https:\/\/cre.church.mt\/wp-content\/uploads\/Emergent_Curriculum\/Year_4\/Unit_2\/Lesson_4\/Year-4-2.4-Ittra-ta_-Ringrazzjament.pptx\" class=\"wp-block-file__button\" download>Download<\/a>      Lezzjoni 5      <a href=\"https:\/\/cre.church.mt\/wp-content\/uploads\/Emergent_Curriculum\/Year_4\/Unit_2\/Lesson_5\/Year-4-2.5-Il-Pjan-tal-Lezzjoni.pdf\">Il-pjan tal-lezzjoni<\/a><a href=\"https:\/\/cre.church.mt\/wp-content\/uploads\/Emergent_Curriculum\/Year_4\/Unit_2\/Lesson_5\/Year-4-2.5-Il-Pjan-tal-Lezzjoni.pdf\" class=\"wp-block-file__button\" download>Download<\/a>    <a href=\"https:\/\/cre.church.mt\/wp-content\/uploads\/Emergent_Curriculum\/Year_4\/Unit_2\/Lesson_5\/Year-4-2.5-Intervista-ma_-Gesu.pdf\">Intervista ma&#8217; \u0120es\u00f9<\/a><a href=\"https:\/\/cre.church.mt\/wp-content\/uploads\/Emergent_Curriculum\/Year_4\/Unit_2\/Lesson_5\/Year-4-2.5-Intervista-ma_-Gesu.pdf\" class=\"wp-block-file__button\" download>Download<\/a>      <a href=\"https:\/\/cre.church.mt\/wp-content\/uploads\/Emergent_Curriculum\/Year_4\/Unit_2\/Lesson_5\/Year-4-2.5-ppt-L-Ewwel-Snin-Ta_-Gesu.pptx\">L-ewwel snin ta&#8217; \u0120es\u00f9 &#8211; PowerPoint<\/a><a href=\"https:\/\/cre.church.mt\/wp-content\/uploads\/Emergent_Curriculum\/Year_4\/Unit_2\/Lesson_5\/Year-4-2.5-ppt-L-Ewwel-Snin-Ta_-Gesu.pptx\" class=\"wp-block-file__button\" download>Download<\/a>      Lezzjoni 6      <a href=\"https:\/\/cre.church.mt\/wp-content\/uploads\/Emergent_Curriculum\/Year_4\/Unit_2\/Lesson_6\/Year-4-2.6-Il-Pjan-tal-Lezzjoni.pdf\">Il-pjan tal-lezzjoni<\/a><a href=\"https:\/\/cre.church.mt\/wp-content\/uploads\/Emergent_Curriculum\/Year_4\/Unit_2\/Lesson_6\/Year-4-2.6-Il-Pjan-tal-Lezzjoni.pdf\" class=\"wp-block-file__button\" download>Download<\/a>      <a href=\"https:\/\/cre.church.mt\/wp-content\/uploads\/Emergent_Curriculum\/Year_4\/Unit_2\/Lesson_6\/Year-4-2.6-Il-hajja-ta_-Gesu-u-Tieghi-ppt1.pptx\">Il-\u0127ajja ta&#8217; \u0120es\u00f9 u l-<br \/>\u0127ajja tieg\u0127i &#8211; PowerPoint<\/a><a href=\"https:\/\/cre.church.mt\/wp-content\/uploads\/Emergent_Curriculum\/Year_4\/Unit_2\/Lesson_6\/Year-4-2.6-Il-hajja-ta_-Gesu-u-Tieghi-ppt1.pptx\" class=\"wp-block-file__button\" download>Download<\/a>      Lesson 7      <a href=\"https:\/\/cre.church.mt\/wp-content\/uploads\/Emergent_Curriculum\/Year_4\/Unit_2\/Lesson_7\/Year-4-2.7-Il-Pjan-tal-Lezzjoni.pdf\">Il-pjan tal-lezzjoni<\/a><a href=\"https:\/\/cre.church.mt\/wp-content\/uploads\/Emergent_Curriculum\/Year_4\/Unit_2\/Lesson_7\/Year-4-2.7-Il-Pjan-tal-Lezzjoni.pdf\" class=\"wp-block-file__button\" download>Download<\/a>      <a href=\"https:\/\/cre.church.mt\/wp-content\/uploads\/Emergent_Curriculum\/Year_4\/Unit_2\/Lesson_7\/Year-4-2.7-Guzeppi-Ta_-Kopertino-ppt.pdf\">San \u0120u\u017cepp ta&#8217; Kupertinu<\/a><a href=\"https:\/\/cre.church.mt\/wp-content\/uploads\/Emergent_Curriculum\/Year_4\/Unit_2\/Lesson_7\/Year-4-2.7-Guzeppi-Ta_-Kopertino-ppt.pdf\" class=\"wp-block-file__button\" download>Download<\/a>      Lesson 8      <a href=\"https:\/\/cre.church.mt\/wp-content\/uploads\/Emergent_Curriculum\/Year_4\/Unit_2\/Lesson_8\/Year-4-2.8-Il-Pjan-tal-Lezzjoni.pdf\">Il-pjan tal-lezzjoni<\/a><a href=\"https:\/\/cre.church.mt\/wp-content\/uploads\/Emergent_Curriculum\/Year_4\/Unit_2\/Lesson_8\/Year-4-2.8-Il-Pjan-tal-Lezzjoni.pdf\" class=\"wp-block-file__button\" download>Download<\/a>        I am C-H-R-I-S-T-I-A-N<\/p>\n","protected":false},"author":3,"featured_media":0,"parent":5953,"menu_order":2,"comment_status":"closed","ping_status":"closed","template":"","meta":{"footnotes":""},"class_list":["post-5963","page","type-page","status-publish","hentry"],"_links":{"self":[{"href":"https:\/\/cre.church.mt\/mt\/wp-json\/wp\/v2\/pages\/5963"}],"collection":[{"href":"https:\/\/cre.church.mt\/mt\/wp-json\/wp\/v2\/pages"}],"about":[{"href":"https:\/\/cre.church.mt\/mt\/wp-json\/wp\/v2\/types\/page"}],"author":[{"embeddable":true,"href":"https:\/\/cre.church.mt\/mt\/wp-json\/wp\/v2\/users\/3"}],"replies":[{"embeddable":true,"href":"https:\/\/cre.church.mt\/mt\/wp-json\/wp\/v2\/comments?post=5963"}],"version-history":[{"count":1,"href":"https:\/\/cre.church.mt\/mt\/wp-json\/wp\/v2\/pages\/5963\/revisions"}],"predecessor-version":[{"id":5964,"href":"https:\/\/cre.church.mt\/mt\/wp-json\/wp\/v2\/pages\/5963\/revisions\/5964"}],"up":[{"embeddable":true,"href":"https:\/\/cre.church.mt\/mt\/wp-json\/wp\/v2\/pages\/5953"}],"wp:attachment":[{"href":"https:\/\/cre.church.mt\/mt\/wp-json\/wp\/v2\/media?parent=5963"}],"curies":[{"name":"wp","href":"https:\/\/api.w.org\/{rel}","templated":true}]}}