{"id":5013,"date":"2022-07-07T19:24:23","date_gmt":"2022-07-07T17:24:23","guid":{"rendered":"https:\/\/cre.church.mt\/?page_id=5013"},"modified":"2022-07-07T19:30:26","modified_gmt":"2022-07-07T17:30:26","slug":"it-2-sena-kapitlu-5-gesu-jitwieled-bhalna","status":"publish","type":"page","link":"https:\/\/cre.church.mt\/mt\/resources\/year-2-ghal-dinja-ahjar\/it-2-sena-kapitlu-5-gesu-jitwieled-bhalna\/","title":{"rendered":"It-2 Sena Kapitlu 5 &#8211; \u0120es\u00f9 jitwieled b\u0127alna"},"content":{"rendered":"\n<div class=\"wp-block-columns is-layout-flex wp-container-core-columns-is-layout-1 wp-block-columns-is-layout-flex\">\n<div class=\"wp-block-column is-layout-flow wp-block-column-is-layout-flow\">\n<div data-wp-interactive=\"core\/file\" class=\"wp-block-file\"><object data-wp-bind--hidden=\"!state.hasPdfPreview\"  class=\"wp-block-file__embed\" data=\"https:\/\/cre.church.mt\/wp-content\/uploads\/Emergent_Curriculum\/Year_2\/Unit_5\/Programm-ghas-Sena-Year-2-Kap-5-Id-Dinja-Sabiha.pdf\" type=\"application\/pdf\" style=\"width:100%;height:200px\" aria-label=\"Embed of Embed of Programm it-2 Sena Kapitlu 5  - \u0120es\u00f9 jitwieled b\u0127alna..\"><\/object><a href=\"https:\/\/cre.church.mt\/wp-content\/uploads\/Emergent_Curriculum\/Year_2\/Unit_5\/Programm-ghas-Sena-Year-2-Kap-5-Id-Dinja-Sabiha.pdf\">Programm it-2 Sena Kapitlu 5  &#8211; \u0120es\u00f9 jitwieled b\u0127alna<\/a><a href=\"https:\/\/cre.church.mt\/wp-content\/uploads\/Emergent_Curriculum\/Year_2\/Unit_5\/Programm-ghas-Sena-Year-2-Kap-5-Id-Dinja-Sabiha.pdf\" class=\"wp-block-file__button\" download>Download<\/a><\/div>\n<\/div>\n\n\n\n<div class=\"wp-block-column is-layout-flow wp-block-column-is-layout-flow\"><\/div>\n<\/div>\n\n\n\n<hr class=\"wp-block-separator\"\/>\n\n\n\n<h3 class=\"wp-block-heading\">Lezzjoni 1<\/h3>\n\n\n\n<div class=\"wp-block-columns is-layout-flex wp-container-core-columns-is-layout-2 wp-block-columns-is-layout-flex\">\n<div class=\"wp-block-column is-layout-flow wp-block-column-is-layout-flow\">\n<div data-wp-interactive=\"core\/file\" class=\"wp-block-file\"><object data-wp-bind--hidden=\"!state.hasPdfPreview\"  class=\"wp-block-file__embed\" data=\"https:\/\/cre.church.mt\/wp-content\/uploads\/Emergent_Curriculum\/Year_2\/Unit_5\/Lesson_1\/Year-2-5.1-Il-Pjan-tal-Lezzjoni.pdf\" type=\"application\/pdf\" style=\"width:100%;height:200px\" aria-label=\"Embed of Embed of Pjan tal-lezzjoni..\"><\/object><a href=\"https:\/\/cre.church.mt\/wp-content\/uploads\/Emergent_Curriculum\/Year_2\/Unit_5\/Lesson_1\/Year-2-5.1-Il-Pjan-tal-Lezzjoni.pdf\">Pjan tal-lezzjoni<\/a><a href=\"https:\/\/cre.church.mt\/wp-content\/uploads\/Emergent_Curriculum\/Year_2\/Unit_5\/Lesson_1\/Year-2-5.1-Il-Pjan-tal-Lezzjoni.pdf\" class=\"wp-block-file__button\" download>Download<\/a><\/div>\n\n\n\n<figure class=\"wp-block-embed is-type-video is-provider-youtube wp-block-embed-youtube wp-embed-aspect-4-3 wp-has-aspect-ratio\"><div class=\"wp-block-embed__wrapper\">\n<iframe title=\"Meet Your New Baby Sister!   Adorable big sister meets newborn sister for the first time.  So cute!\" width=\"800\" height=\"600\" src=\"https:\/\/www.youtube.com\/embed\/c8BzF-TykDo?feature=oembed\" frameborder=\"0\" allow=\"accelerometer; autoplay; clipboard-write; encrypted-media; gyroscope; picture-in-picture\" allowfullscreen><\/iframe>\n<\/div><figcaption>Iltaqg\u0127a ma&#8217; o\u0127tok tarbija!<\/figcaption><\/figure>\n<\/div>\n\n\n\n<div class=\"wp-block-column is-layout-flow wp-block-column-is-layout-flow\">\n<div class=\"wp-block-file\"><a href=\"https:\/\/cre.church.mt\/wp-content\/uploads\/Emergent_Curriculum\/Year_2\/Unit_5\/Lesson_1\/Year-2-5.1-Il-wasla-ta-tarbija.ppt\">It-twelid ta&#8217; tarbija &#8211; PowerPoint<\/a><a href=\"https:\/\/cre.church.mt\/wp-content\/uploads\/Emergent_Curriculum\/Year_2\/Unit_5\/Lesson_1\/Year-2-5.1-Il-wasla-ta-tarbija.ppt\" class=\"wp-block-file__button\" download>Download<\/a><\/div>\n<\/div>\n<\/div>\n\n\n\n<h3 class=\"wp-block-heading\">Lezzjoni 2<\/h3>\n\n\n\n<div class=\"wp-block-columns is-layout-flex wp-container-core-columns-is-layout-3 wp-block-columns-is-layout-flex\">\n<div class=\"wp-block-column is-layout-flow wp-block-column-is-layout-flow\">\n<div data-wp-interactive=\"core\/file\" class=\"wp-block-file\"><object data-wp-bind--hidden=\"!state.hasPdfPreview\"  class=\"wp-block-file__embed\" data=\"https:\/\/cre.church.mt\/wp-content\/uploads\/Emergent_Curriculum\/Year_2\/Unit_5\/Lesson_2\/Year-2-5.2-Il-Pjan-tal-Lezzjoni.pdf\" type=\"application\/pdf\" style=\"width:100%;height:200px\" aria-label=\"Embed of Embed of Pjan tal-lezzjoni..\"><\/object><a href=\"https:\/\/cre.church.mt\/wp-content\/uploads\/Emergent_Curriculum\/Year_2\/Unit_5\/Lesson_2\/Year-2-5.2-Il-Pjan-tal-Lezzjoni.pdf\">Pjan tal-lezzjoni<\/a><a href=\"https:\/\/cre.church.mt\/wp-content\/uploads\/Emergent_Curriculum\/Year_2\/Unit_5\/Lesson_2\/Year-2-5.2-Il-Pjan-tal-Lezzjoni.pdf\" class=\"wp-block-file__button\" download>Download<\/a><\/div>\n\n\n\n<div data-wp-interactive=\"core\/file\" class=\"wp-block-file\"><object data-wp-bind--hidden=\"!state.hasPdfPreview\"  class=\"wp-block-file__embed\" data=\"https:\/\/cre.church.mt\/wp-content\/uploads\/Emergent_Curriculum\/Year_2\/Unit_5\/Lesson_2\/Year-2-5.2-Stampa-Gesu-jhabbat.pdf\" type=\"application\/pdf\" style=\"width:100%;height:200px\" aria-label=\"Embed of Embed of Stampa - \u0120es\u00f9 j\u0127abbat..\"><\/object><a href=\"https:\/\/cre.church.mt\/wp-content\/uploads\/Emergent_Curriculum\/Year_2\/Unit_5\/Lesson_2\/Year-2-5.2-Stampa-Gesu-jhabbat.pdf\">Stampa &#8211; \u0120es\u00f9 j\u0127abbat<\/a><a href=\"https:\/\/cre.church.mt\/wp-content\/uploads\/Emergent_Curriculum\/Year_2\/Unit_5\/Lesson_2\/Year-2-5.2-Stampa-Gesu-jhabbat.pdf\" class=\"wp-block-file__button\" download>Download<\/a><\/div>\n<\/div>\n\n\n\n<div class=\"wp-block-column is-layout-flow wp-block-column-is-layout-flow\">\n<figure class=\"wp-block-embed is-type-video is-provider-youtube wp-block-embed-youtube wp-embed-aspect-16-9 wp-has-aspect-ratio\"><div class=\"wp-block-embed__wrapper\">\n<iframe title=\"The Annunciation: The Angel Gabriel Appears to Mary - Brother Francis 07 clip\" width=\"800\" height=\"450\" src=\"https:\/\/www.youtube.com\/embed\/VrYvuYwPAvU?feature=oembed\" frameborder=\"0\" allow=\"accelerometer; autoplay; clipboard-write; encrypted-media; gyroscope; picture-in-picture\" allowfullscreen><\/iframe>\n<\/div><figcaption>It-t\u0127abbira tal-an\u0121lu<\/figcaption><\/figure>\n<\/div>\n<\/div>\n\n\n\n<h3 class=\"wp-block-heading\">Lezzjoni 3<\/h3>\n\n\n\n<div class=\"wp-block-columns is-layout-flex wp-container-core-columns-is-layout-4 wp-block-columns-is-layout-flex\">\n<div class=\"wp-block-column is-layout-flow wp-block-column-is-layout-flow\">\n<div data-wp-interactive=\"core\/file\" class=\"wp-block-file\"><object data-wp-bind--hidden=\"!state.hasPdfPreview\"  class=\"wp-block-file__embed\" data=\"https:\/\/cre.church.mt\/wp-content\/uploads\/Emergent_Curriculum\/Year_2\/Unit_5\/Lesson_3\/Year-2-5.3-Il-Pjan-tal-Lezzjoni.pdf\" type=\"application\/pdf\" style=\"width:100%;height:200px\" aria-label=\"Embed of Embed of Pjan tal-lezzjoni..\"><\/object><a href=\"https:\/\/cre.church.mt\/wp-content\/uploads\/Emergent_Curriculum\/Year_2\/Unit_5\/Lesson_3\/Year-2-5.3-Il-Pjan-tal-Lezzjoni.pdf\">Pjan tal-lezzjoni<\/a><a href=\"https:\/\/cre.church.mt\/wp-content\/uploads\/Emergent_Curriculum\/Year_2\/Unit_5\/Lesson_3\/Year-2-5.3-Il-Pjan-tal-Lezzjoni.pdf\" class=\"wp-block-file__button\" download>Download<\/a><\/div>\n<\/div>\n\n\n\n<div class=\"wp-block-column is-layout-flow wp-block-column-is-layout-flow\"><\/div>\n<\/div>\n\n\n\n<h3 class=\"wp-block-heading\">Lezzjoni 4<\/h3>\n\n\n\n<div class=\"wp-block-columns is-layout-flex wp-container-core-columns-is-layout-5 wp-block-columns-is-layout-flex\">\n<div class=\"wp-block-column is-layout-flow wp-block-column-is-layout-flow\">\n<div data-wp-interactive=\"core\/file\" class=\"wp-block-file\"><object data-wp-bind--hidden=\"!state.hasPdfPreview\"  class=\"wp-block-file__embed\" data=\"https:\/\/cre.church.mt\/wp-content\/uploads\/Emergent_Curriculum\/Year_2\/Unit_5\/Lesson_4\/Year-2-5.4-Il-Pjan-tal-lezzjoni.pdf\" type=\"application\/pdf\" style=\"width:100%;height:200px\" aria-label=\"Embed of Embed of Pjan tal-lezzjoni..\"><\/object><a href=\"https:\/\/cre.church.mt\/wp-content\/uploads\/Emergent_Curriculum\/Year_2\/Unit_5\/Lesson_4\/Year-2-5.4-Il-Pjan-tal-lezzjoni.pdf\">Pjan tal-lezzjoni<\/a><a href=\"https:\/\/cre.church.mt\/wp-content\/uploads\/Emergent_Curriculum\/Year_2\/Unit_5\/Lesson_4\/Year-2-5.4-Il-Pjan-tal-lezzjoni.pdf\" class=\"wp-block-file__button\" download>Download<\/a><\/div>\n\n\n\n<div data-wp-interactive=\"core\/file\" class=\"wp-block-file\"><object data-wp-bind--hidden=\"!state.hasPdfPreview\"  class=\"wp-block-file__embed\" data=\"https:\/\/cre.church.mt\/wp-content\/uploads\/Emergent_Curriculum\/Year_2\/Unit_5\/Lesson_4\/Year-2-5.4-Il-kraft-tal-gilanda.pdf\" type=\"application\/pdf\" style=\"width:100%;height:200px\" aria-label=\"Embed of Embed of Il-girlanda tal-avvent - Kraft..\"><\/object><a href=\"https:\/\/cre.church.mt\/wp-content\/uploads\/Emergent_Curriculum\/Year_2\/Unit_5\/Lesson_4\/Year-2-5.4-Il-kraft-tal-gilanda.pdf\">Il-girlanda tal-avvent &#8211; Kraft<\/a><a href=\"https:\/\/cre.church.mt\/wp-content\/uploads\/Emergent_Curriculum\/Year_2\/Unit_5\/Lesson_4\/Year-2-5.4-Il-kraft-tal-gilanda.pdf\" class=\"wp-block-file__button\" download>Download<\/a><\/div>\n<\/div>\n\n\n\n<div class=\"wp-block-column is-layout-flow wp-block-column-is-layout-flow\">\n<div class=\"wp-block-file\"><a href=\"https:\/\/cre.church.mt\/wp-content\/uploads\/Emergent_Curriculum\/Year_2\/Unit_5\/Lesson_4\/Year-2-5.4-L-Avvent.pptx\">L-avvent &#8211; PowerPoint<\/a><a href=\"https:\/\/cre.church.mt\/wp-content\/uploads\/Emergent_Curriculum\/Year_2\/Unit_5\/Lesson_4\/Year-2-5.4-L-Avvent.pptx\" class=\"wp-block-file__button\" download>Download<\/a><\/div>\n\n\n\n<figure class=\"wp-block-embed is-type-video is-provider-youtube wp-block-embed-youtube wp-embed-aspect-4-3 wp-has-aspect-ratio\"><div class=\"wp-block-embed__wrapper\">\n<iframe title=\"COME, LORD, JESUS - ADVENT\" width=\"800\" height=\"600\" src=\"https:\/\/www.youtube.com\/embed\/lxWTE7FCp_c?feature=oembed\" frameborder=\"0\" allow=\"accelerometer; autoplay; clipboard-write; encrypted-media; gyroscope; picture-in-picture\" allowfullscreen><\/iframe>\n<\/div><figcaption>Come, Lord, Jesus<\/figcaption><\/figure>\n<\/div>\n<\/div>\n\n\n\n<h3 class=\"wp-block-heading\">Lezzjoni 5<\/h3>\n\n\n\n<div class=\"wp-block-columns is-layout-flex wp-container-core-columns-is-layout-6 wp-block-columns-is-layout-flex\">\n<div class=\"wp-block-column is-layout-flow wp-block-column-is-layout-flow\">\n<div data-wp-interactive=\"core\/file\" class=\"wp-block-file\"><object data-wp-bind--hidden=\"!state.hasPdfPreview\"  class=\"wp-block-file__embed\" data=\"https:\/\/cre.church.mt\/wp-content\/uploads\/Emergent_Curriculum\/Year_2\/Unit_5\/Lesson_5\/Year-2-5.5-Il-Pjan-tal-Lezzjoni.pdf\" type=\"application\/pdf\" style=\"width:100%;height:200px\" aria-label=\"Embed of Embed of Pjan tal-lezzjoni..\"><\/object><a href=\"https:\/\/cre.church.mt\/wp-content\/uploads\/Emergent_Curriculum\/Year_2\/Unit_5\/Lesson_5\/Year-2-5.5-Il-Pjan-tal-Lezzjoni.pdf\">Pjan tal-lezzjoni<\/a><a href=\"https:\/\/cre.church.mt\/wp-content\/uploads\/Emergent_Curriculum\/Year_2\/Unit_5\/Lesson_5\/Year-2-5.5-Il-Pjan-tal-Lezzjoni.pdf\" class=\"wp-block-file__button\" download>Download<\/a><\/div>\n\n\n\n<figure class=\"wp-block-embed is-type-video is-provider-youtube wp-block-embed-youtube wp-embed-aspect-4-3 wp-has-aspect-ratio\"><div class=\"wp-block-embed__wrapper\">\n<iframe title=\"Hush! There&#039;s a baby... Children&#039;s Christmas Carol\" width=\"800\" height=\"600\" src=\"https:\/\/www.youtube.com\/embed\/1YurJsAVorg?feature=oembed\" frameborder=\"0\" allow=\"accelerometer; autoplay; clipboard-write; encrypted-media; gyroscope; picture-in-picture\" allowfullscreen><\/iframe>\n<\/div><figcaption>Shh! Hawn tarbija<\/figcaption><\/figure>\n<\/div>\n\n\n\n<div class=\"wp-block-column is-layout-flow wp-block-column-is-layout-flow\">\n<figure class=\"wp-block-embed is-type-video is-provider-youtube wp-block-embed-youtube wp-embed-aspect-4-3 wp-has-aspect-ratio\"><div class=\"wp-block-embed__wrapper\">\n<iframe title=\"The Christmas Story (Ep3_Preview)\" width=\"800\" height=\"600\" src=\"https:\/\/www.youtube.com\/embed\/yAdr_K1OcrY?feature=oembed\" frameborder=\"0\" allow=\"accelerometer; autoplay; clipboard-write; encrypted-media; gyroscope; picture-in-picture\" allowfullscreen><\/iframe>\n<\/div><figcaption>L-istorja tal-Milied<\/figcaption><\/figure>\n<\/div>\n<\/div>\n\n\n\n<h3 class=\"wp-block-heading\">Lezzjoni 6<\/h3>\n\n\n\n<div class=\"wp-block-columns is-layout-flex wp-container-core-columns-is-layout-7 wp-block-columns-is-layout-flex\">\n<div class=\"wp-block-column is-layout-flow wp-block-column-is-layout-flow\">\n<div data-wp-interactive=\"core\/file\" class=\"wp-block-file\"><object data-wp-bind--hidden=\"!state.hasPdfPreview\"  class=\"wp-block-file__embed\" data=\"https:\/\/cre.church.mt\/wp-content\/uploads\/Emergent_Curriculum\/Year_2\/Unit_5\/Lesson_6\/Year-2-5.6-Il-Pjan-tal-lezzjoni-Autosaved.pdf\" type=\"application\/pdf\" style=\"width:100%;height:200px\" aria-label=\"Embed of Embed of Pjan tal-lezzjoni..\"><\/object><a href=\"https:\/\/cre.church.mt\/wp-content\/uploads\/Emergent_Curriculum\/Year_2\/Unit_5\/Lesson_6\/Year-2-5.6-Il-Pjan-tal-lezzjoni-Autosaved.pdf\">Pjan tal-lezzjoni<\/a><a href=\"https:\/\/cre.church.mt\/wp-content\/uploads\/Emergent_Curriculum\/Year_2\/Unit_5\/Lesson_6\/Year-2-5.6-Il-Pjan-tal-lezzjoni-Autosaved.pdf\" class=\"wp-block-file__button\" download>Download<\/a><\/div>\n\n\n\n<figure class=\"wp-block-embed is-type-video is-provider-youtube wp-block-embed-youtube wp-embed-aspect-4-3 wp-has-aspect-ratio\"><div class=\"wp-block-embed__wrapper\">\n<iframe title=\"&quot;Let&#039;s Go, Let&#039;s Go (Shepherds&#039; Song) &quot; - Children&#039;s Christmas Carol (+ actions \/ motions)\" width=\"800\" height=\"600\" src=\"https:\/\/www.youtube.com\/embed\/tU-0f2HxOPY?feature=oembed\" frameborder=\"0\" allow=\"accelerometer; autoplay; clipboard-write; encrypted-media; gyroscope; picture-in-picture\" allowfullscreen title=\"\"Let's Go, Let's Go (Shepherds' Song) \" - Children's Christmas Carol (+ actions \/ motions)\"><\/iframe>\n<\/div><figcaption>Let&#8217;s go, let&#8217;s go<\/figcaption><\/figure>\n<\/div>\n\n\n\n<div class=\"wp-block-column is-layout-flow wp-block-column-is-layout-flow\">\n<div class=\"wp-block-file\"><a href=\"https:\/\/cre.church.mt\/wp-content\/uploads\/Emergent_Curriculum\/Year_2\/Unit_5\/Lesson_6\/Year-2-5.6-PPT-Ir-Raghaj.pptx\">Ir-rag\u0127aj &#8211; PowerPoint<\/a><a href=\"https:\/\/cre.church.mt\/wp-content\/uploads\/Emergent_Curriculum\/Year_2\/Unit_5\/Lesson_6\/Year-2-5.6-PPT-Ir-Raghaj.pptx\" class=\"wp-block-file__button\" download>Download<\/a><\/div>\n<\/div>\n<\/div>\n\n\n\n<h3 class=\"wp-block-heading\">Lezzjoni 7<\/h3>\n\n\n\n<div class=\"wp-block-columns is-layout-flex wp-container-core-columns-is-layout-8 wp-block-columns-is-layout-flex\">\n<div class=\"wp-block-column is-layout-flow wp-block-column-is-layout-flow\">\n<div data-wp-interactive=\"core\/file\" class=\"wp-block-file\"><object data-wp-bind--hidden=\"!state.hasPdfPreview\"  class=\"wp-block-file__embed\" data=\"https:\/\/cre.church.mt\/wp-content\/uploads\/Emergent_Curriculum\/Year_2\/Unit_5\/Lesson_7\/Year-2-5.7-Il-Pjan-tal-lezzjoni.pdf\" type=\"application\/pdf\" style=\"width:100%;height:200px\" aria-label=\"Embed of Embed of Pjan tal-lezzjoni..\"><\/object><a href=\"https:\/\/cre.church.mt\/wp-content\/uploads\/Emergent_Curriculum\/Year_2\/Unit_5\/Lesson_7\/Year-2-5.7-Il-Pjan-tal-lezzjoni.pdf\">Pjan tal-lezzjoni<\/a><a href=\"https:\/\/cre.church.mt\/wp-content\/uploads\/Emergent_Curriculum\/Year_2\/Unit_5\/Lesson_7\/Year-2-5.7-Il-Pjan-tal-lezzjoni.pdf\" class=\"wp-block-file__button\" download>Download<\/a><\/div>\n<\/div>\n\n\n\n<div class=\"wp-block-column is-layout-flow wp-block-column-is-layout-flow\">\n<figure class=\"wp-block-embed is-type-video is-provider-youtube wp-block-embed-youtube wp-embed-aspect-4-3 wp-has-aspect-ratio\"><div class=\"wp-block-embed__wrapper\">\n<iframe title=\"Patrick n friends : Friends Help Each Other\" width=\"800\" height=\"600\" src=\"https:\/\/www.youtube.com\/embed\/dgRC_Kl9YUg?feature=oembed\" frameborder=\"0\" allow=\"accelerometer; autoplay; clipboard-write; encrypted-media; gyroscope; picture-in-picture\" allowfullscreen><\/iframe>\n<\/div><figcaption>Friends help each other<\/figcaption><\/figure>\n<\/div>\n<\/div>\n\n\n\n<h3 class=\"wp-block-heading\">Lezzjoni 8<\/h3>\n\n\n\n<div class=\"wp-block-columns is-layout-flex wp-container-core-columns-is-layout-9 wp-block-columns-is-layout-flex\">\n<div class=\"wp-block-column is-layout-flow wp-block-column-is-layout-flow\">\n<div data-wp-interactive=\"core\/file\" class=\"wp-block-file\"><object data-wp-bind--hidden=\"!state.hasPdfPreview\"  class=\"wp-block-file__embed\" data=\"https:\/\/cre.church.mt\/wp-content\/uploads\/Emergent_Curriculum\/Year_2\/Unit_5\/Lesson_8\/Year-2-5.8-Il-Pjan-tal-Lezzjoni.pdf\" type=\"application\/pdf\" style=\"width:100%;height:200px\" aria-label=\"Embed of Embed of Pjan tal-lezzjoni..\"><\/object><a href=\"https:\/\/cre.church.mt\/wp-content\/uploads\/Emergent_Curriculum\/Year_2\/Unit_5\/Lesson_8\/Year-2-5.8-Il-Pjan-tal-Lezzjoni.pdf\">Pjan tal-lezzjoni<\/a><a href=\"https:\/\/cre.church.mt\/wp-content\/uploads\/Emergent_Curriculum\/Year_2\/Unit_5\/Lesson_8\/Year-2-5.8-Il-Pjan-tal-Lezzjoni.pdf\" class=\"wp-block-file__button\" download>Download<\/a><\/div>\n\n\n\n<figure class=\"wp-block-embed is-type-video is-provider-youtube wp-block-embed-youtube wp-embed-aspect-16-9 wp-has-aspect-ratio\"><div class=\"wp-block-embed__wrapper\">\n<iframe title=\"Feliz Navidad With Lyrics | Popular Christmas Carols For The Tiny Tots\" width=\"800\" height=\"450\" src=\"https:\/\/www.youtube.com\/embed\/ReJ4PRklbKA?feature=oembed\" frameborder=\"0\" allow=\"accelerometer; autoplay; clipboard-write; encrypted-media; gyroscope; picture-in-picture\" allowfullscreen><\/iframe>\n<\/div><figcaption>G\u0127anja tal-Milied &#8211; Feliz Navidad<\/figcaption><\/figure>\n<\/div>\n\n\n\n<div class=\"wp-block-column is-layout-flow wp-block-column-is-layout-flow\">\n<div class=\"wp-block-file\"><a href=\"https:\/\/cre.church.mt\/wp-content\/uploads\/Emergent_Curriculum\/Year_2\/Unit_5\/Lesson_8\/Year-2-5.8-Il-Milied-madwar-id-Dinja.ppt\">Il-Milied madwar id-dinja &#8211; PowerPoint<\/a><a href=\"https:\/\/cre.church.mt\/wp-content\/uploads\/Emergent_Curriculum\/Year_2\/Unit_5\/Lesson_8\/Year-2-5.8-Il-Milied-madwar-id-Dinja.ppt\" class=\"wp-block-file__button\" download>Download<\/a><\/div>\n<\/div>\n<\/div>\n","protected":false},"excerpt":{"rendered":"<p><a href=\"https:\/\/cre.church.mt\/wp-content\/uploads\/Emergent_Curriculum\/Year_2\/Unit_5\/Programm-ghas-Sena-Year-2-Kap-5-Id-Dinja-Sabiha.pdf\">Programm it-2 Sena Kapitlu 5  &#8211; \u0120es\u00f9 jitwieled b\u0127alna<\/a><a href=\"https:\/\/cre.church.mt\/wp-content\/uploads\/Emergent_Curriculum\/Year_2\/Unit_5\/Programm-ghas-Sena-Year-2-Kap-5-Id-Dinja-Sabiha.pdf\" class=\"wp-block-file__button\" download>Download<\/a>              Lezzjoni 1      <a href=\"https:\/\/cre.church.mt\/wp-content\/uploads\/Emergent_Curriculum\/Year_2\/Unit_5\/Lesson_1\/Year-2-5.1-Il-Pjan-tal-Lezzjoni.pdf\">Pjan tal-lezzjoni<\/a><a href=\"https:\/\/cre.church.mt\/wp-content\/uploads\/Emergent_Curriculum\/Year_2\/Unit_5\/Lesson_1\/Year-2-5.1-Il-Pjan-tal-Lezzjoni.pdf\" class=\"wp-block-file__button\" download>Download<\/a>      Iltaqg\u0127a ma&#8217; o\u0127tok tarbija!      <a href=\"https:\/\/cre.church.mt\/wp-content\/uploads\/Emergent_Curriculum\/Year_2\/Unit_5\/Lesson_1\/Year-2-5.1-Il-wasla-ta-tarbija.ppt\">It-twelid ta&#8217; tarbija &#8211; PowerPoint<\/a><a href=\"https:\/\/cre.church.mt\/wp-content\/uploads\/Emergent_Curriculum\/Year_2\/Unit_5\/Lesson_1\/Year-2-5.1-Il-wasla-ta-tarbija.ppt\" class=\"wp-block-file__button\" download>Download<\/a>      Lezzjoni 2      <a href=\"https:\/\/cre.church.mt\/wp-content\/uploads\/Emergent_Curriculum\/Year_2\/Unit_5\/Lesson_2\/Year-2-5.2-Il-Pjan-tal-Lezzjoni.pdf\">Pjan tal-lezzjoni<\/a><a href=\"https:\/\/cre.church.mt\/wp-content\/uploads\/Emergent_Curriculum\/Year_2\/Unit_5\/Lesson_2\/Year-2-5.2-Il-Pjan-tal-Lezzjoni.pdf\" class=\"wp-block-file__button\" download>Download<\/a>    <a href=\"https:\/\/cre.church.mt\/wp-content\/uploads\/Emergent_Curriculum\/Year_2\/Unit_5\/Lesson_2\/Year-2-5.2-Stampa-Gesu-jhabbat.pdf\">Stampa &#8211; \u0120es\u00f9 j\u0127abbat<\/a><a href=\"https:\/\/cre.church.mt\/wp-content\/uploads\/Emergent_Curriculum\/Year_2\/Unit_5\/Lesson_2\/Year-2-5.2-Stampa-Gesu-jhabbat.pdf\" class=\"wp-block-file__button\" download>Download<\/a>        It-t\u0127abbira tal-an\u0121lu      Lezzjoni 3      <a href=\"https:\/\/cre.church.mt\/wp-content\/uploads\/Emergent_Curriculum\/Year_2\/Unit_5\/Lesson_3\/Year-2-5.3-Il-Pjan-tal-Lezzjoni.pdf\">Pjan tal-lezzjoni<\/a><a href=\"https:\/\/cre.church.mt\/wp-content\/uploads\/Emergent_Curriculum\/Year_2\/Unit_5\/Lesson_3\/Year-2-5.3-Il-Pjan-tal-Lezzjoni.pdf\" class=\"wp-block-file__button\" download>Download<\/a>          Lezzjoni 4      <a href=\"https:\/\/cre.church.mt\/wp-content\/uploads\/Emergent_Curriculum\/Year_2\/Unit_5\/Lesson_4\/Year-2-5.4-Il-Pjan-tal-lezzjoni.pdf\">Pjan tal-lezzjoni<\/a><a href=\"https:\/\/cre.church.mt\/wp-content\/uploads\/Emergent_Curriculum\/Year_2\/Unit_5\/Lesson_4\/Year-2-5.4-Il-Pjan-tal-lezzjoni.pdf\" class=\"wp-block-file__button\" download>Download<\/a>    <a href=\"https:\/\/cre.church.mt\/wp-content\/uploads\/Emergent_Curriculum\/Year_2\/Unit_5\/Lesson_4\/Year-2-5.4-Il-kraft-tal-gilanda.pdf\">Il-girlanda tal-avvent &#8211; Kraft<\/a><a href=\"https:\/\/cre.church.mt\/wp-content\/uploads\/Emergent_Curriculum\/Year_2\/Unit_5\/Lesson_4\/Year-2-5.4-Il-kraft-tal-gilanda.pdf\" class=\"wp-block-file__button\" download>Download<\/a>      <a href=\"https:\/\/cre.church.mt\/wp-content\/uploads\/Emergent_Curriculum\/Year_2\/Unit_5\/Lesson_4\/Year-2-5.4-L-Avvent.pptx\">L-avvent &#8211; PowerPoint<\/a><a href=\"https:\/\/cre.church.mt\/wp-content\/uploads\/Emergent_Curriculum\/Year_2\/Unit_5\/Lesson_4\/Year-2-5.4-L-Avvent.pptx\" class=\"wp-block-file__button\" download>Download<\/a>      Come, Lord, Jesus      Lezzjoni 5      <a href=\"https:\/\/cre.church.mt\/wp-content\/uploads\/Emergent_Curriculum\/Year_2\/Unit_5\/Lesson_5\/Year-2-5.5-Il-Pjan-tal-Lezzjoni.pdf\">Pjan tal-lezzjoni<\/a><a href=\"https:\/\/cre.church.mt\/wp-content\/uploads\/Emergent_Curriculum\/Year_2\/Unit_5\/Lesson_5\/Year-2-5.5-Il-Pjan-tal-Lezzjoni.pdf\" class=\"wp-block-file__button\" download>Download<\/a>      Shh!<\/p>\n","protected":false},"author":3,"featured_media":0,"parent":4993,"menu_order":5,"comment_status":"closed","ping_status":"closed","template":"","meta":{"footnotes":""},"class_list":["post-5013","page","type-page","status-publish","hentry"],"_links":{"self":[{"href":"https:\/\/cre.church.mt\/mt\/wp-json\/wp\/v2\/pages\/5013"}],"collection":[{"href":"https:\/\/cre.church.mt\/mt\/wp-json\/wp\/v2\/pages"}],"about":[{"href":"https:\/\/cre.church.mt\/mt\/wp-json\/wp\/v2\/types\/page"}],"author":[{"embeddable":true,"href":"https:\/\/cre.church.mt\/mt\/wp-json\/wp\/v2\/users\/3"}],"replies":[{"embeddable":true,"href":"https:\/\/cre.church.mt\/mt\/wp-json\/wp\/v2\/comments?post=5013"}],"version-history":[{"count":2,"href":"https:\/\/cre.church.mt\/mt\/wp-json\/wp\/v2\/pages\/5013\/revisions"}],"predecessor-version":[{"id":5020,"href":"https:\/\/cre.church.mt\/mt\/wp-json\/wp\/v2\/pages\/5013\/revisions\/5020"}],"up":[{"embeddable":true,"href":"https:\/\/cre.church.mt\/mt\/wp-json\/wp\/v2\/pages\/4993"}],"wp:attachment":[{"href":"https:\/\/cre.church.mt\/mt\/wp-json\/wp\/v2\/media?parent=5013"}],"curies":[{"name":"wp","href":"https:\/\/api.w.org\/{rel}","templated":true}]}}