{"id":3813,"date":"2022-03-11T16:09:12","date_gmt":"2022-03-11T15:09:12","guid":{"rendered":"https:\/\/cre.church.mt\/?page_id=3813"},"modified":"2023-05-28T19:30:20","modified_gmt":"2023-05-28T17:30:20","slug":"emergent-curriculum","status":"publish","type":"page","link":"https:\/\/cre.church.mt\/mt\/kurrikulu\/emergent-curriculum\/","title":{"rendered":"Emergent Curriculum"},"content":{"rendered":"\n<div class=\"wp-block-columns is-layout-flex wp-container-core-columns-is-layout-1 wp-block-columns-is-layout-flex\">\n<div class=\"wp-block-column is-layout-flow wp-block-column-is-layout-flow\">\n<div data-wp-interactive=\"core\/file\" class=\"wp-block-file\"><object data-wp-bind--hidden=\"!state.hasPdfPreview\"  class=\"wp-block-file__embed\" data=\"https:\/\/cre.church.mt\/wp-content\/uploads\/Emergent_Curriculum\/Emergent-curriculum-Religion-Years-1-and-2-1.pdf\" type=\"application\/pdf\" style=\"width:100%;height:200px\" aria-label=\"Embed of It-Tag\u0127lim tar-Reli\u0121jon.\"><\/object><a id=\"wp-block-file--media-5bcd39a4-612f-4860-8585-b828c89d64db\" href=\"https:\/\/cre.church.mt\/wp-content\/uploads\/Emergent_Curriculum\/Emergent-curriculum-Religion-Years-1-and-2-1.pdf\" target=\"_blank\" rel=\"noreferrer noopener\">It-Tag\u0127lim tar-Reli\u0121jon<\/a><a href=\"https:\/\/cre.church.mt\/wp-content\/uploads\/Emergent_Curriculum\/Emergent-curriculum-Religion-Years-1-and-2-1.pdf\" class=\"wp-block-file__button wp-element-button\" download aria-describedby=\"wp-block-file--media-5bcd39a4-612f-4860-8585-b828c89d64db\">Download<\/a><\/div>\n\n\n\n<div data-wp-interactive=\"core\/file\" class=\"wp-block-file\"><object data-wp-bind--hidden=\"!state.hasPdfPreview\"  class=\"wp-block-file__embed\" data=\"https:\/\/cre.church.mt\/wp-content\/uploads\/Emergent_Curriculum\/LINJI-GWIDA-YEARS-1-and-2.pdf\" type=\"application\/pdf\" style=\"width:100%;height:200px\" aria-label=\"Embed of Linji Gwida g\u0127all-G\u0127alliema tal-1 u tat-2 Sena.\"><\/object><a id=\"wp-block-file--media-0861f564-eccf-4e1a-b72f-8d311d77baa6\" href=\"https:\/\/cre.church.mt\/wp-content\/uploads\/Emergent_Curriculum\/LINJI-GWIDA-YEARS-1-and-2.pdf\" target=\"_blank\" rel=\"noreferrer noopener\">Linji Gwida g\u0127all-G\u0127alliema tal-1 u tat-2 Sena<\/a><a href=\"https:\/\/cre.church.mt\/wp-content\/uploads\/Emergent_Curriculum\/LINJI-GWIDA-YEARS-1-and-2.pdf\" class=\"wp-block-file__button wp-element-button\" download aria-describedby=\"wp-block-file--media-0861f564-eccf-4e1a-b72f-8d311d77baa6\">Download<\/a><\/div>\n\n\n\n<div data-wp-interactive=\"core\/file\" class=\"wp-block-file\"><object data-wp-bind--hidden=\"!state.hasPdfPreview\"  class=\"wp-block-file__embed\" data=\"https:\/\/cre.church.mt\/wp-content\/uploads\/Emergent_Curriculum\/Project-Plan-sample-template-2018-2019-final-version.pdf\" type=\"application\/pdf\" style=\"width:100%;height:200px\" aria-label=\"Embed of Pjan g\u0127all-Pro\u0121ett - Sample.\"><\/object><a id=\"wp-block-file--media-143a5afd-e3b7-47e4-8eba-c1ffc733e0a5\" href=\"https:\/\/cre.church.mt\/wp-content\/uploads\/Emergent_Curriculum\/Project-Plan-sample-template-2018-2019-final-version.pdf\" target=\"_blank\" rel=\"noreferrer noopener\">Pjan g\u0127all-Pro\u0121ett &#8211; Sample<\/a><a href=\"https:\/\/cre.church.mt\/wp-content\/uploads\/Emergent_Curriculum\/Project-Plan-sample-template-2018-2019-final-version.pdf\" class=\"wp-block-file__button wp-element-button\" download aria-describedby=\"wp-block-file--media-143a5afd-e3b7-47e4-8eba-c1ffc733e0a5\">Download<\/a><\/div>\n\n\n\n<div class=\"wp-block-file\"><a id=\"wp-block-file--media-6e35cbdf-d1cf-439c-9e8c-8f6b62e56eee\" href=\"https:\/\/cre.church.mt\/wp-content\/uploads\/Emergent_Curriculum\/Emergent-Curriculum-RELIGION.pptx\">Edukazzjoni Reli\u0121ju\u017ca &#8211; PowerPoint<\/a><a href=\"https:\/\/cre.church.mt\/wp-content\/uploads\/Emergent_Curriculum\/Emergent-Curriculum-RELIGION.pptx\" class=\"wp-block-file__button wp-element-button\" download aria-describedby=\"wp-block-file--media-6e35cbdf-d1cf-439c-9e8c-8f6b62e56eee\">Download<\/a><\/div>\n<\/div>\n\n\n\n<div class=\"wp-block-column is-layout-flow wp-block-column-is-layout-flow\">\n<div data-wp-interactive=\"core\/file\" class=\"wp-block-file\"><object data-wp-bind--hidden=\"!state.hasPdfPreview\"  class=\"wp-block-file__embed\" data=\"https:\/\/cre.church.mt\/wp-content\/uploads\/Emergent_Curriculum\/Emergent-curriculum-philosophy.pdf\" type=\"application\/pdf\" style=\"width:100%;height:200px\" aria-label=\"Embed of Il-Filosofija.\"><\/object><a id=\"wp-block-file--media-baebe8b7-f751-49e0-9795-3eb9065ff457\" href=\"https:\/\/cre.church.mt\/wp-content\/uploads\/Emergent_Curriculum\/Emergent-curriculum-philosophy.pdf\" target=\"_blank\" rel=\"noreferrer noopener\">Il-Filosofija<\/a><a href=\"https:\/\/cre.church.mt\/wp-content\/uploads\/Emergent_Curriculum\/Emergent-curriculum-philosophy.pdf\" class=\"wp-block-file__button wp-element-button\" download aria-describedby=\"wp-block-file--media-baebe8b7-f751-49e0-9795-3eb9065ff457\">Download<\/a><\/div>\n\n\n\n<div data-wp-interactive=\"core\/file\" class=\"wp-block-file\"><object data-wp-bind--hidden=\"!state.hasPdfPreview\"  class=\"wp-block-file__embed\" data=\"https:\/\/cre.church.mt\/wp-content\/uploads\/Emergent_Curriculum\/Programm-ghas-Sena-Year-2-KOLLU.pdf\" type=\"application\/pdf\" style=\"width:100%;height:200px\" aria-label=\"Embed of Programm g\u0127at-2 Sena.\"><\/object><a id=\"wp-block-file--media-b1a3dbd4-5bd6-4df1-90a5-6a22725c3f06\" href=\"https:\/\/cre.church.mt\/wp-content\/uploads\/Emergent_Curriculum\/Programm-ghas-Sena-Year-2-KOLLU.pdf\" target=\"_blank\" rel=\"noreferrer noopener\">Programm g\u0127at-2 Sena<\/a><a href=\"https:\/\/cre.church.mt\/wp-content\/uploads\/Emergent_Curriculum\/Programm-ghas-Sena-Year-2-KOLLU.pdf\" class=\"wp-block-file__button wp-element-button\" download aria-describedby=\"wp-block-file--media-b1a3dbd4-5bd6-4df1-90a5-6a22725c3f06\">Download<\/a><\/div>\n\n\n\n<figure class=\"wp-block-image size-thumbnail is-resized is-style-default\"><img fetchpriority=\"high\" decoding=\"async\" src=\"https:\/\/cre.church.mt\/wp-content\/uploads\/Emergent_Curriculum\/image-godlyplay5-300x300.gif\" alt=\"Godly Play\" class=\"wp-image-3769\" width=\"236\" height=\"236\"\/><figcaption class=\"wp-element-caption\">Godly Play<\/figcaption><\/figure>\n\n\n\n<div class=\"wp-block-file\"><a id=\"wp-block-file--media-79dd4f3b-efc7-4fe9-aca7-b655d6550b86\" href=\"https:\/\/cre.church.mt\/wp-content\/uploads\/Emergent_Curriculum\/Emergent-Curriculum-RELIGION-Meeting_07_02_2020-.pptx\">Laqg\u0127a Edukazzjoni Reli\u0121ju\u017ca 07\/02\/2020 &#8211; PowerPoint<\/a><a href=\"https:\/\/cre.church.mt\/wp-content\/uploads\/Emergent_Curriculum\/Emergent-Curriculum-RELIGION-Meeting_07_02_2020-.pptx\" class=\"wp-block-file__button wp-element-button\" download aria-describedby=\"wp-block-file--media-79dd4f3b-efc7-4fe9-aca7-b655d6550b86\">Download<\/a><\/div>\n<\/div>\n<\/div>\n","protected":false},"excerpt":{"rendered":"<p><a id=\"wp-block-file--media-5bcd39a4-612f-4860-8585-b828c89d64db\" href=\"https:\/\/cre.church.mt\/wp-content\/uploads\/Emergent_Curriculum\/Emergent-curriculum-Religion-Years-1-and-2-1.pdf\" target=\"_blank\" rel=\"noreferrer noopener\">It-Tag\u0127lim tar-Reli\u0121jon<\/a><a href=\"https:\/\/cre.church.mt\/wp-content\/uploads\/Emergent_Curriculum\/Emergent-curriculum-Religion-Years-1-and-2-1.pdf\" class=\"wp-block-file__button wp-element-button\" download aria-describedby=\"wp-block-file--media-5bcd39a4-612f-4860-8585-b828c89d64db\">Download<\/a>    <a id=\"wp-block-file--media-0861f564-eccf-4e1a-b72f-8d311d77baa6\" href=\"https:\/\/cre.church.mt\/wp-content\/uploads\/Emergent_Curriculum\/LINJI-GWIDA-YEARS-1-and-2.pdf\" target=\"_blank\" rel=\"noreferrer noopener\">Linji Gwida g\u0127all-G\u0127alliema tal-1 u tat-2 Sena<\/a><a href=\"https:\/\/cre.church.mt\/wp-content\/uploads\/Emergent_Curriculum\/LINJI-GWIDA-YEARS-1-and-2.pdf\" class=\"wp-block-file__button wp-element-button\" download aria-describedby=\"wp-block-file--media-0861f564-eccf-4e1a-b72f-8d311d77baa6\">Download<\/a>    <a id=\"wp-block-file--media-143a5afd-e3b7-47e4-8eba-c1ffc733e0a5\" href=\"https:\/\/cre.church.mt\/wp-content\/uploads\/Emergent_Curriculum\/Project-Plan-sample-template-2018-2019-final-version.pdf\" target=\"_blank\" rel=\"noreferrer noopener\">Pjan g\u0127all-Pro\u0121ett &#8211; Sample<\/a><a href=\"https:\/\/cre.church.mt\/wp-content\/uploads\/Emergent_Curriculum\/Project-Plan-sample-template-2018-2019-final-version.pdf\" class=\"wp-block-file__button wp-element-button\" download aria-describedby=\"wp-block-file--media-143a5afd-e3b7-47e4-8eba-c1ffc733e0a5\">Download<\/a>    <a id=\"wp-block-file--media-6e35cbdf-d1cf-439c-9e8c-8f6b62e56eee\" href=\"https:\/\/cre.church.mt\/wp-content\/uploads\/Emergent_Curriculum\/Emergent-Curriculum-RELIGION.pptx\">Edukazzjoni Reli\u0121ju\u017ca &#8211; PowerPoint<\/a><a href=\"https:\/\/cre.church.mt\/wp-content\/uploads\/Emergent_Curriculum\/Emergent-Curriculum-RELIGION.pptx\" class=\"wp-block-file__button wp-element-button\" download aria-describedby=\"wp-block-file--media-6e35cbdf-d1cf-439c-9e8c-8f6b62e56eee\">Download<\/a>      <a id=\"wp-block-file--media-baebe8b7-f751-49e0-9795-3eb9065ff457\" href=\"https:\/\/cre.church.mt\/wp-content\/uploads\/Emergent_Curriculum\/Emergent-curriculum-philosophy.pdf\" target=\"_blank\" rel=\"noreferrer noopener\">Il-Filosofija<\/a><a href=\"https:\/\/cre.church.mt\/wp-content\/uploads\/Emergent_Curriculum\/Emergent-curriculum-philosophy.pdf\" class=\"wp-block-file__button wp-element-button\" download aria-describedby=\"wp-block-file--media-baebe8b7-f751-49e0-9795-3eb9065ff457\">Download<\/a>    <a id=\"wp-block-file--media-b1a3dbd4-5bd6-4df1-90a5-6a22725c3f06\" href=\"https:\/\/cre.church.mt\/wp-content\/uploads\/Emergent_Curriculum\/Programm-ghas-Sena-Year-2-KOLLU.pdf\" target=\"_blank\" rel=\"noreferrer noopener\">Programm g\u0127at-2 Sena<\/a><a href=\"https:\/\/cre.church.mt\/wp-content\/uploads\/Emergent_Curriculum\/Programm-ghas-Sena-Year-2-KOLLU.pdf\" class=\"wp-block-file__button wp-element-button\" download aria-describedby=\"wp-block-file--media-b1a3dbd4-5bd6-4df1-90a5-6a22725c3f06\">Download<\/a>    Godly Play    <a id=\"wp-block-file--media-79dd4f3b-efc7-4fe9-aca7-b655d6550b86\" href=\"https:\/\/cre.church.mt\/wp-content\/uploads\/Emergent_Curriculum\/Emergent-Curriculum-RELIGION-Meeting_07_02_2020-.pptx\">Laqg\u0127a Edukazzjoni Reli\u0121ju\u017ca 07\/02\/2020 &#8211; PowerPoint<\/a><a href=\"https:\/\/cre.church.mt\/wp-content\/uploads\/Emergent_Curriculum\/Emergent-Curriculum-RELIGION-Meeting_07_02_2020-.pptx\" class=\"wp-block-file__button wp-element-button\" download aria-describedby=\"wp-block-file--media-79dd4f3b-efc7-4fe9-aca7-b655d6550b86\">Download<\/a><\/p>\n","protected":false},"author":3,"featured_media":0,"parent":3408,"menu_order":2,"comment_status":"closed","ping_status":"closed","template":"","meta":{"footnotes":""},"class_list":["post-3813","page","type-page","status-publish","hentry"],"_links":{"self":[{"href":"https:\/\/cre.church.mt\/mt\/wp-json\/wp\/v2\/pages\/3813"}],"collection":[{"href":"https:\/\/cre.church.mt\/mt\/wp-json\/wp\/v2\/pages"}],"about":[{"href":"https:\/\/cre.church.mt\/mt\/wp-json\/wp\/v2\/types\/page"}],"author":[{"embeddable":true,"href":"https:\/\/cre.church.mt\/mt\/wp-json\/wp\/v2\/users\/3"}],"replies":[{"embeddable":true,"href":"https:\/\/cre.church.mt\/mt\/wp-json\/wp\/v2\/comments?post=3813"}],"version-history":[{"count":19,"href":"https:\/\/cre.church.mt\/mt\/wp-json\/wp\/v2\/pages\/3813\/revisions"}],"predecessor-version":[{"id":7798,"href":"https:\/\/cre.church.mt\/mt\/wp-json\/wp\/v2\/pages\/3813\/revisions\/7798"}],"up":[{"embeddable":true,"href":"https:\/\/cre.church.mt\/mt\/wp-json\/wp\/v2\/pages\/3408"}],"wp:attachment":[{"href":"https:\/\/cre.church.mt\/mt\/wp-json\/wp\/v2\/media?parent=3813"}],"curies":[{"name":"wp","href":"https:\/\/api.w.org\/{rel}","templated":true}]}}