{"id":3338,"date":"2022-01-09T11:23:13","date_gmt":"2022-01-09T10:23:13","guid":{"rendered":"https:\/\/cre.church.mt\/?page_id=3338"},"modified":"2022-01-26T17:37:09","modified_gmt":"2022-01-26T16:37:09","slug":"kapitlu-10-role-models","status":"publish","type":"page","link":"https:\/\/cre.church.mt\/mt\/intom-id-dawl-tad-dinja-rizorsi\/kapitlu-10-role-models\/","title":{"rendered":"Kapitlu 10 &#8211; Role Models"},"content":{"rendered":"\n<h3 class=\"wp-block-heading\">Nammirahom<\/h3>\n\n\n\n<div class=\"wp-block-columns is-layout-flex wp-container-core-columns-is-layout-1 wp-block-columns-is-layout-flex\">\n<div class=\"wp-block-column is-layout-flow wp-block-column-is-layout-flow\">\n<figure class=\"wp-block-embed is-type-video is-provider-youtube wp-block-embed-youtube wp-embed-aspect-16-9 wp-has-aspect-ratio\"><div class=\"wp-block-embed__wrapper\">\n<iframe title=\"Parables of Jesus: The Parable of the Talents\" width=\"800\" height=\"450\" src=\"https:\/\/www.youtube.com\/embed\/Havcr-2Kx30?feature=oembed\" frameborder=\"0\" allow=\"accelerometer; autoplay; clipboard-write; encrypted-media; gyroscope; picture-in-picture\" allowfullscreen><\/iframe>\n<\/div><figcaption>Il-parabbola tat-talenti<\/figcaption><\/figure>\n<\/div>\n\n\n\n<div class=\"wp-block-column is-layout-flow wp-block-column-is-layout-flow\"><\/div>\n<\/div>\n\n\n\n<h3 class=\"wp-block-heading\">Titwieled komunit\u00e0<\/h3>\n\n\n\n<div class=\"wp-block-columns is-layout-flex wp-container-core-columns-is-layout-2 wp-block-columns-is-layout-flex\">\n<div class=\"wp-block-column is-layout-flow wp-block-column-is-layout-flow\">\n<figure class=\"wp-block-embed is-type-video is-provider-youtube wp-block-embed-youtube wp-embed-aspect-16-9 wp-has-aspect-ratio\"><div class=\"wp-block-embed__wrapper\">\n<iframe title=\"JOHN 1:43 51 - JESUS CALLS PHILIP AND NATHANAEL\" width=\"800\" height=\"450\" src=\"https:\/\/www.youtube.com\/embed\/vlr05RdQgQQ?feature=oembed\" frameborder=\"0\" allow=\"accelerometer; autoplay; clipboard-write; encrypted-media; gyroscope; picture-in-picture\" allowfullscreen><\/iframe>\n<\/div><figcaption>\u0120es\u00f9 u Natanjel<\/figcaption><\/figure>\n<\/div>\n\n\n\n<div class=\"wp-block-column is-layout-flow wp-block-column-is-layout-flow\">\n<figure class=\"wp-block-embed is-type-video is-provider-youtube wp-block-embed-youtube wp-embed-aspect-16-9 wp-has-aspect-ratio\"><div class=\"wp-block-embed__wrapper\">\n<iframe title=\"Overview: Acts 1-12\" width=\"800\" height=\"450\" src=\"https:\/\/www.youtube.com\/embed\/CGbNw855ksw?feature=oembed\" frameborder=\"0\" allow=\"accelerometer; autoplay; clipboard-write; encrypted-media; gyroscope; picture-in-picture\" allowfullscreen><\/iframe>\n<\/div><figcaption>L-Atti tal-Appostli<\/figcaption><\/figure>\n<\/div>\n<\/div>\n\n\n\n<h3 class=\"wp-block-heading\">Fis-seklu wie\u0127ed<\/h3>\n\n\n\n<div class=\"wp-block-columns is-layout-flex wp-container-core-columns-is-layout-3 wp-block-columns-is-layout-flex\">\n<div class=\"wp-block-column is-layout-flow wp-block-column-is-layout-flow\">\n<figure class=\"wp-block-embed is-type-video is-provider-youtube wp-block-embed-youtube wp-embed-aspect-16-9 wp-has-aspect-ratio\"><div class=\"wp-block-embed__wrapper\">\n<iframe title=\"What is Shavuot? All About the Jewish Holiday for Torah and Learning\" width=\"800\" height=\"450\" src=\"https:\/\/www.youtube.com\/embed\/XEcwkaIjpmk?feature=oembed\" frameborder=\"0\" allow=\"accelerometer; autoplay; clipboard-write; encrypted-media; gyroscope; picture-in-picture\" allowfullscreen><\/iframe>\n<\/div><figcaption>Ix-<em>Shavuot<\/em> Lhudi<\/figcaption><\/figure>\n<\/div>\n\n\n\n<div class=\"wp-block-column is-layout-flow wp-block-column-is-layout-flow\">\n<figure class=\"wp-block-embed is-type-video is-provider-youtube wp-block-embed-youtube wp-embed-aspect-16-9 wp-has-aspect-ratio\"><div class=\"wp-block-embed__wrapper\">\n<iframe title=\"The Day of Pentecost\" width=\"800\" height=\"450\" src=\"https:\/\/www.youtube.com\/embed\/PLa-lj0zCGg?feature=oembed\" frameborder=\"0\" allow=\"accelerometer; autoplay; clipboard-write; encrypted-media; gyroscope; picture-in-picture\" allowfullscreen><\/iframe>\n<\/div><figcaption>Pentekoste<\/figcaption><\/figure>\n<\/div>\n<\/div>\n\n\n\n<h3 class=\"wp-block-heading\">Kristu fl-o\u0127rajn<\/h3>\n\n\n\n<div class=\"wp-block-columns is-layout-flex wp-container-core-columns-is-layout-4 wp-block-columns-is-layout-flex\">\n<div class=\"wp-block-column is-layout-flow wp-block-column-is-layout-flow\">\n<figure class=\"wp-block-embed is-type-video is-provider-youtube wp-block-embed-youtube wp-embed-aspect-16-9 wp-has-aspect-ratio\"><div class=\"wp-block-embed__wrapper\">\n<iframe title=\"L-g\u0127ani u Lazzru\" width=\"800\" height=\"450\" src=\"https:\/\/www.youtube.com\/embed\/WO7q_QyH4aU?feature=oembed\" frameborder=\"0\" allow=\"accelerometer; autoplay; clipboard-write; encrypted-media; gyroscope; picture-in-picture\" allowfullscreen><\/iframe>\n<\/div><figcaption>Il-parabbola tal-g\u0127ani u La\u017c\u017cru<\/figcaption><\/figure>\n\n\n\n<figure class=\"wp-block-embed is-type-video is-provider-youtube wp-block-embed-youtube wp-embed-aspect-16-9 wp-has-aspect-ratio\"><div class=\"wp-block-embed__wrapper\">\n<iframe title=\"BIJOGRAFIJA TA&#039; QADDIS \u2013 San Fran\u0121isk t&#039;Assisi\" width=\"800\" height=\"450\" src=\"https:\/\/www.youtube.com\/embed\/bmv0U3iyfRU?feature=oembed\" frameborder=\"0\" allow=\"accelerometer; autoplay; clipboard-write; encrypted-media; gyroscope; picture-in-picture\" allowfullscreen><\/iframe>\n<\/div><figcaption>San Fran\u0121isk ta&#8217; Assisi<\/figcaption><\/figure>\n\n\n\n<figure class=\"wp-block-embed is-type-video is-provider-youtube wp-block-embed-youtube wp-embed-aspect-4-3 wp-has-aspect-ratio\"><div class=\"wp-block-embed__wrapper\">\n<iframe title=\"Santa Tere\u017ca ta&#039; Kalkutta (5 ta&#039; Settembru)\" width=\"800\" height=\"600\" src=\"https:\/\/www.youtube.com\/embed\/3EsauxEKGwU?feature=oembed\" frameborder=\"0\" allow=\"accelerometer; autoplay; clipboard-write; encrypted-media; gyroscope; picture-in-picture\" allowfullscreen><\/iframe>\n<\/div><figcaption>Samta Tere\u017ca ta&#8217; Kalkutta<\/figcaption><\/figure>\n\n\n\n<div class=\"wp-block-zwt-beautiful-link-preview\"><div class=\"zwt-wp-link-prev full\" style=\"max-width:1024px\"><a rel=\"noopener nofollow noreferrer\" target=\"_blank\" href=\"https:\/\/www.laikos.org\/Fr1_Messagg_Jum-Foqra_2017_13062017.htm\"><img class=\"zwt-wp-link-prev-img empty\"\/><\/a><div class=\"zwt-wp-link-prev-texts\"><div><a rel=\"noopener nofollow noreferrer\" target=\"_blank\" href=\"https:\/\/www.laikos.org\/Fr1_Messagg_Jum-Foqra_2017_13062017.htm\">www.laikos.org<\/a><\/div><\/div><\/div><\/div>\n\n\n\n<p>Il-fqar<\/p>\n<\/div>\n\n\n\n<div class=\"wp-block-column is-layout-flow wp-block-column-is-layout-flow\">\n<figure class=\"wp-block-embed is-type-video is-provider-youtube wp-block-embed-youtube wp-embed-aspect-4-3 wp-has-aspect-ratio\"><div class=\"wp-block-embed__wrapper\">\n<iframe title=\"San Antnin ta&#039; Padova (13 ta&#039; \u0120unju)\" width=\"800\" height=\"600\" src=\"https:\/\/www.youtube.com\/embed\/TEOrKpekwEY?feature=oembed\" frameborder=\"0\" allow=\"accelerometer; autoplay; clipboard-write; encrypted-media; gyroscope; picture-in-picture\" allowfullscreen><\/iframe>\n<\/div><figcaption>Sant&#8217;Antnin ta&#8217; Padova<\/figcaption><\/figure>\n\n\n\n<figure class=\"wp-block-embed is-type-video is-provider-youtube wp-block-embed-youtube wp-embed-aspect-16-9 wp-has-aspect-ratio\"><div class=\"wp-block-embed__wrapper\">\n<iframe title=\"San Nikola\" width=\"800\" height=\"450\" src=\"https:\/\/www.youtube.com\/embed\/GfLJP373fJM?feature=oembed\" frameborder=\"0\" allow=\"accelerometer; autoplay; clipboard-write; encrypted-media; gyroscope; picture-in-picture\" allowfullscreen><\/iframe>\n<\/div><figcaption>San Nikola ta&#8217; Bari<\/figcaption><\/figure>\n\n\n\n<div class=\"wp-block-zwt-beautiful-link-preview\"><div class=\"zwt-wp-link-prev full\" style=\"max-width:1024px\"><a rel=\"noopener nofollow noreferrer\" target=\"_blank\" href=\"https:\/\/publicgoodreporting.wordpress.com\/tag\/james\/\"><img decoding=\"async\" class=\"zwt-wp-link-prev-img\" src=\"?rest_route=\/zwt_wp_link_previewer\/v1\/img\/c3fffd50adf4a03b572b6727228dfc90\/full\"\/><\/a><div class=\"zwt-wp-link-prev-texts\"><div><a rel=\"noopener nofollow noreferrer\" target=\"_blank\" href=\"https:\/\/publicgoodreporting.wordpress.com\/tag\/james\/\">publicgoodreporting.wordpress.com<\/a><\/div><\/div><\/div><\/div>\n\n\n\n<p>James Barnett<\/p>\n<\/div>\n<\/div>\n\n\n\n<h3 class=\"wp-block-heading\">Quddiem il-mewt<\/h3>\n\n\n\n<div class=\"wp-block-columns is-layout-flex wp-container-core-columns-is-layout-5 wp-block-columns-is-layout-flex\">\n<div class=\"wp-block-column is-layout-flow wp-block-column-is-layout-flow\">\n<figure class=\"wp-block-embed is-type-video is-provider-youtube wp-block-embed-youtube wp-embed-aspect-16-9 wp-has-aspect-ratio\"><div class=\"wp-block-embed__wrapper\">\n<iframe title=\"St. Stephen HD\" width=\"800\" height=\"450\" src=\"https:\/\/www.youtube.com\/embed\/5JUbDebJrVA?feature=oembed\" frameborder=\"0\" allow=\"accelerometer; autoplay; clipboard-write; encrypted-media; gyroscope; picture-in-picture\" allowfullscreen><\/iframe>\n<\/div><figcaption>San Stiefnu<\/figcaption><\/figure>\n\n\n\n<div class=\"wp-block-zwt-beautiful-link-preview\"><div class=\"zwt-wp-link-prev full\" style=\"max-width:1024px\"><a rel=\"noopener nofollow noreferrer\" target=\"_blank\" href=\"https:\/\/acninternational.org\/\"><img class=\"zwt-wp-link-prev-img empty\"\/><\/a><div class=\"zwt-wp-link-prev-texts\"><div><h4 class=\"zwt-wp-link-prev-title\"><a rel=\"noopener nofollow noreferrer\" target=\"_blank\" href=\"https:\/\/acninternational.org\/\">Home &#8211; ACN International<\/a><\/h4><a rel=\"noopener nofollow noreferrer\" target=\"_blank\" href=\"https:\/\/acninternational.org\/\">acninternational.org<\/a><\/div><\/div><\/div><\/div>\n\n\n\n<p><\/p>\n\n\n\n<figure class=\"wp-block-embed is-type-video is-provider-youtube wp-block-embed-youtube wp-embed-aspect-16-9 wp-has-aspect-ratio\"><div class=\"wp-block-embed__wrapper\">\n<iframe title=\"San Jose\u0301 Sa\u0301nchez del Ri\u0301o\" width=\"800\" height=\"450\" src=\"https:\/\/www.youtube.com\/embed\/yS9xB_WR8LA?feature=oembed\" frameborder=\"0\" allow=\"accelerometer; autoplay; clipboard-write; encrypted-media; gyroscope; picture-in-picture\" allowfullscreen><\/iframe>\n<\/div><figcaption>San Jose Sanchez del Rio<\/figcaption><\/figure>\n<\/div>\n\n\n\n<div class=\"wp-block-column is-layout-flow wp-block-column-is-layout-flow\">\n<div class=\"wp-block-zwt-beautiful-link-preview\"><div class=\"zwt-wp-link-prev full\" style=\"max-width:1024px\"><a rel=\"noopener nofollow noreferrer\" target=\"_blank\" href=\"https:\/\/www.foxnews.com\/world\/christians-the-most-persecuted-group-in-world-for-second-year-study\"><img decoding=\"async\" class=\"zwt-wp-link-prev-img\" src=\"?rest_route=\/zwt_wp_link_previewer\/v1\/img\/7173cc3586a75b7157fadb9b1e186c2c\/full\"\/><\/a><div class=\"zwt-wp-link-prev-texts\"><div><a rel=\"noopener nofollow noreferrer\" target=\"_blank\" href=\"https:\/\/www.foxnews.com\/world\/christians-the-most-persecuted-group-in-world-for-second-year-study\">www.foxnews.com<\/a><\/div><\/div><\/div><\/div>\n\n\n\n<p>Il-persekuzzjonijiet fid-dinja llum<\/p>\n\n\n\n<div class=\"wp-block-zwt-beautiful-link-preview\"><div class=\"zwt-wp-link-prev full\" style=\"max-width:1024px\"><a rel=\"noopener nofollow noreferrer\" target=\"_blank\" href=\"https:\/\/www.acnmalta.org\/\"><img decoding=\"async\" class=\"zwt-wp-link-prev-img\" src=\"?rest_route=\/zwt_wp_link_previewer\/v1\/img\/f9f78daf8062b3d0844a2cd1cafe9af4\/full\"\/><\/a><div class=\"zwt-wp-link-prev-texts\"><div><h4 class=\"zwt-wp-link-prev-title\"><a rel=\"noopener nofollow noreferrer\" target=\"_blank\" href=\"https:\/\/www.acnmalta.org\/\">Aid to the Church in Need Malta (ACN Malta) &#8211; We help<\/a><\/h4><a rel=\"noopener nofollow noreferrer\" target=\"_blank\" href=\"https:\/\/www.acnmalta.org\/\">www.acnmalta.org<\/a><\/div><\/div><\/div><\/div>\n<\/div>\n<\/div>\n\n\n\n<h3 class=\"wp-block-heading\">Nies ta&#8217; e\u017cempju<\/h3>\n\n\n\n<div class=\"wp-block-columns is-layout-flex wp-container-core-columns-is-layout-6 wp-block-columns-is-layout-flex\">\n<div class=\"wp-block-column is-layout-flow wp-block-column-is-layout-flow\">\n<figure class=\"wp-block-embed is-type-video is-provider-youtube wp-block-embed-youtube wp-embed-aspect-16-9 wp-has-aspect-ratio\"><div class=\"wp-block-embed__wrapper\">\n<iframe title=\"Cardinal Virtues\" width=\"800\" height=\"450\" src=\"https:\/\/www.youtube.com\/embed\/-k2DVEjvumA?feature=oembed\" frameborder=\"0\" allow=\"accelerometer; autoplay; clipboard-write; encrypted-media; gyroscope; picture-in-picture\" allowfullscreen><\/iframe>\n<\/div><figcaption>Il-virtujiet kardinali<\/figcaption><\/figure>\n\n\n\n<figure class=\"wp-block-embed is-type-video is-provider-youtube wp-block-embed-youtube wp-embed-aspect-4-3 wp-has-aspect-ratio\"><div class=\"wp-block-embed__wrapper\">\n<iframe title=\"San Tumas ta&#039; Aquino (28 ta&#039; Jannar)\" width=\"800\" height=\"600\" src=\"https:\/\/www.youtube.com\/embed\/c-jjqFTqiFI?feature=oembed\" frameborder=\"0\" allow=\"accelerometer; autoplay; clipboard-write; encrypted-media; gyroscope; picture-in-picture\" allowfullscreen><\/iframe>\n<\/div><figcaption>San Tumas ta&#8217; Aquino<\/figcaption><\/figure>\n\n\n\n<figure class=\"wp-block-embed is-type-video is-provider-youtube wp-block-embed-youtube wp-embed-aspect-16-9 wp-has-aspect-ratio\"><div class=\"wp-block-embed__wrapper\">\n<iframe title=\"Oscar Romero: A life for God and the poor | CAFOD\" width=\"800\" height=\"450\" src=\"https:\/\/www.youtube.com\/embed\/IPMJ9UgkBgQ?feature=oembed\" frameborder=\"0\" allow=\"accelerometer; autoplay; clipboard-write; encrypted-media; gyroscope; picture-in-picture\" allowfullscreen><\/iframe>\n<\/div><figcaption>San Oscar Romero<\/figcaption><\/figure>\n<\/div>\n\n\n\n<div class=\"wp-block-column is-layout-flow wp-block-column-is-layout-flow\">\n<figure class=\"wp-block-embed is-type-video is-provider-youtube wp-block-embed-youtube wp-embed-aspect-16-9 wp-has-aspect-ratio\"><div class=\"wp-block-embed__wrapper\">\n<iframe title=\"The Theological Virtues\" width=\"800\" height=\"450\" src=\"https:\/\/www.youtube.com\/embed\/2jw9OGyCy90?feature=oembed\" frameborder=\"0\" allow=\"accelerometer; autoplay; clipboard-write; encrypted-media; gyroscope; picture-in-picture\" allowfullscreen><\/iframe>\n<\/div><figcaption>Il-virtujiet teologali<\/figcaption><\/figure>\n\n\n\n<figure class=\"wp-block-embed is-type-video is-provider-youtube wp-block-embed-youtube wp-embed-aspect-16-9 wp-has-aspect-ratio\"><div class=\"wp-block-embed__wrapper\">\n<iframe title=\"Sainthood Hopes Rise for Father Rutilio Grande\" width=\"800\" height=\"450\" src=\"https:\/\/www.youtube.com\/embed\/f8uPZ5sWhvA?feature=oembed\" frameborder=\"0\" allow=\"accelerometer; autoplay; clipboard-write; encrypted-media; gyroscope; picture-in-picture\" allowfullscreen><\/iframe>\n<\/div><figcaption>Beatu Rutilio Grande<\/figcaption><\/figure>\n\n\n\n<figure class=\"wp-block-embed is-type-video is-provider-youtube wp-block-embed-youtube wp-embed-aspect-16-9 wp-has-aspect-ratio\"><div class=\"wp-block-embed__wrapper\">\n<iframe title=\"Keys: Who was Archbishop Oscar Romero?\" width=\"800\" height=\"450\" src=\"https:\/\/www.youtube.com\/embed\/dKtorTdRaV0?feature=oembed\" frameborder=\"0\" allow=\"accelerometer; autoplay; clipboard-write; encrypted-media; gyroscope; picture-in-picture\" allowfullscreen><\/iframe>\n<\/div><figcaption>San Oscar Romero<\/figcaption><\/figure>\n<\/div>\n<\/div>\n\n\n\n<h3 class=\"wp-block-heading\">Il-verit\u00e0 te\u0127ilsek&#8230;.jew le?<\/h3>\n\n\n\n<div class=\"wp-block-columns is-layout-flex wp-container-core-columns-is-layout-7 wp-block-columns-is-layout-flex\">\n<div class=\"wp-block-column is-layout-flow wp-block-column-is-layout-flow\">\n<figure class=\"wp-block-embed is-type-video is-provider-youtube wp-block-embed-youtube wp-embed-aspect-16-9 wp-has-aspect-ratio\"><div class=\"wp-block-embed__wrapper\">\n<iframe title=\"America&#039;s Presidents - James A. Garfield\" width=\"800\" height=\"450\" src=\"https:\/\/www.youtube.com\/embed\/JRC16cyXWXM?feature=oembed\" frameborder=\"0\" allow=\"accelerometer; autoplay; clipboard-write; encrypted-media; gyroscope; picture-in-picture\" allowfullscreen><\/iframe>\n<\/div><figcaption>James A. Garfield<\/figcaption><\/figure>\n<\/div>\n\n\n\n<div class=\"wp-block-column is-layout-flow wp-block-column-is-layout-flow\">\n<figure class=\"wp-block-embed is-type-video is-provider-youtube wp-block-embed-youtube wp-embed-aspect-16-9 wp-has-aspect-ratio\"><div class=\"wp-block-embed__wrapper\">\n<iframe title=\"The Life of Saint Thomas More (Documentary)\" width=\"800\" height=\"450\" src=\"https:\/\/www.youtube.com\/embed\/PNVbZd_vlRk?feature=oembed\" frameborder=\"0\" allow=\"accelerometer; autoplay; clipboard-write; encrypted-media; gyroscope; picture-in-picture\" allowfullscreen><\/iframe>\n<\/div><figcaption>San Tumas More<\/figcaption><\/figure>\n<\/div>\n<\/div>\n\n\n\n<h3 class=\"wp-block-heading\">L-ag\u0127ar forma ta&#8217; vjolenza<\/h3>\n\n\n\n<div class=\"wp-block-columns is-layout-flex wp-container-core-columns-is-layout-8 wp-block-columns-is-layout-flex\">\n<div class=\"wp-block-column is-layout-flow wp-block-column-is-layout-flow\">\n<figure class=\"wp-block-embed is-type-video is-provider-youtube wp-block-embed-youtube wp-embed-aspect-16-9 wp-has-aspect-ratio\"><div class=\"wp-block-embed__wrapper\">\n<iframe title=\"Mohandas Gandhi, the Power of Nonviolence\" width=\"800\" height=\"450\" src=\"https:\/\/www.youtube.com\/embed\/9nAUxQ8X3GQ?feature=oembed\" frameborder=\"0\" allow=\"accelerometer; autoplay; clipboard-write; encrypted-media; gyroscope; picture-in-picture\" allowfullscreen><\/iframe>\n<\/div><figcaption>Mahatma Gandhi<\/figcaption><\/figure>\n\n\n\n<figure class=\"wp-block-embed is-type-video is-provider-youtube wp-block-embed-youtube wp-embed-aspect-16-9 wp-has-aspect-ratio\"><div class=\"wp-block-embed__wrapper\">\n<iframe title=\"Into the Light: Missionaries of Charity\" width=\"800\" height=\"450\" src=\"https:\/\/www.youtube.com\/embed\/8aRdv51dOE8?feature=oembed\" frameborder=\"0\" allow=\"accelerometer; autoplay; clipboard-write; encrypted-media; gyroscope; picture-in-picture\" allowfullscreen><\/iframe>\n<\/div><figcaption>Is-sorijiet missjunarji tal-karit\u00e0<\/figcaption><\/figure>\n<\/div>\n\n\n\n<div class=\"wp-block-column is-layout-flow wp-block-column-is-layout-flow\">\n<figure class=\"wp-block-embed is-type-video is-provider-youtube wp-block-embed-youtube wp-embed-aspect-16-9 wp-has-aspect-ratio\"><div class=\"wp-block-embed__wrapper\">\n<iframe title=\"Global Wealth Inequality  -  What you never knew you never knew (See description for 2017 updates)\" width=\"800\" height=\"450\" src=\"https:\/\/www.youtube.com\/embed\/uWSxzjyMNpU?feature=oembed\" frameborder=\"0\" allow=\"accelerometer; autoplay; clipboard-write; encrypted-media; gyroscope; picture-in-picture\" allowfullscreen><\/iframe>\n<\/div><figcaption>\u017bbilan\u010b fit-tqassim tal-\u0121id<\/figcaption><\/figure>\n<\/div>\n<\/div>\n","protected":false},"excerpt":{"rendered":"<p>Nammirahom        Il-parabbola tat-talenti          Titwieled komunit\u00e0        \u0120es\u00f9 u Natanjel        L-Atti tal-Appostli      Fis-seklu wie\u0127ed        Ix-<em>Shavuot<\/em> Lhudi        Pentekoste      Kristu fl-o\u0127rajn        Il-parabbola tal-g\u0127ani u La\u017c\u017cru      San Fran\u0121isk ta&#8217; Assisi      Samta Tere\u017ca ta&#8217; Kalkutta    <a rel=\"noopener nofollow noreferrer\" target=\"_blank\" href=\"https:\/\/www.laikos.org\/Fr1_Messagg_Jum-Foqra_2017_13062017.htm\"><\/a><a rel=\"noopener nofollow noreferrer\" target=\"_blank\" href=\"https:\/\/www.laikos.org\/Fr1_Messagg_Jum-Foqra_2017_13062017.htm\">www.laikos.org<\/a>    <\/p>\n<p>Il-fqar<\/p>\n<p>        Sant&#8217;Antnin ta&#8217; Padova      San Nikola ta&#8217; Bari    <a rel=\"noopener nofollow noreferrer\" target=\"_blank\" href=\"https:\/\/publicgoodreporting.wordpress.com\/tag\/james\/\"><\/a><a rel=\"noopener nofollow noreferrer\" target=\"_blank\" href=\"https:\/\/publicgoodreporting.wordpress.com\/tag\/james\/\">publicgoodreporting.wordpress.com<\/a>    <\/p>\n<p>James Barnett<\/p>\n<p>      Quddiem il-mewt        San Stiefnu    <a rel=\"noopener nofollow noreferrer\" target=\"_blank\" href=\"https:\/\/acninternational.org\/\"><\/a><a rel=\"noopener nofollow noreferrer\" target=\"_blank\" href=\"https:\/\/acninternational.org\/\">Home &#8211; ACN International<\/a><a rel=\"noopener nofollow noreferrer\" target=\"_blank\" href=\"https:\/\/acninternational.org\/\">acninternational.org<\/a>    <\/p>\n<p>      San Jose Sanchez del Rio      <a rel=\"noopener nofollow noreferrer\" target=\"_blank\" href=\"https:\/\/www.foxnews.com\/world\/christians-the-most-persecuted-group-in-world-for-second-year-study\"><\/a><a rel=\"noopener nofollow noreferrer\" target=\"_blank\" href=\"https:\/\/www.foxnews.com\/world\/christians-the-most-persecuted-group-in-world-for-second-year-study\">www.foxnews.com<\/a>    <\/p>\n<p>Il-persekuzzjonijiet fid-dinja llum<\/p>\n<p>    <a rel=\"noopener nofollow noreferrer\" target=\"_blank\" href=\"https:\/\/www.acnmalta.org\/\"><\/a><a rel=\"noopener nofollow noreferrer\" target=\"_blank\" href=\"https:\/\/www.acnmalta.org\/\">Aid to the Church in Need Malta (ACN Malta) &#8211; We help<\/a><a rel=\"noopener nofollow noreferrer\" target=\"_blank\" href=\"https:\/\/www.acnmalta.org\/\">www.acnmalta.org<\/a>      Nies ta&#8217; e\u017cempju        Il-virtujiet kardinali      San Tumas ta&#8217; Aquino      San Oscar Romero        Il-virtujiet teologali      Beatu Rutilio Grande      San Oscar Romero      Il-verit\u00e0 te\u0127ilsek&#8230;.jew le?<\/p>\n","protected":false},"author":3,"featured_media":0,"parent":3276,"menu_order":10,"comment_status":"closed","ping_status":"closed","template":"","meta":{"footnotes":""},"class_list":["post-3338","page","type-page","status-publish","hentry"],"_links":{"self":[{"href":"https:\/\/cre.church.mt\/mt\/wp-json\/wp\/v2\/pages\/3338"}],"collection":[{"href":"https:\/\/cre.church.mt\/mt\/wp-json\/wp\/v2\/pages"}],"about":[{"href":"https:\/\/cre.church.mt\/mt\/wp-json\/wp\/v2\/types\/page"}],"author":[{"embeddable":true,"href":"https:\/\/cre.church.mt\/mt\/wp-json\/wp\/v2\/users\/3"}],"replies":[{"embeddable":true,"href":"https:\/\/cre.church.mt\/mt\/wp-json\/wp\/v2\/comments?post=3338"}],"version-history":[{"count":3,"href":"https:\/\/cre.church.mt\/mt\/wp-json\/wp\/v2\/pages\/3338\/revisions"}],"predecessor-version":[{"id":3720,"href":"https:\/\/cre.church.mt\/mt\/wp-json\/wp\/v2\/pages\/3338\/revisions\/3720"}],"up":[{"embeddable":true,"href":"https:\/\/cre.church.mt\/mt\/wp-json\/wp\/v2\/pages\/3276"}],"wp:attachment":[{"href":"https:\/\/cre.church.mt\/mt\/wp-json\/wp\/v2\/media?parent=3338"}],"curies":[{"name":"wp","href":"https:\/\/api.w.org\/{rel}","templated":true}]}}