{"id":3334,"date":"2022-01-09T11:17:17","date_gmt":"2022-01-09T10:17:17","guid":{"rendered":"https:\/\/cre.church.mt\/?page_id=3334"},"modified":"2022-01-25T15:50:43","modified_gmt":"2022-01-25T14:50:43","slug":"kapitlu-9-ghajnuniet","status":"publish","type":"page","link":"https:\/\/cre.church.mt\/mt\/intom-id-dawl-tad-dinja-rizorsi\/kapitlu-9-ghajnuniet\/","title":{"rendered":"Kapitlu 9 &#8211; G\u0127ajnuniet"},"content":{"rendered":"\n<h3 class=\"wp-block-heading\">A\u0127bar tajba<\/h3>\n\n\n\n<div class=\"wp-block-columns is-layout-flex wp-container-core-columns-is-layout-1 wp-block-columns-is-layout-flex\">\n<div class=\"wp-block-column is-layout-flow wp-block-column-is-layout-flow\">\n<figure class=\"wp-block-embed is-type-video is-provider-youtube wp-block-embed-youtube wp-embed-aspect-16-9 wp-has-aspect-ratio\"><div class=\"wp-block-embed__wrapper\">\n<iframe title=\"The reason why 1 Gospel is not enough\" width=\"800\" height=\"450\" src=\"https:\/\/www.youtube.com\/embed\/a-7GF7HlSNQ?feature=oembed\" frameborder=\"0\" allow=\"accelerometer; autoplay; clipboard-write; encrypted-media; gyroscope; picture-in-picture\" allowfullscreen><\/iframe>\n<\/div><figcaption>L-erba&#8217; evan\u0121elji<\/figcaption><\/figure>\n<\/div>\n\n\n\n<div class=\"wp-block-column is-layout-flow wp-block-column-is-layout-flow\">\n<figure class=\"wp-block-embed is-type-video is-provider-youtube wp-block-embed-youtube wp-embed-aspect-16-9 wp-has-aspect-ratio\"><div class=\"wp-block-embed__wrapper\">\n<iframe title=\"Why Do We Have Four Gospels?\" width=\"800\" height=\"450\" src=\"https:\/\/www.youtube.com\/embed\/ggIXPM8syhI?feature=oembed\" frameborder=\"0\" allow=\"accelerometer; autoplay; clipboard-write; encrypted-media; gyroscope; picture-in-picture\" allowfullscreen><\/iframe>\n<\/div><figcaption>G\u0127aliex g\u0127andna erba&#8217; evan\u0121elji?<\/figcaption><\/figure>\n<\/div>\n<\/div>\n\n\n\n<h3 class=\"wp-block-heading\">Is-Saltna ta&#8217; Alla fuq l-art<\/h3>\n\n\n\n<div class=\"wp-block-columns is-layout-flex wp-container-core-columns-is-layout-2 wp-block-columns-is-layout-flex\">\n<div class=\"wp-block-column is-layout-flow wp-block-column-is-layout-flow\">\n<figure class=\"wp-block-embed is-type-video is-provider-youtube wp-block-embed-youtube wp-embed-aspect-16-9 wp-has-aspect-ratio\"><div class=\"wp-block-embed__wrapper\">\n<iframe title=\"Parables Intro\" width=\"800\" height=\"450\" src=\"https:\/\/www.youtube.com\/embed\/GycOu_GjgVU?feature=oembed\" frameborder=\"0\" allow=\"accelerometer; autoplay; clipboard-write; encrypted-media; gyroscope; picture-in-picture\" allowfullscreen><\/iframe>\n<\/div><figcaption>Il-parabboli<\/figcaption><\/figure>\n\n\n\n<figure class=\"wp-block-embed is-type-video is-provider-youtube wp-block-embed-youtube wp-embed-aspect-16-9 wp-has-aspect-ratio\"><div class=\"wp-block-embed__wrapper\">\n<iframe title=\"The Golden Biscuit | Parable of the Hidden Treasure | Ep6\" width=\"800\" height=\"450\" src=\"https:\/\/www.youtube.com\/embed\/GtWvuniE3Vc?feature=oembed\" frameborder=\"0\" allow=\"accelerometer; autoplay; clipboard-write; encrypted-media; gyroscope; picture-in-picture\" allowfullscreen><\/iframe>\n<\/div><figcaption>Il-parabbola tat-te\u017cor<\/figcaption><\/figure>\n<\/div>\n\n\n\n<div class=\"wp-block-column is-layout-flow wp-block-column-is-layout-flow\">\n<figure class=\"wp-block-embed is-type-video is-provider-youtube wp-block-embed-youtube wp-embed-aspect-4-3 wp-has-aspect-ratio\"><div class=\"wp-block-embed__wrapper\">\n<iframe title=\"Luke 8:4-8 &quot;The Parable of the Sower&quot;\" width=\"800\" height=\"600\" src=\"https:\/\/www.youtube.com\/embed\/unJxJG4b0UY?feature=oembed\" frameborder=\"0\" allow=\"accelerometer; autoplay; clipboard-write; encrypted-media; gyroscope; picture-in-picture\" allowfullscreen><\/iframe>\n<\/div><figcaption>Il-parabbola tal-bidwi li \u0127are\u0121 ji\u017cra<\/figcaption><\/figure>\n\n\n\n<figure class=\"wp-block-embed is-type-video is-provider-youtube wp-block-embed-youtube wp-embed-aspect-16-9 wp-has-aspect-ratio\"><div class=\"wp-block-embed__wrapper\">\n<iframe title=\"The PARABLE of the SOWER, the WHEAT &amp; TARES, MUSTARD SEED, and LEAVEN\" width=\"800\" height=\"450\" src=\"https:\/\/www.youtube.com\/embed\/MCwPnzu-oow?feature=oembed\" frameborder=\"0\" allow=\"accelerometer; autoplay; clipboard-write; encrypted-media; gyroscope; picture-in-picture\" allowfullscreen><\/iframe>\n<\/div><figcaption>Diversi parabboli o\u0127ra<\/figcaption><\/figure>\n<\/div>\n<\/div>\n\n\n\n<h3 class=\"wp-block-heading\">Il-komunit\u00e0 nisranija<\/h3>\n\n\n\n<div class=\"wp-block-columns is-layout-flex wp-container-core-columns-is-layout-3 wp-block-columns-is-layout-flex\">\n<div class=\"wp-block-column is-layout-flow wp-block-column-is-layout-flow\">\n<p><\/p>\n\n\n\n<figure class=\"wp-block-embed is-type-video is-provider-youtube wp-block-embed-youtube wp-embed-aspect-16-9 wp-has-aspect-ratio\"><div class=\"wp-block-embed__wrapper\">\n<iframe title=\"Three Minute Theology 5.5: What is a Sacrament?\" width=\"800\" height=\"450\" src=\"https:\/\/www.youtube.com\/embed\/pZXMNc4DP-Q?feature=oembed\" frameborder=\"0\" allow=\"accelerometer; autoplay; clipboard-write; encrypted-media; gyroscope; picture-in-picture\" allowfullscreen><\/iframe>\n<\/div><figcaption>X&#8217;inhu sagrament?<\/figcaption><\/figure>\n\n\n\n<div class=\"wp-block-zwt-beautiful-link-preview\"><div class=\"zwt-wp-link-prev full\" style=\"max-width:1024px\"><a rel=\"noopener nofollow noreferrer\" target=\"_blank\" href=\"https:\/\/www.vatican.va\/content\/paul-vi\/la\/apost_constitutions\/documents\/hf_p-vi_apc_19710815_divina-consortium.html\"><img class=\"zwt-wp-link-prev-img empty\"\/><\/a><div class=\"zwt-wp-link-prev-texts\"><div><h4 class=\"zwt-wp-link-prev-title\"><a rel=\"noopener nofollow noreferrer\" target=\"_blank\" href=\"https:\/\/www.vatican.va\/content\/paul-vi\/la\/apost_constitutions\/documents\/hf_p-vi_apc_19710815_divina-consortium.html\">Divina consortium naturae &#8211; Constitutio apostolica, die XV mensis Augusti anno MCMLXXI | Paulus PP. &#8230;<\/a><\/h4><a rel=\"noopener nofollow noreferrer\" target=\"_blank\" href=\"https:\/\/www.vatican.va\/content\/paul-vi\/la\/apost_constitutions\/documents\/hf_p-vi_apc_19710815_divina-consortium.html\">www.vatican.va<\/a><\/div><\/div><\/div><\/div>\n\n\n\n<p><\/p>\n\n\n\n<figure class=\"wp-block-embed is-type-video is-provider-youtube wp-block-embed-youtube wp-embed-aspect-16-9 wp-has-aspect-ratio\"><div class=\"wp-block-embed__wrapper\">\n<iframe title=\"The Sacrament of Confirmation\" width=\"800\" height=\"450\" src=\"https:\/\/www.youtube.com\/embed\/nXqKkTcLtqs?feature=oembed\" frameborder=\"0\" allow=\"accelerometer; autoplay; clipboard-write; encrypted-media; gyroscope; picture-in-picture\" allowfullscreen><\/iframe>\n<\/div><figcaption>Is-sagrament tal-gri\u017cma tal-isqof<\/figcaption><\/figure>\n<\/div>\n\n\n\n<div class=\"wp-block-column is-layout-flow wp-block-column-is-layout-flow\">\n<figure class=\"wp-block-embed is-type-video is-provider-youtube wp-block-embed-youtube wp-embed-aspect-16-9 wp-has-aspect-ratio\"><div class=\"wp-block-embed__wrapper\">\n<iframe title=\"The Sacraments of Initiation | Introduction to the Sacraments of Initiation | What you need to know?\" width=\"800\" height=\"450\" src=\"https:\/\/www.youtube.com\/embed\/ZsivsDWIYXI?feature=oembed\" frameborder=\"0\" allow=\"accelerometer; autoplay; clipboard-write; encrypted-media; gyroscope; picture-in-picture\" allowfullscreen><\/iframe>\n<\/div><figcaption>Is-sagramenti tad-d\u0127ul fil-\u0127ajja nisranija<\/figcaption><\/figure>\n\n\n\n<figure class=\"wp-block-embed is-type-video is-provider-youtube wp-block-embed-youtube wp-embed-aspect-16-9 wp-has-aspect-ratio\"><div class=\"wp-block-embed__wrapper\">\n<iframe title=\"What is the Sacrament of Baptism?\" width=\"800\" height=\"450\" src=\"https:\/\/www.youtube.com\/embed\/Fy-9GyQUOKI?feature=oembed\" frameborder=\"0\" allow=\"accelerometer; autoplay; clipboard-write; encrypted-media; gyroscope; picture-in-picture\" allowfullscreen><\/iframe>\n<\/div><figcaption>Is-sagrament tal-mag\u0127mudija<\/figcaption><\/figure>\n<\/div>\n<\/div>\n\n\n\n<h3 class=\"wp-block-heading\">Tkompli tinbena llum!<\/h3>\n\n\n\n<div class=\"wp-block-columns is-layout-flex wp-container-core-columns-is-layout-4 wp-block-columns-is-layout-flex\">\n<div class=\"wp-block-column is-layout-flow wp-block-column-is-layout-flow\">\n<figure class=\"wp-block-embed is-type-video is-provider-youtube wp-block-embed-youtube wp-embed-aspect-16-9 wp-has-aspect-ratio\"><div class=\"wp-block-embed__wrapper\">\n<iframe title=\"NITG\u0126ALLMU FLIMKIEN - \u0126ames \u0127wejje\u0121 kif inqerr tajjeb\" width=\"800\" height=\"450\" src=\"https:\/\/www.youtube.com\/embed\/C3NJDwOYPrk?feature=oembed\" frameborder=\"0\" allow=\"accelerometer; autoplay; clipboard-write; encrypted-media; gyroscope; picture-in-picture\" allowfullscreen><\/iframe>\n<\/div><figcaption>\u0126ames hwejje\u0121 biex inqerr sewwa<\/figcaption><\/figure>\n<\/div>\n\n\n\n<div class=\"wp-block-column is-layout-flow wp-block-column-is-layout-flow\">\n<figure class=\"wp-block-embed is-type-video is-provider-youtube wp-block-embed-youtube wp-embed-aspect-16-9 wp-has-aspect-ratio\"><div class=\"wp-block-embed__wrapper\">\n<iframe title=\"Sacraments 101: Penance (why we confess)\" width=\"800\" height=\"450\" src=\"https:\/\/www.youtube.com\/embed\/Wz5-vu6A58E?feature=oembed\" frameborder=\"0\" allow=\"accelerometer; autoplay; clipboard-write; encrypted-media; gyroscope; picture-in-picture\" allowfullscreen><\/iframe>\n<\/div><figcaption>Is-sagrament tar-rikon\u010biljazzjoni<\/figcaption><\/figure>\n<\/div>\n<\/div>\n\n\n\n<h3 class=\"wp-block-heading\">L-ewkaristija<\/h3>\n\n\n\n<div class=\"wp-block-columns is-layout-flex wp-container-core-columns-is-layout-5 wp-block-columns-is-layout-flex\">\n<div class=\"wp-block-column is-layout-flow wp-block-column-is-layout-flow\">\n<figure class=\"wp-block-embed is-type-video is-provider-youtube wp-block-embed-youtube wp-embed-aspect-4-3 wp-has-aspect-ratio\"><div class=\"wp-block-embed__wrapper\">\n<iframe title=\"Jesus of Nazareth - Part 20\/28 [ the life of Christ ] (English)\" width=\"800\" height=\"600\" src=\"https:\/\/www.youtube.com\/embed\/JmULF7XVP5c?feature=oembed\" frameborder=\"0\" allow=\"accelerometer; autoplay; clipboard-write; encrypted-media; gyroscope; picture-in-picture\" allowfullscreen><\/iframe>\n<\/div><figcaption>It-twaqqif tal-ewkaristija<\/figcaption><\/figure>\n<\/div>\n\n\n\n<div class=\"wp-block-column is-layout-flow wp-block-column-is-layout-flow\">\n<figure class=\"wp-block-embed is-type-video is-provider-youtube wp-block-embed-youtube wp-embed-aspect-16-9 wp-has-aspect-ratio\"><div class=\"wp-block-embed__wrapper\">\n<iframe title=\"Deskrizzjoni fuq rit Lhudi tal-A\u0127\u0127ar \u010aena\" width=\"800\" height=\"450\" src=\"https:\/\/www.youtube.com\/embed\/2pDbHucRUwE?feature=oembed\" frameborder=\"0\" allow=\"accelerometer; autoplay; clipboard-write; encrypted-media; gyroscope; picture-in-picture\" allowfullscreen><\/iframe>\n<\/div><figcaption>L-ikla tal-G\u0127id Lhudija<\/figcaption><\/figure>\n<\/div>\n<\/div>\n\n\n\n<h3 class=\"wp-block-heading\">Jum il-Mulej<\/h3>\n\n\n\n<div class=\"wp-block-columns is-layout-flex wp-container-core-columns-is-layout-6 wp-block-columns-is-layout-flex\">\n<div class=\"wp-block-column is-layout-flow wp-block-column-is-layout-flow\">\n<figure class=\"wp-block-embed is-type-video is-provider-youtube wp-block-embed-youtube wp-embed-aspect-4-3 wp-has-aspect-ratio\"><div class=\"wp-block-embed__wrapper\">\n<iframe title=\"San \u0120ustinu (1 ta&#039; \u0120unju)\" width=\"800\" height=\"600\" src=\"https:\/\/www.youtube.com\/embed\/LJgTC44NTNg?feature=oembed\" frameborder=\"0\" allow=\"accelerometer; autoplay; clipboard-write; encrypted-media; gyroscope; picture-in-picture\" allowfullscreen><\/iframe>\n<\/div><figcaption>San \u0120ustinu martri<\/figcaption><\/figure>\n\n\n\n<figure class=\"wp-block-embed is-type-video is-provider-youtube wp-block-embed-youtube wp-embed-aspect-4-3 wp-has-aspect-ratio\"><div class=\"wp-block-embed__wrapper\">\n<iframe title=\"The Catholic Holy Mass Explained\" width=\"800\" height=\"600\" src=\"https:\/\/www.youtube.com\/embed\/DxLENoT_y-U?feature=oembed\" frameborder=\"0\" allow=\"accelerometer; autoplay; clipboard-write; encrypted-media; gyroscope; picture-in-picture\" allowfullscreen><\/iframe>\n<\/div><figcaption>Il-quddiesa spjegata<\/figcaption><\/figure>\n<\/div>\n\n\n\n<div class=\"wp-block-column is-layout-flow wp-block-column-is-layout-flow\">\n<div class=\"wp-block-zwt-beautiful-link-preview\"><div class=\"zwt-wp-link-prev full\" style=\"max-width:1024px\"><a rel=\"noopener nofollow noreferrer\" target=\"_blank\" href=\"https:\/\/laikosblog.org\/2020\/08\/04\/dies-domini-tal-papa-gwanni-pawlu-ii\/\"><img decoding=\"async\" class=\"zwt-wp-link-prev-img\" src=\"?rest_route=\/zwt_wp_link_previewer\/v1\/img\/08b4ca2f4f4141fce21b78ab82646b93\/full\"\/><\/a><div class=\"zwt-wp-link-prev-texts\"><div><h4 class=\"zwt-wp-link-prev-title\"><a rel=\"noopener nofollow noreferrer\" target=\"_blank\" href=\"https:\/\/laikosblog.org\/2020\/08\/04\/dies-domini-tal-papa-gwanni-pawlu-ii\/\">Dies Domini tal-Papa \u0120wanni Pawlu II<\/a><\/h4><a rel=\"noopener nofollow noreferrer\" target=\"_blank\" href=\"https:\/\/laikosblog.org\/2020\/08\/04\/dies-domini-tal-papa-gwanni-pawlu-ii\/\">laikosblog.org<\/a><\/div><\/div><\/div><\/div>\n<\/div>\n<\/div>\n\n\n\n<h3 class=\"wp-block-heading\">Fit-tajjeb u fil-\u0127a\u017cin<\/h3>\n\n\n\n<div class=\"wp-block-columns is-layout-flex wp-container-core-columns-is-layout-7 wp-block-columns-is-layout-flex\">\n<div class=\"wp-block-column is-layout-flow wp-block-column-is-layout-flow\">\n<figure class=\"wp-block-embed is-type-video is-provider-youtube wp-block-embed-youtube wp-embed-aspect-16-9 wp-has-aspect-ratio\"><div class=\"wp-block-embed__wrapper\">\n<iframe title=\"Sacrament of Matrimony\" width=\"800\" height=\"450\" src=\"https:\/\/www.youtube.com\/embed\/eNKVNvAK5_s?feature=oembed\" frameborder=\"0\" allow=\"accelerometer; autoplay; clipboard-write; encrypted-media; gyroscope; picture-in-picture\" allowfullscreen><\/iframe>\n<\/div><figcaption>Is-sagrament ta\u017c-\u017cwie\u0121<\/figcaption><\/figure>\n<\/div>\n\n\n\n<div class=\"wp-block-column is-layout-flow wp-block-column-is-layout-flow\">\n<figure class=\"wp-block-embed is-type-video is-provider-youtube wp-block-embed-youtube wp-embed-aspect-16-9 wp-has-aspect-ratio\"><div class=\"wp-block-embed__wrapper\">\n<iframe title=\"Saying I Do: What Happens at a Catholic Wedding\" width=\"800\" height=\"450\" src=\"https:\/\/www.youtube.com\/embed\/3uAHwtBRg5c?feature=oembed\" frameborder=\"0\" allow=\"accelerometer; autoplay; clipboard-write; encrypted-media; gyroscope; picture-in-picture\" allowfullscreen><\/iframe>\n<\/div><figcaption>X&#8217;ji\u0121ri fi \u017cwie\u0121 kattoliku?<\/figcaption><\/figure>\n<\/div>\n<\/div>\n\n\n\n<h3 class=\"wp-block-heading\">Imsejja\u0127!<\/h3>\n\n\n\n<div class=\"wp-block-columns is-layout-flex wp-container-core-columns-is-layout-8 wp-block-columns-is-layout-flex\">\n<div class=\"wp-block-column is-layout-flow wp-block-column-is-layout-flow\">\n<figure class=\"wp-block-embed is-type-video is-provider-youtube wp-block-embed-youtube wp-embed-aspect-16-9 wp-has-aspect-ratio\"><div class=\"wp-block-embed__wrapper\">\n<iframe title=\"Sacrament of Holy Orders\" width=\"800\" height=\"450\" src=\"https:\/\/www.youtube.com\/embed\/tAw78HA_9Bo?feature=oembed\" frameborder=\"0\" allow=\"accelerometer; autoplay; clipboard-write; encrypted-media; gyroscope; picture-in-picture\" allowfullscreen><\/iframe>\n<\/div><figcaption>Is-sagrament tal-ordni sagri<\/figcaption><\/figure>\n<\/div>\n\n\n\n<div class=\"wp-block-column is-layout-flow wp-block-column-is-layout-flow\">\n<figure class=\"wp-block-embed is-type-video is-provider-youtube wp-block-embed-youtube wp-embed-aspect-16-9 wp-has-aspect-ratio\"><div class=\"wp-block-embed__wrapper\">\n<iframe title=\"Celibacy for the Kingdom - Dave Hajduk\" width=\"800\" height=\"450\" src=\"https:\/\/www.youtube.com\/embed\/zmuBGBwXvJQ?feature=oembed\" frameborder=\"0\" allow=\"accelerometer; autoplay; clipboard-write; encrypted-media; gyroscope; picture-in-picture\" allowfullscreen><\/iframe>\n<\/div><figcaption>I\u010b-\u010belibat g\u0127as-Saltna ta&#8217; Alla<\/figcaption><\/figure>\n<\/div>\n<\/div>\n","protected":false},"excerpt":{"rendered":"<p>A\u0127bar tajba        L-erba&#8217; evan\u0121elji        G\u0127aliex g\u0127andna erba&#8217; evan\u0121elji?      Is-Saltna ta&#8217; Alla fuq l-art        Il-parabboli      Il-parabbola tat-te\u017cor        Il-parabbola tal-bidwi li \u0127are\u0121 ji\u017cra      Diversi parabboli o\u0127ra      Il-komunit\u00e0 nisranija      <\/p>\n<p>      X&#8217;inhu sagrament?    <a rel=\"noopener nofollow noreferrer\" target=\"_blank\" href=\"https:\/\/www.vatican.va\/content\/paul-vi\/la\/apost_constitutions\/documents\/hf_p-vi_apc_19710815_divina-consortium.html\"><\/a><a rel=\"noopener nofollow noreferrer\" target=\"_blank\" href=\"https:\/\/www.vatican.va\/content\/paul-vi\/la\/apost_constitutions\/documents\/hf_p-vi_apc_19710815_divina-consortium.html\">Divina consortium naturae &#8211; Constitutio apostolica, die XV mensis Augusti anno MCMLXXI | Paulus PP. &#8230;<\/a><a rel=\"noopener nofollow noreferrer\" target=\"_blank\" href=\"https:\/\/www.vatican.va\/content\/paul-vi\/la\/apost_constitutions\/documents\/hf_p-vi_apc_19710815_divina-consortium.html\">www.vatican.va<\/a>    <\/p>\n<p>      Is-sagrament tal-gri\u017cma tal-isqof        Is-sagramenti tad-d\u0127ul fil-\u0127ajja nisranija      Is-sagrament tal-mag\u0127mudija      Tkompli tinbena llum!<\/p>\n","protected":false},"author":3,"featured_media":0,"parent":3276,"menu_order":9,"comment_status":"closed","ping_status":"closed","template":"","meta":{"footnotes":""},"class_list":["post-3334","page","type-page","status-publish","hentry"],"_links":{"self":[{"href":"https:\/\/cre.church.mt\/mt\/wp-json\/wp\/v2\/pages\/3334"}],"collection":[{"href":"https:\/\/cre.church.mt\/mt\/wp-json\/wp\/v2\/pages"}],"about":[{"href":"https:\/\/cre.church.mt\/mt\/wp-json\/wp\/v2\/types\/page"}],"author":[{"embeddable":true,"href":"https:\/\/cre.church.mt\/mt\/wp-json\/wp\/v2\/users\/3"}],"replies":[{"embeddable":true,"href":"https:\/\/cre.church.mt\/mt\/wp-json\/wp\/v2\/comments?post=3334"}],"version-history":[{"count":3,"href":"https:\/\/cre.church.mt\/mt\/wp-json\/wp\/v2\/pages\/3334\/revisions"}],"predecessor-version":[{"id":3708,"href":"https:\/\/cre.church.mt\/mt\/wp-json\/wp\/v2\/pages\/3334\/revisions\/3708"}],"up":[{"embeddable":true,"href":"https:\/\/cre.church.mt\/mt\/wp-json\/wp\/v2\/pages\/3276"}],"wp:attachment":[{"href":"https:\/\/cre.church.mt\/mt\/wp-json\/wp\/v2\/media?parent=3334"}],"curies":[{"name":"wp","href":"https:\/\/api.w.org\/{rel}","templated":true}]}}