{"id":3304,"date":"2022-01-08T17:25:48","date_gmt":"2022-01-08T16:25:48","guid":{"rendered":"https:\/\/cre.church.mt\/?page_id=3304"},"modified":"2022-01-21T17:15:34","modified_gmt":"2022-01-21T16:15:34","slug":"kapitlu-5-il-habib-veru","status":"publish","type":"page","link":"https:\/\/cre.church.mt\/mt\/intom-id-dawl-tad-dinja-rizorsi\/kapitlu-5-il-habib-veru\/","title":{"rendered":"Kapitlu 5 &#8211; Il-\u0126abib Veru!"},"content":{"rendered":"\n<h3 class=\"wp-block-heading\">Rispett fid-diversit\u00e0<\/h3>\n\n\n\n<div class=\"wp-block-columns is-layout-flex wp-container-core-columns-is-layout-1 wp-block-columns-is-layout-flex\">\n<div class=\"wp-block-column is-layout-flow wp-block-column-is-layout-flow\">\n<figure class=\"wp-block-embed is-type-video is-provider-youtube wp-block-embed-youtube wp-embed-aspect-16-9 wp-has-aspect-ratio\"><div class=\"wp-block-embed__wrapper\">\n<iframe title=\"Babe, the New Sheepdog - Babe (4\/9) Movie CLIP (1995) HD\" width=\"800\" height=\"450\" src=\"https:\/\/www.youtube.com\/embed\/Z0pOWMHRgfI?feature=oembed\" frameborder=\"0\" allow=\"accelerometer; autoplay; clipboard-write; encrypted-media; gyroscope; picture-in-picture\" allowfullscreen><\/iframe>\n<\/div><figcaption>Rispett vs arroganza<\/figcaption><\/figure>\n\n\n\n<div class=\"wp-block-zwt-beautiful-link-preview\"><div class=\"zwt-wp-link-prev full\" style=\"max-width:1024px\"><a rel=\"noopener nofollow noreferrer\" target=\"_blank\" href=\"https:\/\/www.laikos.org\/vat2_gaudium-et-spes_ver2017.htm\"><img class=\"zwt-wp-link-prev-img empty\"\/><\/a><div class=\"zwt-wp-link-prev-texts\"><div><h4 class=\"zwt-wp-link-prev-title\"><a rel=\"noopener nofollow noreferrer\" target=\"_blank\" href=\"https:\/\/www.laikos.org\/vat2_gaudium-et-spes_ver2017.htm\">Gaudium et Spes<\/a><\/h4><a rel=\"noopener nofollow noreferrer\" target=\"_blank\" href=\"https:\/\/www.laikos.org\/vat2_gaudium-et-spes_ver2017.htm\">www.laikos.org<\/a><\/div><\/div><\/div><\/div>\n<\/div>\n\n\n\n<div class=\"wp-block-column is-layout-flow wp-block-column-is-layout-flow\">\n<div class=\"wp-block-zwt-beautiful-link-preview\"><div class=\"zwt-wp-link-prev full\" style=\"max-width:1024px\"><a rel=\"noopener nofollow noreferrer\" target=\"_blank\" href=\"https:\/\/www.laikos.org\/vaticanii.htm\"><img class=\"zwt-wp-link-prev-img empty\"\/><\/a><div class=\"zwt-wp-link-prev-texts\"><div><h4 class=\"zwt-wp-link-prev-title\"><a rel=\"noopener nofollow noreferrer\" target=\"_blank\" href=\"https:\/\/www.laikos.org\/vaticanii.htm\">Vatikan II<\/a><\/h4><a rel=\"noopener nofollow noreferrer\" target=\"_blank\" href=\"https:\/\/www.laikos.org\/vaticanii.htm\">www.laikos.org<\/a><\/div><\/div><\/div><\/div>\n\n\n\n<p><\/p>\n\n\n\n<div class=\"wp-block-zwt-beautiful-link-preview\"><div class=\"zwt-wp-link-prev full\" style=\"max-width:1024px\"><a rel=\"noopener nofollow noreferrer\" target=\"_blank\" href=\"https:\/\/www.britannica.com\/biography\/Maya-Angelou\"><img decoding=\"async\" class=\"zwt-wp-link-prev-img\" src=\"?rest_route=\/zwt_wp_link_previewer\/v1\/img\/a1b6704f994702465e43ccdcb0527721\/full\"\/><\/a><div class=\"zwt-wp-link-prev-texts\"><div><h4 class=\"zwt-wp-link-prev-title\"><a rel=\"noopener nofollow noreferrer\" target=\"_blank\" href=\"https:\/\/www.britannica.com\/biography\/Maya-Angelou\">Maya Angelou | Biography, Books, Poems, &amp; Facts<\/a><\/h4><a rel=\"noopener nofollow noreferrer\" target=\"_blank\" href=\"https:\/\/www.britannica.com\/biography\/Maya-Angelou\">www.britannica.com<\/a><\/div><\/div><\/div><\/div>\n<\/div>\n<\/div>\n\n\n\n<h3 class=\"wp-block-heading\">Il-veru rispett nisrani<\/h3>\n\n\n\n<div class=\"wp-block-columns is-layout-flex wp-container-core-columns-is-layout-2 wp-block-columns-is-layout-flex\">\n<div class=\"wp-block-column is-layout-flow wp-block-column-is-layout-flow\">\n<div class=\"wp-block-zwt-beautiful-link-preview\"><div class=\"zwt-wp-link-prev full\" style=\"max-width:1024px\"><a rel=\"noopener nofollow noreferrer\" target=\"_blank\" href=\"https:\/\/european-union.europa.eu\/principles-countries-history\/history-eu\/eu-pioneers\/robert-schuman_en\"><img decoding=\"async\" class=\"zwt-wp-link-prev-img\" src=\"?rest_route=\/zwt_wp_link_previewer\/v1\/img\/2c897ea894c2f691a613ed45f842c090\/full\"\/><\/a><div class=\"zwt-wp-link-prev-texts\"><div><h4 class=\"zwt-wp-link-prev-title\"><a rel=\"noopener nofollow noreferrer\" target=\"_blank\" href=\"https:\/\/european-union.europa.eu\/principles-countries-history\/history-eu\/eu-pioneers\/robert-schuman_en\">Robert Schuman<\/a><\/h4><a rel=\"noopener nofollow noreferrer\" target=\"_blank\" href=\"https:\/\/european-union.europa.eu\/principles-countries-history\/history-eu\/eu-pioneers\/robert-schuman_en\">european-union.europa.eu<\/a><\/div><\/div><\/div><\/div>\n\n\n\n<p><\/p>\n\n\n\n<div class=\"wp-block-zwt-beautiful-link-preview\"><div class=\"zwt-wp-link-prev full\" style=\"max-width:1024px\"><a rel=\"noopener nofollow noreferrer\" target=\"_blank\" href=\"https:\/\/www.thefamouspeople.com\/profiles\/pope-pius-xii-8275.php\"><img decoding=\"async\" class=\"zwt-wp-link-prev-img\" src=\"?rest_route=\/zwt_wp_link_previewer\/v1\/img\/847f0c62b3b8aa72bd6be806f777402b\/full\"\/><\/a><div class=\"zwt-wp-link-prev-texts\"><div><h4 class=\"zwt-wp-link-prev-title\"><a rel=\"noopener nofollow noreferrer\" target=\"_blank\" href=\"https:\/\/www.thefamouspeople.com\/profiles\/pope-pius-xii-8275.php\">Who was Pope Pius XII? Everything You Need to Know<\/a><\/h4><a rel=\"noopener nofollow noreferrer\" target=\"_blank\" href=\"https:\/\/www.thefamouspeople.com\/profiles\/pope-pius-xii-8275.php\">www.thefamouspeople.com<\/a><\/div><\/div><\/div><\/div>\n\n\n\n<p><\/p>\n\n\n\n<figure class=\"wp-block-embed is-type-video is-provider-youtube wp-block-embed-youtube wp-embed-aspect-16-9 wp-has-aspect-ratio\"><div class=\"wp-block-embed__wrapper\">\n<iframe title=\"papa Giovanni XXIII, documentario Rai\" width=\"800\" height=\"450\" src=\"https:\/\/www.youtube.com\/embed\/qPL33j_y_Y8?feature=oembed\" frameborder=\"0\" allow=\"accelerometer; autoplay; clipboard-write; encrypted-media; gyroscope; picture-in-picture\" allowfullscreen><\/iframe>\n<\/div><figcaption>Il-\u0127ajja ta&#8217; San \u0120wanni XXIII<\/figcaption><\/figure>\n<\/div>\n\n\n\n<div class=\"wp-block-column is-layout-flow wp-block-column-is-layout-flow\">\n<figure class=\"wp-block-embed is-type-video is-provider-youtube wp-block-embed-youtube wp-embed-aspect-16-9 wp-has-aspect-ratio\"><div class=\"wp-block-embed__wrapper\">\n<iframe title=\"What is the European Union?  |  BBC Newsbeat\" width=\"800\" height=\"450\" src=\"https:\/\/www.youtube.com\/embed\/8G1cds52Ko0?feature=oembed\" frameborder=\"0\" allow=\"accelerometer; autoplay; clipboard-write; encrypted-media; gyroscope; picture-in-picture\" allowfullscreen><\/iframe>\n<\/div><figcaption>Unjoni Ewropeja<\/figcaption><\/figure>\n\n\n\n<div class=\"wp-block-zwt-beautiful-link-preview\"><div class=\"zwt-wp-link-prev full\" style=\"max-width:1024px\"><a rel=\"noopener nofollow noreferrer\" target=\"_blank\" href=\"https:\/\/www.vatican.va\/content\/john-xxiii\/en\/biography\/documents\/hf_j-xxiii_bio_16071997_biography.html\"><img class=\"zwt-wp-link-prev-img empty\"\/><\/a><div class=\"zwt-wp-link-prev-texts\"><div><h4 class=\"zwt-wp-link-prev-title\"><a rel=\"noopener nofollow noreferrer\" target=\"_blank\" href=\"https:\/\/www.vatican.va\/content\/john-xxiii\/en\/biography\/documents\/hf_j-xxiii_bio_16071997_biography.html\">Biography of Pope John XXIII | John XXIII<\/a><\/h4><a rel=\"noopener nofollow noreferrer\" target=\"_blank\" href=\"https:\/\/www.vatican.va\/content\/john-xxiii\/en\/biography\/documents\/hf_j-xxiii_bio_16071997_biography.html\">www.vatican.va<\/a><\/div><\/div><\/div><\/div>\n\n\n\n<p><\/p>\n\n\n\n<figure class=\"wp-block-embed is-type-video is-provider-youtube wp-block-embed-youtube wp-embed-aspect-16-9 wp-has-aspect-ratio\"><div class=\"wp-block-embed__wrapper\">\n<iframe title=\"Pope jokes in ecumenical meeting: Who is better - Catholics or Lutherans?\" width=\"800\" height=\"450\" src=\"https:\/\/www.youtube.com\/embed\/GAJOIXq2Wv4?feature=oembed\" frameborder=\"0\" allow=\"accelerometer; autoplay; clipboard-write; encrypted-media; gyroscope; picture-in-picture\" allowfullscreen><\/iframe>\n<\/div><figcaption>Min hu l-a\u0127jar? Il-Papa Fran\u0121isku ji\u010b\u010bajta waqt laqg\u0127a ekumenika<\/figcaption><\/figure>\n<\/div>\n<\/div>\n\n\n\n<h3 class=\"wp-block-heading\">Na\u010b\u010betta lil \u0120es\u00f9 fl-inkarnazzjoni<\/h3>\n\n\n\n<div class=\"wp-block-columns is-layout-flex wp-container-core-columns-is-layout-3 wp-block-columns-is-layout-flex\">\n<div class=\"wp-block-column is-layout-flow wp-block-column-is-layout-flow\">\n<figure class=\"wp-block-embed is-type-video is-provider-youtube wp-block-embed-youtube wp-embed-aspect-16-9 wp-has-aspect-ratio\"><div class=\"wp-block-embed__wrapper\">\n<iframe title=\"3 Minute Theology 1.5: What is the Incarnation?\" width=\"800\" height=\"450\" src=\"https:\/\/www.youtube.com\/embed\/I6XMn-yH71E?feature=oembed\" frameborder=\"0\" allow=\"accelerometer; autoplay; clipboard-write; encrypted-media; gyroscope; picture-in-picture\" allowfullscreen><\/iframe>\n<\/div><figcaption>L-inkarnazzjoni<\/figcaption><\/figure>\n\n\n\n<figure class=\"wp-block-embed is-type-video is-provider-youtube wp-block-embed-youtube wp-embed-aspect-16-9 wp-has-aspect-ratio\"><div class=\"wp-block-embed__wrapper\">\n<iframe title=\"Thank You - Hillsong Worship\" width=\"800\" height=\"450\" src=\"https:\/\/www.youtube.com\/embed\/BSMuZFUL-0g?feature=oembed\" frameborder=\"0\" allow=\"accelerometer; autoplay; clipboard-write; encrypted-media; gyroscope; picture-in-picture\" allowfullscreen><\/iframe>\n<\/div><figcaption>Kanzunetta &#8211; <em>Thank you<\/em> &#8211; 1<\/figcaption><\/figure>\n<\/div>\n\n\n\n<div class=\"wp-block-column is-layout-flow wp-block-column-is-layout-flow\">\n<figure class=\"wp-block-embed is-type-video is-provider-youtube wp-block-embed-youtube wp-embed-aspect-16-9 wp-has-aspect-ratio\"><div class=\"wp-block-embed__wrapper\">\n<iframe title=\"Messiah\" width=\"800\" height=\"450\" src=\"https:\/\/www.youtube.com\/embed\/3dEh25pduQ8?feature=oembed\" frameborder=\"0\" allow=\"accelerometer; autoplay; clipboard-write; encrypted-media; gyroscope; picture-in-picture\" allowfullscreen><\/iframe>\n<\/div><figcaption>Il-Messija<\/figcaption><\/figure>\n\n\n\n<figure class=\"wp-block-embed is-type-video is-provider-youtube wp-block-embed-youtube wp-embed-aspect-16-9 wp-has-aspect-ratio\"><div class=\"wp-block-embed__wrapper\">\n<iframe title=\"Thank you - Hillsong 2010 (lyrics) (Best Worship Song with tears 6)\" width=\"800\" height=\"450\" src=\"https:\/\/www.youtube.com\/embed\/3Y2MzEbEBhA?feature=oembed\" frameborder=\"0\" allow=\"accelerometer; autoplay; clipboard-write; encrypted-media; gyroscope; picture-in-picture\" allowfullscreen><\/iframe>\n<\/div><figcaption>Kanzunetta &#8211; <em>Thank you<\/em> &#8211; 2<\/figcaption><\/figure>\n<\/div>\n<\/div>\n\n\n\n<h3 class=\"wp-block-heading\">Miftu\u0127 g\u0127all-kundanna tal-akbar kriminal<\/h3>\n\n\n\n<div class=\"wp-block-columns is-layout-flex wp-container-core-columns-is-layout-4 wp-block-columns-is-layout-flex\">\n<div class=\"wp-block-column is-layout-flow wp-block-column-is-layout-flow\">\n<figure class=\"wp-block-embed is-type-video is-provider-youtube wp-block-embed-youtube wp-embed-aspect-16-9 wp-has-aspect-ratio\"><div class=\"wp-block-embed__wrapper\">\n<iframe title=\"The Law\" width=\"800\" height=\"450\" src=\"https:\/\/www.youtube.com\/embed\/3BGO9Mmd_cU?feature=oembed\" frameborder=\"0\" allow=\"accelerometer; autoplay; clipboard-write; encrypted-media; gyroscope; picture-in-picture\" allowfullscreen><\/iframe>\n<\/div><figcaption>Il-Li\u0121i<\/figcaption><\/figure>\n\n\n\n<figure class=\"wp-block-embed is-type-video is-provider-youtube wp-block-embed-youtube wp-embed-aspect-16-9 wp-has-aspect-ratio\"><div class=\"wp-block-embed__wrapper\">\n<iframe title=\"Casting Crowns - Jesus, Friend Of Sinners (with lyrics)\" width=\"800\" height=\"450\" src=\"https:\/\/www.youtube.com\/embed\/rJXIugwiN7Q?feature=oembed\" frameborder=\"0\" allow=\"accelerometer; autoplay; clipboard-write; encrypted-media; gyroscope; picture-in-picture\" allowfullscreen><\/iframe>\n<\/div><figcaption>Kanzunetta &#8211; <em>Jesus, Friend of Sinners<\/em><\/figcaption><\/figure>\n<\/div>\n\n\n\n<div class=\"wp-block-column is-layout-flow wp-block-column-is-layout-flow\">\n<figure class=\"wp-block-embed is-type-video is-provider-youtube wp-block-embed-youtube wp-embed-aspect-16-9 wp-has-aspect-ratio\"><div class=\"wp-block-embed__wrapper\">\n<iframe title=\"The Torah: a Quick Overview | Whiteboard Bible Study\" width=\"800\" height=\"450\" src=\"https:\/\/www.youtube.com\/embed\/7e-z1R62FtI?feature=oembed\" frameborder=\"0\" allow=\"accelerometer; autoplay; clipboard-write; encrypted-media; gyroscope; picture-in-picture\" allowfullscreen><\/iframe>\n<\/div><figcaption>It-<em>Torah<\/em><\/figcaption><\/figure>\n<\/div>\n<\/div>\n\n\n\n<h3 class=\"wp-block-heading\">Ma nsej\u0127ilkomx qaddejja i\u017cda \u0127bieb<\/h3>\n\n\n\n<div class=\"wp-block-columns is-layout-flex wp-container-core-columns-is-layout-5 wp-block-columns-is-layout-flex\">\n<div class=\"wp-block-column is-layout-flow wp-block-column-is-layout-flow\">\n<figure class=\"wp-block-embed is-type-video is-provider-youtube wp-block-embed-youtube wp-embed-aspect-16-9 wp-has-aspect-ratio\"><div class=\"wp-block-embed__wrapper\">\n<iframe title=\"A short story about true friendship\" width=\"800\" height=\"450\" src=\"https:\/\/www.youtube.com\/embed\/TPkqoJ_k_98?feature=oembed\" frameborder=\"0\" allow=\"accelerometer; autoplay; clipboard-write; encrypted-media; gyroscope; picture-in-picture\" allowfullscreen><\/iframe>\n<\/div><figcaption>Il-\u0127biberija vera<\/figcaption><\/figure>\n<\/div>\n\n\n\n<div class=\"wp-block-column is-layout-flow wp-block-column-is-layout-flow\">\n<div class=\"wp-block-zwt-beautiful-link-preview\"><div class=\"zwt-wp-link-prev full\" style=\"max-width:1024px\"><a rel=\"noopener nofollow noreferrer\" target=\"_blank\" href=\"http:\/\/laikos.org\/GEs_19032018.htm\"><img class=\"zwt-wp-link-prev-img empty\"\/><\/a><div class=\"zwt-wp-link-prev-texts\"><div><h4 class=\"zwt-wp-link-prev-title\"><a rel=\"noopener nofollow noreferrer\" target=\"_blank\" href=\"http:\/\/laikos.org\/GEs_19032018.htm\">Gaudete et Exsultate<\/a><\/h4><a rel=\"noopener nofollow noreferrer\" target=\"_blank\" href=\"http:\/\/laikos.org\/GEs_19032018.htm\">laikos.org<\/a><\/div><\/div><\/div><\/div>\n\n\n\n<p>Fil-qosor<\/p>\n\n\n\n<p><\/p>\n\n\n\n<div class=\"wp-block-zwt-beautiful-link-preview\"><div class=\"zwt-wp-link-prev full\" style=\"max-width:1024px\"><a rel=\"noopener nofollow noreferrer\" target=\"_blank\" href=\"https:\/\/www.laikos.org\/GE.htm\"><img class=\"zwt-wp-link-prev-img empty\"\/><\/a><div class=\"zwt-wp-link-prev-texts\"><div><h4 class=\"zwt-wp-link-prev-title\"><a rel=\"noopener nofollow noreferrer\" target=\"_blank\" href=\"https:\/\/www.laikos.org\/GE.htm\">Gaudete et Exsultate<\/a><\/h4><a rel=\"noopener nofollow noreferrer\" target=\"_blank\" href=\"https:\/\/www.laikos.org\/GE.htm\">www.laikos.org<\/a><\/div><\/div><\/div><\/div>\n<\/div>\n<\/div>\n\n\n\n<h3 class=\"wp-block-heading\">Il-libert\u00e0 reli\u0121ju\u017ca<\/h3>\n\n\n\n<div class=\"wp-block-columns is-layout-flex wp-container-core-columns-is-layout-6 wp-block-columns-is-layout-flex\">\n<div class=\"wp-block-column is-layout-flow wp-block-column-is-layout-flow\">\n<div class=\"wp-block-zwt-beautiful-link-preview\"><div class=\"zwt-wp-link-prev full\" style=\"max-width:1024px\"><a rel=\"noopener nofollow noreferrer\" target=\"_blank\" href=\"https:\/\/laikos.org\/vat2_dignitatis-humanae_ver2017.htm\"><img class=\"zwt-wp-link-prev-img empty\"\/><\/a><div class=\"zwt-wp-link-prev-texts\"><div><h4 class=\"zwt-wp-link-prev-title\"><a rel=\"noopener nofollow noreferrer\" target=\"_blank\" href=\"https:\/\/laikos.org\/vat2_dignitatis-humanae_ver2017.htm\">Dignitatis Humanae<\/a><\/h4><a rel=\"noopener nofollow noreferrer\" target=\"_blank\" href=\"https:\/\/laikos.org\/vat2_dignitatis-humanae_ver2017.htm\">laikos.org<\/a><\/div><\/div><\/div><\/div>\n\n\n\n<p><\/p>\n\n\n\n<figure class=\"wp-block-embed is-type-video is-provider-youtube wp-block-embed-youtube wp-embed-aspect-16-9 wp-has-aspect-ratio\"><div class=\"wp-block-embed__wrapper\">\n<iframe title=\"Taize Brothers Promotional Video\" width=\"800\" height=\"450\" src=\"https:\/\/www.youtube.com\/embed\/ngA8BFbjrE0?feature=oembed\" frameborder=\"0\" allow=\"accelerometer; autoplay; clipboard-write; encrypted-media; gyroscope; picture-in-picture\" allowfullscreen><\/iframe>\n<\/div><figcaption>Taiz\u00e9<\/figcaption><\/figure>\n<\/div>\n\n\n\n<div class=\"wp-block-column is-layout-flow wp-block-column-is-layout-flow\">\n<div class=\"wp-block-zwt-beautiful-link-preview\"><div class=\"zwt-wp-link-prev full\" style=\"max-width:1024px\"><a rel=\"noopener nofollow noreferrer\" target=\"_blank\" href=\"https:\/\/www.laikos.org\/bxvi_carita-in-veritate_29062009.htm\"><img class=\"zwt-wp-link-prev-img empty\"\/><\/a><div class=\"zwt-wp-link-prev-texts\"><div><h4 class=\"zwt-wp-link-prev-title\"><a rel=\"noopener nofollow noreferrer\" target=\"_blank\" href=\"https:\/\/www.laikos.org\/bxvi_carita-in-veritate_29062009.htm\">Caritas in Veritate<\/a><\/h4><a rel=\"noopener nofollow noreferrer\" target=\"_blank\" href=\"https:\/\/www.laikos.org\/bxvi_carita-in-veritate_29062009.htm\">www.laikos.org<\/a><\/div><\/div><\/div><\/div>\n\n\n\n<p><\/p>\n\n\n\n<div class=\"wp-block-zwt-beautiful-link-preview\"><div class=\"zwt-wp-link-prev full\" style=\"max-width:1024px\"><a rel=\"noopener nofollow noreferrer\" target=\"_blank\" href=\"https:\/\/www.monasterodibose.it\/en\/community\"><img class=\"zwt-wp-link-prev-img empty\"\/><\/a><div class=\"zwt-wp-link-prev-texts\"><div><h4 class=\"zwt-wp-link-prev-title\"><a rel=\"noopener nofollow noreferrer\" target=\"_blank\" href=\"https:\/\/www.monasterodibose.it\/en\/community\">Monastero di Bose &#8211; Community<\/a><\/h4><a rel=\"noopener nofollow noreferrer\" target=\"_blank\" href=\"https:\/\/www.monasterodibose.it\/en\/community\">www.monasterodibose.it<\/a><\/div><\/div><\/div><\/div>\n<\/div>\n<\/div>\n\n\n\n<h3 class=\"wp-block-heading\">Il-\u0127ajja missjunarja<\/h3>\n\n\n\n<div class=\"wp-block-columns is-layout-flex wp-container-core-columns-is-layout-7 wp-block-columns-is-layout-flex\">\n<div class=\"wp-block-column is-layout-flow wp-block-column-is-layout-flow\">\n<figure class=\"wp-block-embed is-type-video is-provider-youtube wp-block-embed-youtube wp-embed-aspect-16-9 wp-has-aspect-ratio\"><div class=\"wp-block-embed__wrapper\">\n<iframe title=\"Jesuit Matteo Ricci and Xu Guanggi in China\" width=\"800\" height=\"450\" src=\"https:\/\/www.youtube.com\/embed\/8MGDBKa1dV4?feature=oembed\" frameborder=\"0\" allow=\"accelerometer; autoplay; clipboard-write; encrypted-media; gyroscope; picture-in-picture\" allowfullscreen><\/iframe>\n<\/div><figcaption>Matteo Ricci<\/figcaption><\/figure>\n\n\n\n<div class=\"wp-block-zwt-beautiful-link-preview\"><div class=\"zwt-wp-link-prev full\" style=\"max-width:1024px\"><a rel=\"noopener nofollow noreferrer\" target=\"_blank\" href=\"https:\/\/laikos.org\/vat2_nostra_aetate_ver2017.htm\"><img class=\"zwt-wp-link-prev-img empty\"\/><\/a><div class=\"zwt-wp-link-prev-texts\"><div><a rel=\"noopener nofollow noreferrer\" target=\"_blank\" href=\"https:\/\/laikos.org\/vat2_nostra_aetate_ver2017.htm\">laikos.org<\/a><\/div><\/div><\/div><\/div>\n\n\n\n<p>Nostra Aetate<\/p>\n<\/div>\n\n\n\n<div class=\"wp-block-column is-layout-flow wp-block-column-is-layout-flow\">\n<figure class=\"wp-block-embed is-type-video is-provider-youtube wp-block-embed-youtube wp-embed-aspect-16-9 wp-has-aspect-ratio\"><div class=\"wp-block-embed__wrapper\">\n<iframe title=\"San Fran\u0121isk Saverju - 3 ta&#039; Di\u010bembru\" width=\"800\" height=\"450\" src=\"https:\/\/www.youtube.com\/embed\/6wiK7MZSA1Q?feature=oembed\" frameborder=\"0\" allow=\"accelerometer; autoplay; clipboard-write; encrypted-media; gyroscope; picture-in-picture\" allowfullscreen><\/iframe>\n<\/div><figcaption>San Fran\u0121isk Saverju<\/figcaption><\/figure>\n<\/div>\n<\/div>\n","protected":false},"excerpt":{"rendered":"<p>Rispett fid-diversit\u00e0        Rispett vs arroganza    <a rel=\"noopener nofollow noreferrer\" target=\"_blank\" href=\"https:\/\/www.laikos.org\/vat2_gaudium-et-spes_ver2017.htm\"><\/a><a rel=\"noopener nofollow noreferrer\" target=\"_blank\" href=\"https:\/\/www.laikos.org\/vat2_gaudium-et-spes_ver2017.htm\">Gaudium et Spes<\/a><a rel=\"noopener nofollow noreferrer\" target=\"_blank\" href=\"https:\/\/www.laikos.org\/vat2_gaudium-et-spes_ver2017.htm\">www.laikos.org<\/a>      <a rel=\"noopener nofollow noreferrer\" target=\"_blank\" href=\"https:\/\/www.laikos.org\/vaticanii.htm\"><\/a><a rel=\"noopener nofollow noreferrer\" target=\"_blank\" href=\"https:\/\/www.laikos.org\/vaticanii.htm\">Vatikan II<\/a><a rel=\"noopener nofollow noreferrer\" target=\"_blank\" href=\"https:\/\/www.laikos.org\/vaticanii.htm\">www.laikos.org<\/a>    <\/p>\n<p>    <a rel=\"noopener nofollow noreferrer\" target=\"_blank\" href=\"https:\/\/www.britannica.com\/biography\/Maya-Angelou\"><\/a><a rel=\"noopener nofollow noreferrer\" target=\"_blank\" href=\"https:\/\/www.britannica.com\/biography\/Maya-Angelou\">Maya Angelou | Biography, Books, Poems, &amp; Facts<\/a><a rel=\"noopener nofollow noreferrer\" target=\"_blank\" href=\"https:\/\/www.britannica.com\/biography\/Maya-Angelou\">www.britannica.com<\/a>      Il-veru rispett nisrani      <a rel=\"noopener nofollow noreferrer\" target=\"_blank\" href=\"https:\/\/european-union.europa.eu\/principles-countries-history\/history-eu\/eu-pioneers\/robert-schuman_en\"><\/a><a rel=\"noopener nofollow noreferrer\" target=\"_blank\" href=\"https:\/\/european-union.europa.eu\/principles-countries-history\/history-eu\/eu-pioneers\/robert-schuman_en\">Robert Schuman<\/a><a rel=\"noopener nofollow noreferrer\" target=\"_blank\" href=\"https:\/\/european-union.europa.eu\/principles-countries-history\/history-eu\/eu-pioneers\/robert-schuman_en\">european-union.europa.eu<\/a>    <\/p>\n<p>    <a rel=\"noopener nofollow noreferrer\" target=\"_blank\" href=\"https:\/\/www.thefamouspeople.com\/profiles\/pope-pius-xii-8275.php\"><\/a><a rel=\"noopener nofollow noreferrer\" target=\"_blank\" href=\"https:\/\/www.thefamouspeople.com\/profiles\/pope-pius-xii-8275.php\">Who was Pope Pius XII? Everything You Need to Know<\/a><a rel=\"noopener nofollow noreferrer\" target=\"_blank\" href=\"https:\/\/www.thefamouspeople.com\/profiles\/pope-pius-xii-8275.php\">www.thefamouspeople.com<\/a>    <\/p>\n<p>      Il-\u0127ajja ta&#8217; San \u0120wanni XXIII        Unjoni Ewropeja    <a rel=\"noopener nofollow noreferrer\" target=\"_blank\" href=\"https:\/\/www.vatican.va\/content\/john-xxiii\/en\/biography\/documents\/hf_j-xxiii_bio_16071997_biography.html\"><\/a><a rel=\"noopener nofollow noreferrer\" target=\"_blank\" href=\"https:\/\/www.vatican.va\/content\/john-xxiii\/en\/biography\/documents\/hf_j-xxiii_bio_16071997_biography.html\">Biography of Pope John XXIII | John XXIII<\/a><a rel=\"noopener nofollow noreferrer\" target=\"_blank\" href=\"https:\/\/www.vatican.va\/content\/john-xxiii\/en\/biography\/documents\/hf_j-xxiii_bio_16071997_biography.html\">www.vatican.va<\/a>    <\/p>\n<p>      Min hu l-a\u0127jar?<\/p>\n","protected":false},"author":3,"featured_media":0,"parent":3276,"menu_order":5,"comment_status":"closed","ping_status":"closed","template":"","meta":{"footnotes":""},"class_list":["post-3304","page","type-page","status-publish","hentry"],"_links":{"self":[{"href":"https:\/\/cre.church.mt\/mt\/wp-json\/wp\/v2\/pages\/3304"}],"collection":[{"href":"https:\/\/cre.church.mt\/mt\/wp-json\/wp\/v2\/pages"}],"about":[{"href":"https:\/\/cre.church.mt\/mt\/wp-json\/wp\/v2\/types\/page"}],"author":[{"embeddable":true,"href":"https:\/\/cre.church.mt\/mt\/wp-json\/wp\/v2\/users\/3"}],"replies":[{"embeddable":true,"href":"https:\/\/cre.church.mt\/mt\/wp-json\/wp\/v2\/comments?post=3304"}],"version-history":[{"count":5,"href":"https:\/\/cre.church.mt\/mt\/wp-json\/wp\/v2\/pages\/3304\/revisions"}],"predecessor-version":[{"id":3675,"href":"https:\/\/cre.church.mt\/mt\/wp-json\/wp\/v2\/pages\/3304\/revisions\/3675"}],"up":[{"embeddable":true,"href":"https:\/\/cre.church.mt\/mt\/wp-json\/wp\/v2\/pages\/3276"}],"wp:attachment":[{"href":"https:\/\/cre.church.mt\/mt\/wp-json\/wp\/v2\/media?parent=3304"}],"curies":[{"name":"wp","href":"https:\/\/api.w.org\/{rel}","templated":true}]}}