{"id":3183,"date":"2022-01-06T16:27:45","date_gmt":"2022-01-06T15:27:45","guid":{"rendered":"https:\/\/cre.church.mt\/?page_id=3183"},"modified":"2022-07-28T14:43:12","modified_gmt":"2022-07-28T12:43:12","slug":"min-ahna","status":"publish","type":"page","link":"https:\/\/cre.church.mt\/mt\/min-ahna\/","title":{"rendered":"Min A\u0127na"},"content":{"rendered":"\n<p>L-Uffi\u010b\u010bju g\u0127all-Edukazzjoni Reli\u0121ju\u017ca tal-Konferenza Episkopali Maltija kien imwaqqaf fl-2022 biex jie\u0127u \u0127sieb l-Edukazzjoni Reli\u0121ju\u017ca f\u2019Malta u G\u0127awdex. L-Edukazzjoni Reli\u017cju\u017ca huwa su\u0121\u0121ett mg\u0127allem fl-iskejjel tal-Istat, tal-Knisja u fl-iskejjel Indipendenti mill-1 Sena sal-11-il Sena. Dan is-su\u0121\u0121ett jipprova jressaq lejn xulxin id-dinja tar-Reli\u0121jon u tal-Edukazzjoni biex flimkien u b\u2019mod interdixxiplinari jipprovdi edukazzjoni s\u0127i\u0127a lill-istudenti fl-iskejjel. Huwa b\u2019din ir-rikezza ta\u2019 dawn i\u017c-\u017cew\u0121 aspetti flimkien li l-istudenti jkollhom l-a\u0127jar tag\u0127lim, u li tag\u0127mel lill-Edukazzjoni Reli\u0121ju\u017ca su\u0121\u0121ett li ma g\u0127andux l-iskop li jindottrina lill-istudenti imma li:<\/p>\n\n\n\n<ul class=\"wp-block-list\"><li>jiskopru r-rikezza tar-reli\u0121jon fil-kultura u fis-so\u010bjet\u00e0 li huma jg\u0127ixu fiha<\/li><li>jindunaw bis-sabi\u0127 f\u2019persuni li j\u0127addnu reli\u0121jonijiet u espressjonijiet ta\u2019 fidi o\u0127ra<\/li><li>jsiru konxji tal-potenzjal li g\u0127andu l-bniedem meta j\u0127alli l-fidi sservi b\u0127ala gwida fil-\u0127ajja<\/li><li>jikxfu l-kapa\u010bit\u00e0 mo\u0127bija li g\u0127andhom biex jag\u0127mlu g\u0127a\u017cliet morali tajba u nfurmati<\/li><li>jirrikonoxxu li l-Edukazzjoni Reli\u0121ju\u017ca mhix biss su\u0121\u0121ett g\u0127all-e\u017camijiet u g\u0127a\u010b-\u010bertifikati i\u017cda hija vja\u0121\u0121 tul il-\u0127ajja kollha li fih il-persuna tiskopri lilha nnifisha b\u0127ala persuna f\u2019relazzjoni ma\u2019 Alla, mal-o\u0127rajn u mal-\u0127olqien.<\/li><\/ul>\n\n\n\n<div style=\"height:20px\" aria-hidden=\"true\" class=\"wp-block-spacer\"><\/div>\n\n\n\n<h4 class=\"wp-block-heading\"><strong>It-Tim<\/strong><\/h4>\n\n\n\n<div class=\"wp-block-columns is-layout-flex wp-container-core-columns-is-layout-1 wp-block-columns-is-layout-flex\">\n<div class=\"wp-block-column is-layout-flow wp-block-column-is-layout-flow\"><style id=\"kb-infobox_6ed5b7-4e\">#kt-info-box_6ed5b7-4e .kt-blocks-info-box-link-wrap{background:#ffffff;padding-top:24px;padding-right:24px;padding-bottom:24px;padding-left:24px;margin-top:50px;border-top-width:5px;border-right-width:5px;border-bottom-width:5px;border-left-width:5px;}#kt-info-box_6ed5b7-4e .kt-blocks-info-box-link-wrap:hover{border-color:#eeeeee;background:#ffffff;}#kt-info-box_6ed5b7-4e .kadence-info-box-image-inner-intrisic-container{max-width:300px;}#kt-info-box_6ed5b7-4e .kadence-info-box-image-inner-intrisic-container .kadence-info-box-image-intrisic{padding-bottom:85.7824%;width:1259px;height:0px;max-width:100%;}#kt-info-box_6ed5b7-4e .kt-info-svg-icon, #kt-info-box_6ed5b7-4e .kt-info-svg-icon-flip, #kt-info-box_6ed5b7-4e .kt-blocks-info-box-number{font-size:50px;}#kt-info-box_6ed5b7-4e .kt-blocks-info-box-media{color:#444444;background:#ffffff;border-color:#eeeeee;border-top-width:0px;border-right-width:0px;border-bottom-width:0px;border-left-width:0px;padding-top:10px;padding-right:10px;padding-bottom:10px;padding-left:10px;}#kt-info-box_6ed5b7-4e .kt-blocks-info-box-media-container{margin-top:-75px;margin-right:0px;margin-bottom:20px;margin-left:0px;}#kt-info-box_6ed5b7-4e .kt-blocks-info-box-link-wrap:hover .kt-blocks-info-box-media{color:#444444;background:#ffffff;border-color:#eeeeee;}#kt-info-box_6ed5b7-4e .kt-blocks-info-box-title{font-weight:bold;padding-top:0px;padding-right:0px;padding-bottom:0px;padding-left:0px;margin-top:5px;margin-right:0px;margin-bottom:10px;margin-left:0px;}#kt-info-box_6ed5b7-4e .kt-blocks-info-box-text{font-weight:400;}#kt-info-box_6ed5b7-4e .kt-blocks-info-box-learnmore{background:transparent;border-color:#555555;border-width:0px 0px 0px 0px;padding:4px 8px 4px 8px;margin:10px 0px 10px 0px;}#kt-info-box_6ed5b7-4e .kt-blocks-info-box-link-wrap:hover .kt-blocks-info-box-learnmore{color:#ffffff;background:#444444;border-color:#444444;}<\/style>\n<div id=\"kt-info-box_6ed5b7-4e\" class=\"wp-block-kadence-infobox\"><a class=\"kt-blocks-info-box-link-wrap info-box-link kt-blocks-info-box-media-align-top kt-info-halign-left\"><div class=\"kt-blocks-info-box-media-container\"><div class=\"kt-blocks-info-box-media kt-info-media-animate-none\"><div class=\"kadence-info-box-image-inner-intrisic-container\"><div class=\"kadence-info-box-image-intrisic kt-info-animate-none\"><div class=\"kadence-info-box-image-inner-intrisic\"><img fetchpriority=\"high\" decoding=\"async\" src=\"https:\/\/cre.church.mt\/wp-content\/uploads\/2022\/07\/88-DUN-CARL-MARIO-SULTANA-e1659011100901.jpg\" alt=\"\" width=\"1259\" height=\"1080\" class=\"kt-info-box-image wp-image-5379\" srcset=\"https:\/\/cre.church.mt\/wp-content\/uploads\/2022\/07\/88-DUN-CARL-MARIO-SULTANA-e1659011100901.jpg 1259w, https:\/\/cre.church.mt\/wp-content\/uploads\/2022\/07\/88-DUN-CARL-MARIO-SULTANA-e1659011100901-600x515.jpg 600w, https:\/\/cre.church.mt\/wp-content\/uploads\/2022\/07\/88-DUN-CARL-MARIO-SULTANA-e1659011100901-768x659.jpg 768w, https:\/\/cre.church.mt\/wp-content\/uploads\/2022\/07\/88-DUN-CARL-MARIO-SULTANA-e1659011100901-800x686.jpg 800w, https:\/\/cre.church.mt\/wp-content\/uploads\/2022\/07\/88-DUN-CARL-MARIO-SULTANA-e1659011100901-1200x1029.jpg 1200w\" sizes=\"(max-width: 1259px) 100vw, 1259px\" \/><\/div><\/div><\/div><\/div><\/div><div class=\"kt-infobox-textcontent\"><h4 class=\"kt-blocks-info-box-title\">Dun Dr Carl-Mario Sultana<\/h4><p class=\"kt-blocks-info-box-text\"><strong>Delegat<\/strong><br\/><br\/>Dun Dr Carl-Mario Sultana studja fl-Universit\u00e0 ta\u2019 Malta u fl-Universit\u00e0 Pontifi\u010bja Salesjana f\u2019Ruma fejn spe\u010bjali\u017c\u017ca fil-Pastorali ma\u017c-\u017bg\u0127a\u017cag\u0127 u l-Kateketika. Huwa lettur anzjan fil-Fakult\u00e0 tat-Teolo\u0121ija fi \u0127dan l-Universit\u00e0 ta\u2019 Malta u ilu jg\u0127allem l-Edukazzjoni Reli\u0121ju\u017ca u l-Kateketika mill-2007. Fl-2017 n\u0127atar Kap tad-Dipartiment tat-Teolo\u0121ija Pastorali, Litur\u0121ija u Li\u0121i Kanonika fl-istess Fakult\u00e0.<br\/><br\/>Il-missjoni tad-Delegat g\u0127all-Edukazzjoni Reli\u0121ju\u017ca tkopri dak kollu li g\u0127andu x\u2019jaqsam mal-Edukazzjoni Reli\u0121ju\u017ca b\u0127ala su\u0121\u0121ett li ji\u0121i mg\u0127allem fl-iskejjel tal-Istat, tal-Knisja u Indipendenti. Flimkien mal-Uffi\u010bjali Edukattivi g\u0127at-Tag\u0127lim tar-Reli\u0121jon fi \u0127dan il-Ministeru tal-Edukazzjoni, id-Delegat g\u0127all-Edukazzjoni Reli\u0121ju\u017ca jfassal u j\u0127ejji programmi ta\u2019 tag\u0127lim u sillabi biex ji\u0121u mg\u0127allma fl-iskejjel u jing\u0127ata ta\u0127ri\u0121 spe\u010bjalizzat lill-g\u0127alliema tar-Reli\u0121jon biex dan it-tag\u0127lim jibqa\u2019 jing\u0127ata bl-a\u0127jar mod possibbli.<br\/><\/p><\/div><\/a><\/div>\n<\/div>\n\n\n\n<div class=\"wp-block-column is-layout-flow wp-block-column-is-layout-flow\"><\/div>\n<\/div>\n","protected":false},"excerpt":{"rendered":"<p>L-Uffi\u010b\u010bju g\u0127all-Edukazzjoni Reli\u0121ju\u017ca tal-Konferenza Episkopali Maltija kien imwaqqaf fl-2022 biex jie\u0127u \u0127sieb l-Edukazzjoni Reli\u0121ju\u017ca f\u2019Malta u G\u0127awdex. L-Edukazzjoni Reli\u017cju\u017ca huwa su\u0121\u0121ett mg\u0127allem fl-iskejjel tal-Istat, tal-Knisja u fl-iskejjel Indipendenti mill-1 Sena sal-11-il Sena. Dan is-su\u0121\u0121ett jipprova jressaq lejn xulxin id-dinja tar-Reli\u0121jon u tal-Edukazzjoni biex flimkien u b\u2019mod interdixxiplinari jipprovdi edukazzjoni s\u0127i\u0127a lill-istudenti fl-iskejjel. Huwa b\u2019din ir-rikezza ta\u2019 dawn i\u017c-\u017cew\u0121 aspetti flimkien li l-istudenti jkollhom l-a\u0127jar tag\u0127lim, u li tag\u0127mel lill-Edukazzjoni Reli\u0121ju\u017ca su\u0121\u0121ett li ma g\u0127andux l-iskop li jindottrina lill-istudenti imma li:<\/p>\n<ul class=\"wp-block-list\">\n<li>jiskopru r-rikezza tar-reli\u0121jon fil-kultura u fis-so\u010bjet\u00e0 li huma jg\u0127ixu fiha<\/li>\n<li>jindunaw bis-sabi\u0127 f\u2019persuni li j\u0127addnu reli\u0121jonijiet u espressjonijiet ta\u2019 fidi o\u0127ra<\/li>\n<li>jsiru konxji tal-potenzjal li g\u0127andu l-bniedem meta j\u0127alli l-fidi sservi b\u0127ala gwida fil-\u0127ajja<\/li>\n<li>jikxfu l-kapa\u010bit\u00e0 mo\u0127bija li g\u0127andhom biex jag\u0127mlu g\u0127a\u017cliet morali tajba u nfurmati<\/li>\n<li>jirrikonoxxu li l-Edukazzjoni Reli\u0121ju\u017ca mhix biss su\u0121\u0121ett g\u0127all-e\u017camijiet u g\u0127a\u010b-\u010bertifikati i\u017cda hija vja\u0121\u0121 tul il-\u0127ajja kollha li fih il-persuna tiskopri lilha nnifisha b\u0127ala persuna f\u2019relazzjoni ma\u2019 Alla, mal-o\u0127rajn u mal-\u0127olqien.<\/li>\n<\/ul>\n","protected":false},"author":1,"featured_media":3180,"parent":0,"menu_order":0,"comment_status":"closed","ping_status":"closed","template":"page-templates\/feature.php","meta":{"footnotes":""},"class_list":["post-3183","page","type-page","status-publish","has-post-thumbnail","hentry"],"_links":{"self":[{"href":"https:\/\/cre.church.mt\/mt\/wp-json\/wp\/v2\/pages\/3183"}],"collection":[{"href":"https:\/\/cre.church.mt\/mt\/wp-json\/wp\/v2\/pages"}],"about":[{"href":"https:\/\/cre.church.mt\/mt\/wp-json\/wp\/v2\/types\/page"}],"author":[{"embeddable":true,"href":"https:\/\/cre.church.mt\/mt\/wp-json\/wp\/v2\/users\/1"}],"replies":[{"embeddable":true,"href":"https:\/\/cre.church.mt\/mt\/wp-json\/wp\/v2\/comments?post=3183"}],"version-history":[{"count":4,"href":"https:\/\/cre.church.mt\/mt\/wp-json\/wp\/v2\/pages\/3183\/revisions"}],"predecessor-version":[{"id":5392,"href":"https:\/\/cre.church.mt\/mt\/wp-json\/wp\/v2\/pages\/3183\/revisions\/5392"}],"wp:featuredmedia":[{"embeddable":true,"href":"https:\/\/cre.church.mt\/mt\/wp-json\/wp\/v2\/media\/3180"}],"wp:attachment":[{"href":"https:\/\/cre.church.mt\/mt\/wp-json\/wp\/v2\/media?parent=3183"}],"curies":[{"name":"wp","href":"https:\/\/api.w.org\/{rel}","templated":true}]}}